{"id":113,"date":"2014-11-11T23:54:52","date_gmt":"2014-11-11T22:54:52","guid":{"rendered":"http:\/\/skogobete.se\/?page_id=113"},"modified":"2016-06-10T09:45:12","modified_gmt":"2016-06-10T07:45:12","slug":"arsredovisning-2004","status":"publish","type":"page","link":"https:\/\/skogobete.se\/?page_id=113","title":{"rendered":"\u00c5rsredovisning 2004"},"content":{"rendered":"<p><span class=\"rubrik\">2004<\/span><\/p>\n<p><span class=\"mellanrubrik\"><span style=\"font-family: Verdana, Arial, Helvetica, sans-serif;\"><b>Ordinarie \u00c5rsm\u00f6te\/V\u00e5rm\u00f6te 2004<\/b><\/span><span style=\"font-family: Verdana, Arial, Helvetica, sans-serif; font-size: small;\"><br \/>\n<\/span><\/span><span style=\"font-family: Verdana, Arial, Helvetica, sans-serif; font-size: small;\"><br \/>\n<\/span><span class=\"table\"><span style=\"font-family: Verdana, Arial, Helvetica, sans-serif;\">Den 1 juni h\u00f6ll f\u00f6reningen ordinarie \u00e5rsm\u00f6te. Plats: Eker\u00f6dsrasten vid v\u00e4g E22 norr om H\u00f6rby.<br \/>\nN\u00e4rvarande var 47 medlemmar.<br \/>\nTill ordf\u00f6rande f\u00f6r f\u00f6reningen omvaldes Carl von Friesendorff, Veber\u00f6d.<br \/>\nTill ledam\u00f6ter i styrelsen valdes Fredrik Wachtmeister, K\u00e5ger\u00f6d (omval),<br \/>\nLena Lannerheim, H\u00f6rby (nyval)<br \/>\nEva Nilsson, H\u00f6\u00f6r (fyllnadsval 1 \u00e5r).<br \/>\n\u00d6vriga ledam\u00f6ter i styrelsen \u00e4r: Kjell Nystr\u00f6m, H\u00f6rby,<br \/>\nJan Linder, Skogsstyrelsen S\u00f6dra G\u00f6taland (utsedd av Skogsstyrelsen)<br \/>\nB\u00f6rje Emilsson, Hush\u00e5llningss\u00e4llskapet (utsedd av Hush\u00e5llningss\u00e4llskapet).<br \/>\n<\/span><\/span><span style=\"font-family: Verdana, Arial, Helvetica, sans-serif; font-size: small;\"><br \/>\n<\/span><span class=\"table\"><span style=\"font-family: Verdana, Arial, Helvetica, sans-serif;\">Hederspriser utdelades.<\/span><\/span><\/p>\n<p><span class=\"table\"><span style=\"font-family: Verdana, Arial, Helvetica, sans-serif;\"><b>Pristagare Sk\u00e5nska dagbladets hederspris 2004<\/b><\/span><\/span><span style=\"font-family: Verdana, Arial, Helvetica, sans-serif; font-size: small;\"><br \/>\n<span class=\"table\">Stig-Lennart Sj\u00f6berg, LUND<\/span><\/span><\/p>\n<p><span class=\"table\"><b>Pristagare Sk\u00e5nes Skogs- och Betesv\u00e5rdsf\u00f6renings hederspris 2004<\/b><br \/>\nSten och Inga J\u00f6nsson, GLIM\u00c5KRA<\/span><\/p>\n<p><a title=\"Hederspriser 2004\" href=\"http:\/\/skogobete.se\/?page_id=58\">L\u00e4s motiveringarna h\u00e4r&gt;&gt;<\/a><\/p>\n<p>Efter \u00e5rsm\u00f6tet och utdelning av hederspriser vidtog v\u00e5rm\u00f6tets \u00f6vriga program 2004.<span style=\"font-size: small;\"><br \/>\n<\/span><span style=\"font-size: small;\"><span class=\"table stil1\"><br \/>\n<\/span><\/span><span class=\"table\">Tema f\u00f6r dagen var <\/span><span class=\"table_fet\"><b>Effektiv h\u00e4nsyn och effektiv produktion i certifierad skog<\/b>.<\/span><span class=\"table\"><br \/>\nF\u00f6r att belysa denna fr\u00e5ga och klarg\u00f6ra skillnader i certifieringssystem var s\u00e4rskilt inbjudna fr\u00e5n Sydved, J\u00f6nk\u00f6ping Stefan Bucht som informerade om FSC certifieringssystem samt fr\u00e5n S\u00f6dra i V\u00e4xj\u00f6, Mats Sandgren som klargjorde vad PEFC certifieringssystem st\u00e5r f\u00f6r.<\/span><\/p>\n<p>F\u00f6re lunch fick vi en information om br\u00f6derna Risbergs verksamhet med k\u00f6ttdjur i kombination med Eker\u00f6dsrasten.<\/p>\n<p>Efter lunch vidtog exkursion p\u00e5 Hush\u00e5llningss\u00e4llskapets fastighet Sj\u00f6rup, vid Bosarpssj\u00f6n, under ledning av B\u00f6rje Emilsson och med hj\u00e4lp av Ceno Wendel fr\u00e5n S\u00f6dra och Sune Tagesson fr\u00e5n Skogsstyrelsen. Eftermiddagen syftade till att klarg\u00f6ra den praktiska till\u00e4mpningen av f\u00f6rmiddagens f\u00f6redrag.<\/p>\n<p><span class=\"table stil1\"><br \/>\n<span style=\"font-size: small;\"><b class=\"mellanrubrik\">H\u00f6stm\u00f6te 2004<\/b><\/span><\/span><\/p>\n<p><span class=\"table\">Torsdagen den 4 november h\u00f6ll f\u00f6reningen h\u00f6stm\u00f6te. Plats: Dalby G\u00e4stis, Dalby.<br \/>\nM\u00f6tet b\u00f6rjade med traditionell fika. N\u00e4rvarande var cirka 50 medlemmar.<\/span><\/p>\n<p>Dagens tema var <span class=\"table_fet\"><b class=\"stil7\">L\u00e4rk i Sk\u00e5ne<\/b>.<\/span><span class=\"table\"> F\u00f6r att f\u00f6rtydliga dagens fr\u00e5gest\u00e4llning hade inbjudits Jesper S\u00f6rensen, f\u00f6rvaltare p\u00e5 Bj\u00f6rnstorp, f\u00f6r att prata kring Skogsbruk p\u00e5 Bj\u00f6rnstorp, Per-Magnus Ek\u00f6, SLU, Alnarp f\u00f6r att utveckla dagens Forskning p\u00e5 L\u00e4rk samt Jens Bjerregaard f.d. f\u00f6rvaltare p\u00e5 Bj\u00f6rnstorp f\u00f6r att prata om L\u00e4rk p\u00e5 Bj\u00f6rnstorp.<br \/>\nF\u00f6r att f\u00f6rtydliga F\u00f6r\u00e4dling av l\u00e4rkvirke och efterfr\u00e5gan hade inbjudits G\u00f6ran Granefelt, M\u00f6ckelngruppen AB.<br \/>\nEftersom Nya regelverk \u00e4r aktuella betr\u00e4ffande betesmarker hade Lars Hellstr\u00f6m, Hush\u00e5llningss\u00e4llskapet inbjudits f\u00f6r att f\u00f6rtydliga denna fr\u00e5ga.<\/span><\/p>\n<p>Efter lunch vidtog exkursion p\u00e5 Bj\u00f6rnstorps gods under ledning av Jens Bjerregaard. Exkursionen hade som huvudsyfte att ta upp L\u00e4rkf\u00f6ryngringar i olika \u00e5ldrar p\u00e5 Bj\u00f6rnstorp samt att konkretisera dessa fr\u00e5gor med h\u00e4nsyn till f\u00f6rmiddagens diskussioner men ber\u00f6rde \u00e4ven odling av pyntegr\u00f6nt, sk\u00f6tsel av \u00e4dell\u00f6vskog anlagd med statsbidrag mm.<\/p>\n<p><span class=\"mellanrubrik\"><span style=\"font-family: Verdana, Arial, Helvetica, sans-serif;\"><b>Styrelsem\u00f6ten<\/b><\/span><\/span><\/p>\n<p><span style=\"font-family: Verdana, Arial, Helvetica, sans-serif;\">Styrelsen har under \u00e5r 2004 haft 3 m\u00f6ten. Den 13 januari p\u00e5 Skogsstyrelsens distriktskontor i H\u00f6\u00f6r, den 1 juni p\u00e5 Dalby G\u00e4stis i Dalby, styrelsem\u00f6te och konstituerande m\u00f6te samt den 5 augusti p\u00e5 Skogsstyrelsens distriktskontor i H\u00f6\u00f6r. Antalet medlemmar har under \u00e5ret varit 148, en minskning med 30.<br \/>\n<\/span><\/p>\n<p>&nbsp;<\/p>\n<table border=\"0\" width=\"100%\" cellspacing=\"0\" cellpadding=\"3\">\n<tbody>\n<tr>\n<td class=\"table\" width=\"68%\"><span class=\"table_fet\" style=\"font-family: Verdana, Arial, Helvetica, sans-serif;\"><b>F\u00f6reningens styrelse 2004<\/b><\/span><\/td>\n<td class=\"table_fet\" width=\"32%\"><span style=\"font-family: Verdana, Arial, Helvetica, sans-serif;\"><b>Vald till \u00c5rsst\u00e4mman<\/b><\/span><\/td>\n<\/tr>\n<tr>\n<td class=\"table\"><span style=\"font-family: Verdana, Arial, Helvetica, sans-serif;\">Ordf\u00f6rande Carl von Friesendorff, Veber\u00f6d<\/span><\/td>\n<td class=\"table\"><span style=\"font-family: Verdana, Arial, Helvetica, sans-serif;\">2004-2005<\/span><\/td>\n<\/tr>\n<tr>\n<td class=\"table\"><span style=\"font-family: Verdana, Arial, Helvetica, sans-serif;\">Vice ordf. Fredrik Wachtmeister, K\u00e5ger\u00f6d<\/span><\/td>\n<td class=\"table\"><span style=\"font-family: Verdana, Arial, Helvetica, sans-serif;\">2004-2006<\/span><\/td>\n<\/tr>\n<tr>\n<td class=\"table\"><span style=\"font-family: Verdana, Arial, Helvetica, sans-serif;\">Lena Lannerheim, H\u00f6rby<\/span><\/td>\n<td class=\"table\"><span style=\"font-family: Verdana, Arial, Helvetica, sans-serif;\">2004-2006<\/span><\/td>\n<\/tr>\n<tr>\n<td class=\"table\"><span style=\"font-family: Verdana, Arial, Helvetica, sans-serif;\">Kjell Nystr\u00f6m, H\u00f6rby<\/span><\/td>\n<td class=\"table\"><span style=\"font-family: Verdana, Arial, Helvetica, sans-serif;\">2003-2005<\/span><\/td>\n<\/tr>\n<tr>\n<td class=\"table\"><span style=\"font-family: Verdana, Arial, Helvetica, sans-serif;\">Eva Nilsson, H\u00f6\u00f6r<\/span><\/td>\n<td class=\"table\"><span style=\"font-family: Verdana, Arial, Helvetica, sans-serif;\">2004-2005<\/span><\/td>\n<\/tr>\n<tr>\n<td class=\"table\" colspan=\"2\"><span style=\"font-family: Verdana, Arial, Helvetica, sans-serif;\">Jan Linder, Skogsstyrelsen S\u00f6dra G\u00f6taland, utsedd av Skogsstyrelsen.<\/span><\/td>\n<\/tr>\n<tr>\n<td class=\"table\" colspan=\"2\"><span style=\"font-family: Verdana, Arial, Helvetica, sans-serif;\">B\u00f6rje Emilsson, Hush\u00e5llningss\u00e4llskapet, Kristianstad, utsedd av Hush\u00e5llningss\u00e4llskapet.<\/span><\/td>\n<\/tr>\n<tr>\n<td class=\"table\" colspan=\"2\" height=\"0\"><img loading=\"lazy\" src=\"..\/images\/pixel.gif\" alt=\"\" width=\"1\" height=\"5\" \/><\/td>\n<\/tr>\n<\/tbody>\n<\/table>\n<table border=\"0\" width=\"100%\" cellspacing=\"0\" cellpadding=\"3\">\n<tbody>\n<tr>\n<td class=\"table\" width=\"68%\"><span style=\"font-family: Verdana, Arial, Helvetica, sans-serif;\"><b>Revisorer<\/b><\/span><\/td>\n<td width=\"32%\"><\/td>\n<\/tr>\n<tr>\n<td class=\"table\"><span style=\"font-family: Verdana, Arial, Helvetica, sans-serif;\">Bo Johansson, H\u00f6\u00f6r<\/span><\/td>\n<td class=\"table\"><span style=\"font-family: Verdana, Arial, Helvetica, sans-serif;\">2004-2005<\/span><\/td>\n<\/tr>\n<tr>\n<td class=\"table\"><span style=\"font-family: Verdana, Arial, Helvetica, sans-serif;\">Erik Persson, Hush\u00e5llningss\u00e4llskapet, Borgeby (utsedd av Hush\u00e5llningss\u00e4llskapet.)<\/span><\/td>\n<td class=\"table\"><span style=\"font-family: Verdana, Arial, Helvetica, sans-serif;\">2004-2005<\/span><\/td>\n<\/tr>\n<tr>\n<td><\/td>\n<td><\/td>\n<\/tr>\n<tr>\n<td class=\"table_fet\"><span style=\"font-family: Verdana, Arial, Helvetica, sans-serif;\"><b>Suppleanter<\/b><\/span><\/td>\n<td><\/td>\n<\/tr>\n<tr>\n<td class=\"table\"><span style=\"font-family: Verdana, Arial, Helvetica, sans-serif;\">Hans Nilsson, Kristianstad<\/span><\/td>\n<td class=\"table\"><span style=\"font-family: Verdana, Arial, Helvetica, sans-serif;\">2004-2005<\/span><\/td>\n<\/tr>\n<tr>\n<td class=\"table\"><span style=\"font-family: Verdana, Arial, Helvetica, sans-serif;\">Ann-Britt Karlsson, Hush\u00e5llningss\u00e4llskapet, Borgeby, (utsedd av Hush\u00e5llningss\u00e4llskapet)<\/span><\/td>\n<td class=\"table\"><span style=\"font-family: Verdana, Arial, Helvetica, sans-serif;\">2004-2005<\/span><\/td>\n<\/tr>\n<tr>\n<td><\/td>\n<td><\/td>\n<\/tr>\n<tr>\n<td class=\"table\"><span style=\"font-family: Verdana, Arial, Helvetica, sans-serif;\"><b>F\u00f6reningens sekreterare<\/b><\/span><\/td>\n<td><\/td>\n<\/tr>\n<tr>\n<td class=\"table\" colspan=\"2\"><span style=\"font-family: Verdana, Arial, Helvetica, sans-serif;\">Roland Olsson, Skogsstyrelsen S\u00f6dra G\u00f6taland, H\u00f6\u00f6r<\/span><\/td>\n<\/tr>\n<tr>\n<td class=\"table\"><span style=\"font-family: Verdana, Arial, Helvetica, sans-serif; font-size: small;\">\u00a0<\/span><\/td>\n<td><\/td>\n<\/tr>\n<tr>\n<td class=\"table_fet\" colspan=\"2\"><span style=\"font-family: Verdana, Arial, Helvetica, sans-serif;\"><b>F\u00f6reningens kassaf\u00f6rvaltare samt f\u00f6rare av medlemsregister<\/b><\/span><\/td>\n<\/tr>\n<tr>\n<td class=\"table\"><span style=\"font-family: Verdana, Arial, Helvetica, sans-serif;\">Hush\u00e5llningss\u00e4llskapet, B\u00f6rje Emilsson, Kristianstad<\/span><\/td>\n<td><\/td>\n<\/tr>\n<tr>\n<td><\/td>\n<td><\/td>\n<\/tr>\n<tr>\n<td class=\"table_fet\"><span style=\"font-family: Verdana, Arial, Helvetica, sans-serif;\"><b>Valberedning<\/b><\/span><\/td>\n<td><\/td>\n<\/tr>\n<tr>\n<td class=\"table\"><span style=\"font-family: Verdana, Arial, Helvetica, sans-serif;\">Ulf Lundqvist, Ekeby<\/span><\/td>\n<td class=\"table\"><span style=\"font-family: Verdana, Arial, Helvetica, sans-serif;\">2004-2005<\/span><\/td>\n<\/tr>\n<tr>\n<td class=\"table\"><span style=\"font-family: Verdana, Arial, Helvetica, sans-serif;\">Glenn Oredsson, H\u00e4ssleholm<\/span><\/td>\n<td class=\"table\"><span style=\"font-family: Verdana, Arial, Helvetica, sans-serif;\">2004-2005<\/span><\/td>\n<\/tr>\n<tr>\n<td><\/td>\n<td><\/td>\n<\/tr>\n<tr>\n<td class=\"table_fet\"><span style=\"font-family: Verdana, Arial, Helvetica, sans-serif;\"><b>Hedersledam\u00f6ter<\/b><\/span><\/td>\n<td><\/td>\n<\/tr>\n<tr>\n<td class=\"table\" colspan=\"2\"><span style=\"font-family: Verdana, Arial, Helvetica, sans-serif;\">F.d. ordf\u00f6rande Friherre Bengt Bennet, Helsingborg<\/span><\/td>\n<\/tr>\n<tr>\n<td class=\"table\" colspan=\"2\"><span style=\"font-family: Verdana, Arial, Helvetica, sans-serif;\">F.d. ordf\u00f6rande och l\u00e4nsr\u00e5d Lennart Linder-Aronson, Malm\u00f6<\/span><\/td>\n<\/tr>\n<\/tbody>\n<\/table>\n<p>&nbsp;<\/p>\n<p>&nbsp;<\/p>\n","protected":false},"excerpt":{"rendered":"<p>2004 Ordinarie \u00c5rsm\u00f6te\/V\u00e5rm\u00f6te 2004 Den 1 juni h\u00f6ll f\u00f6reningen ordinarie \u00e5rsm\u00f6te. Plats: Eker\u00f6dsrasten vid v\u00e4g E22 norr om H\u00f6rby. N\u00e4rvarande var 47 medlemmar. Till ordf\u00f6rande f\u00f6r f\u00f6reningen omvaldes Carl von Friesendorff, Veber\u00f6d. Till ledam\u00f6ter i styrelsen valdes Fredrik Wachtmeister, K\u00e5ger\u00f6d (omval), Lena Lannerheim, H\u00f6rby (nyval) Eva Nilsson, H\u00f6\u00f6r (fyllnadsval 1 \u00e5r). \u00d6vriga ledam\u00f6ter i styrelsen [&hellip;]<\/p>\n","protected":false},"author":1,"featured_media":0,"parent":486,"menu_order":0,"comment_status":"closed","ping_status":"closed","template":"","meta":[],"_links":{"self":[{"href":"https:\/\/skogobete.se\/index.php?rest_route=\/wp\/v2\/pages\/113"}],"collection":[{"href":"https:\/\/skogobete.se\/index.php?rest_route=\/wp\/v2\/pages"}],"about":[{"href":"https:\/\/skogobete.se\/index.php?rest_route=\/wp\/v2\/types\/page"}],"author":[{"embeddable":true,"href":"https:\/\/skogobete.se\/index.php?rest_route=\/wp\/v2\/users\/1"}],"replies":[{"embeddable":true,"href":"https:\/\/skogobete.se\/index.php?rest_route=%2Fwp%2Fv2%2Fcomments&post=113"}],"version-history":[{"count":2,"href":"https:\/\/skogobete.se\/index.php?rest_route=\/wp\/v2\/pages\/113\/revisions"}],"predecessor-version":[{"id":489,"href":"https:\/\/skogobete.se\/index.php?rest_route=\/wp\/v2\/pages\/113\/revisions\/489"}],"up":[{"embeddable":true,"href":"https:\/\/skogobete.se\/index.php?rest_route=\/wp\/v2\/pages\/486"}],"wp:attachment":[{"href":"https:\/\/skogobete.se\/index.php?rest_route=%2Fwp%2Fv2%2Fmedia&parent=113"}],"curies":[{"name":"wp","href":"https:\/\/api.w.org\/{rel}","templated":true}]}}