{"id":150,"date":"2014-11-26T16:16:23","date_gmt":"2014-11-26T15:16:23","guid":{"rendered":"http:\/\/skogobete.se\/?page_id=150"},"modified":"2014-11-28T08:21:54","modified_gmt":"2014-11-28T07:21:54","slug":"hederspriser-2014","status":"publish","type":"page","link":"https:\/\/skogobete.se\/?page_id=150","title":{"rendered":"Hederspriser 2014"},"content":{"rendered":"<h1>Sk\u00e5nska Dagbladets Hederspris 2014<\/h1>\n<p>&nbsp;<\/p>\n<h2><strong>Esben M\u00f6ller Madsen<\/strong><\/h2>\n<p>&nbsp;<\/p>\n<p>J\u00e4gm\u00e4stare och ansvarig f\u00f6r Sk\u00e5neskogens Utvecklings AB. Bolaget ansvarar f\u00f6r skogarna p\u00e5 godsen Trolleholm, Knutstorp, Maltesholm, Barseb\u00e4ck m. fl.<\/p>\n<p>&nbsp;<\/p>\n<p>Esben kom fr\u00e5n Danmark till Sk\u00e5ne f\u00f6r att bli godsf\u00f6rvaltare p\u00e5 Trolleholm i mitten av 1980-talet. 1990 startades ett samarbete med Knutstorps Skog och i b\u00f6rjan av 2000-talet ansl\u00f6ts Maltesholms gods. F\u00f6rvaltningsuppdragen inneb\u00e4r att arealen nu \u00e4r cirka 10 000 hektar.<\/p>\n<p>&nbsp;<\/p>\n<p>Esben har under alla dessa \u00e5r varit en ivrig debatt\u00f6r i skogsfr\u00e5gor i Sk\u00e5ne och Danmark. I alla de fr\u00e5gor han har engagerat sig har han \u00e4ven utf\u00f6rt f\u00f6rs\u00f6k i skogen och h\u00e4rvid testat sina nya id\u00e9er. De lyckade har utvecklats till praxis inom f\u00f6rvaltningen. Exempel p\u00e5 nyt\u00e4nkande \u00e4r<\/p>\n<ul>\n<li>att man genom hyggesvila och kraftig markberedning klarar snytbaggen utan kemiska preparat<\/li>\n<li>att anv\u00e4nda nya tr\u00e4dslag som klara det nya klimatet b\u00e4ttre \u00e4n r\u00f6dgran<\/li>\n<li>att \u00f6ka fastigheterna riskspridning med julgranar och pyntegr\u00f6nt<\/li>\n<li>att s\u00e4nka planteringskostnaden genom att anv\u00e4nda mindre plantor<\/li>\n<li>att st\u00e5ndortsanpassa med hj\u00e4lp av klassiska tr\u00e4dslag som ek och al<\/li>\n<li>att genom noggrann sk\u00f6tsel s\u00e4kra h\u00f6g kvalitet p\u00e5 skogsr\u00e5varan<\/li>\n<li>att genom stamkvistning \u00f6ka v\u00e4rdet p\u00e5 ek, l\u00e4rk och douglas<\/li>\n<li>att genom fasta k\u00f6rsp\u00e5r och noggrann risning minimera k\u00f6rskadorna i best\u00e5nden.<\/li>\n<\/ul>\n<p>&nbsp;<\/p>\n<p>Det som kommer att vara det mest l\u00e5ngsiktiga beviset p\u00e5 denna skogsmannag\u00e4rning \u00e4r att Esben \u00e4r den skogsf\u00f6rvaltare som planterat mest ekskogar i Sverige i modern tid.<\/p>\n<p>&nbsp;<\/p>\n<p>F\u00f6rslagsst\u00e4llare. Carl von Friesendorff<\/p>\n<p>&nbsp;<\/p>\n<p>&#8212;&#8212;&#8212;&#8212;&#8212;&#8212;&#8212;&#8212;&#8212;&#8212;&#8212;&#8212;&#8212;&#8212;&#8212;&#8212;&#8212;&#8212;&#8212;&#8212;&#8212;&#8212;&#8212;&#8212;&#8212;&#8212;&#8212;&#8212;&#8212;&#8212;&#8212;&#8212;&#8212;&#8212;&#8212;&#8212;-<\/p>\n<p><strong>\u00a0<\/strong><\/p>\n<h1><strong>Sk\u00e5nes Skogs- och Betesv\u00e5rdsf\u00f6renings Hederspris 2014<\/strong><\/h1>\n<h2>Assar Nilsson, Hyllstofta 6692, 264 93 Klippan<\/h2>\n<p><strong>Fastighetsuppgifter: <\/strong><\/p>\n<p>Hyllstofta 42:1 i Klippans kommun.<\/p>\n<p>Areal 135 ha totalt.<\/p>\n<p><strong>Motivering:<\/strong><\/p>\n<p>Assar Nilsson \u00e4r uppv\u00e4xt p\u00e5 sl\u00e4ktg\u00e5rden i Hyllstofta. Denna har varit i sl\u00e4ktens \u00e4go sedan b\u00f6rjan av 1800 talet. Assar har p\u00e5 ett f\u00f6red\u00f6mligt s\u00e4tt v\u00e5rdat landskapet med sina betesdjur och f\u00f6rsiktiga skogsbruk. Assar \u00e4r pension\u00e4r men \u00e4nd\u00e5 en aktiv skogsentrepren\u00f6r som tar stor h\u00e4nsyn till b\u00e5de natur och kulturv\u00e4rden. Fastigheten \u00e4r bel\u00e4gen vid den vackra B\u00e4ljande \u00e5 d\u00e4r havsvandrande lax och havs\u00f6ring bl.a. har lekbottnar att tillg\u00e5.<\/p>\n<p>Fastigheten som Assar f\u00f6rvaltar \u00e4r totalt c:a 135 ha varav 87 ha \u00e4r skog och 40 ha \u00e4r \u00e5ker och bete. Assar har det senaste \u00e5ret anlagt en ny ekplantering d\u00e4r han med hj\u00e4lp av sin gr\u00e4vmaskin och skotare sj\u00e4lva har h\u00e4gnat och planterat ny ekskog som han v\u00e5rdar \u00f6mt med gr\u00e4srensningar. Han har \u00e4ven s\u00f6kt st\u00f6d fr\u00e5n Landsbygdsprogrammet f\u00f6r att frihugga gamla ekar och reparera en gammal jordk\u00e4llare. Det kan \u00e4ven n\u00e4mnas att det finns skogslind p\u00e5 n\u00e5gra st\u00e4llen p\u00e5 fastigheten vilket inte \u00e4r s\u00e5 vanligt.<\/p>\n<p>Som ett f\u00f6red\u00f6me f\u00f6r andra hur man v\u00e5rdar landskapet med b\u00e5de betesdrift och skogsbruk i samklang med natur och kulturv\u00e4rden \u00e4r Assar v\u00e4l v\u00e4rd Skogs och betesv\u00e5rdsf\u00f6reningens pris.<\/p>\n<p>F\u00f6rslagsst\u00e4llare Fredrik Broberg<\/p>\n<p><strong>\u00a0<\/strong><\/p>\n<p><strong>\u00a0<\/strong><\/p>\n<p><strong>\u00a0<\/strong><\/p>\n<p><strong>&#8212;&#8212;&#8212;&#8212;&#8212;&#8212;&#8212;&#8212;&#8212;&#8212;&#8212;&#8212;&#8212;&#8212;&#8212;&#8212;&#8212;&#8212;&#8212;&#8212;&#8212;&#8212;&#8212;&#8212;&#8212;&#8212;&#8212;&#8212;&#8212;&#8212;&#8212;&#8212;&#8212;&#8212;&#8212;&#8212;&#8212;-<\/strong><\/p>\n<p><strong>\u00a0<\/strong><\/p>\n<p>Esben M\u00f6ller Madsen och Assar Nilsson \u00e4r b\u00e5da v\u00e4rdiga mottagare av Sk\u00e5nska Dagbladets resp. Sk\u00e5nes Skogs- och Betesv\u00e5rdsf\u00f6renings hederspris.<\/p>\n<p>&nbsp;<\/p>\n<p>&nbsp;<\/p>\n<p>F\u00f6reningens ordf\u00f6rande<\/p>\n<p>Carl von Friesendorff<\/p>\n","protected":false},"excerpt":{"rendered":"<p>Sk\u00e5nska Dagbladets Hederspris 2014 &nbsp; Esben M\u00f6ller Madsen &nbsp; J\u00e4gm\u00e4stare och ansvarig f\u00f6r Sk\u00e5neskogens Utvecklings AB. Bolaget ansvarar f\u00f6r skogarna p\u00e5 godsen Trolleholm, Knutstorp, Maltesholm, Barseb\u00e4ck m. fl. &nbsp; Esben kom fr\u00e5n Danmark till Sk\u00e5ne f\u00f6r att bli godsf\u00f6rvaltare p\u00e5 Trolleholm i mitten av 1980-talet. 1990 startades ett samarbete med Knutstorps Skog och i b\u00f6rjan [&hellip;]<\/p>\n","protected":false},"author":6,"featured_media":0,"parent":55,"menu_order":0,"comment_status":"open","ping_status":"closed","template":"","meta":[],"_links":{"self":[{"href":"https:\/\/skogobete.se\/index.php?rest_route=\/wp\/v2\/pages\/150"}],"collection":[{"href":"https:\/\/skogobete.se\/index.php?rest_route=\/wp\/v2\/pages"}],"about":[{"href":"https:\/\/skogobete.se\/index.php?rest_route=\/wp\/v2\/types\/page"}],"author":[{"embeddable":true,"href":"https:\/\/skogobete.se\/index.php?rest_route=\/wp\/v2\/users\/6"}],"replies":[{"embeddable":true,"href":"https:\/\/skogobete.se\/index.php?rest_route=%2Fwp%2Fv2%2Fcomments&post=150"}],"version-history":[{"count":3,"href":"https:\/\/skogobete.se\/index.php?rest_route=\/wp\/v2\/pages\/150\/revisions"}],"predecessor-version":[{"id":156,"href":"https:\/\/skogobete.se\/index.php?rest_route=\/wp\/v2\/pages\/150\/revisions\/156"}],"up":[{"embeddable":true,"href":"https:\/\/skogobete.se\/index.php?rest_route=\/wp\/v2\/pages\/55"}],"wp:attachment":[{"href":"https:\/\/skogobete.se\/index.php?rest_route=%2Fwp%2Fv2%2Fmedia&parent=150"}],"curies":[{"name":"wp","href":"https:\/\/api.w.org\/{rel}","templated":true}]}}