{"id":161,"date":"2014-11-28T08:50:13","date_gmt":"2014-11-28T07:50:13","guid":{"rendered":"http:\/\/skogobete.se\/?page_id=161"},"modified":"2023-11-09T11:24:25","modified_gmt":"2023-11-09T10:24:25","slug":"genomforda","status":"publish","type":"page","link":"https:\/\/skogobete.se\/?page_id=161","title":{"rendered":"Genomf\u00f6rda"},"content":{"rendered":"<p><strong>L\u00e4s mer om genomf\u00f6rda aktiviteter under respektive flik<\/strong><\/p>\n<p>&nbsp;<\/p>\n","protected":false},"excerpt":{"rendered":"<p>L\u00e4s mer om genomf\u00f6rda aktiviteter under respektive flik &nbsp;<\/p>\n","protected":false},"author":6,"featured_media":0,"parent":37,"menu_order":0,"comment_status":"closed","ping_status":"open","template":"","meta":[],"_links":{"self":[{"href":"https:\/\/skogobete.se\/index.php?rest_route=\/wp\/v2\/pages\/161"}],"collection":[{"href":"https:\/\/skogobete.se\/index.php?rest_route=\/wp\/v2\/pages"}],"about":[{"href":"https:\/\/skogobete.se\/index.php?rest_route=\/wp\/v2\/types\/page"}],"author":[{"embeddable":true,"href":"https:\/\/skogobete.se\/index.php?rest_route=\/wp\/v2\/users\/6"}],"replies":[{"embeddable":true,"href":"https:\/\/skogobete.se\/index.php?rest_route=%2Fwp%2Fv2%2Fcomments&post=161"}],"version-history":[{"count":14,"href":"https:\/\/skogobete.se\/index.php?rest_route=\/wp\/v2\/pages\/161\/revisions"}],"predecessor-version":[{"id":644,"href":"https:\/\/skogobete.se\/index.php?rest_route=\/wp\/v2\/pages\/161\/revisions\/644"}],"up":[{"embeddable":true,"href":"https:\/\/skogobete.se\/index.php?rest_route=\/wp\/v2\/pages\/37"}],"wp:attachment":[{"href":"https:\/\/skogobete.se\/index.php?rest_route=%2Fwp%2Fv2%2Fmedia&parent=161"}],"curies":[{"name":"wp","href":"https:\/\/api.w.org\/{rel}","templated":true}]}}