{"id":19,"date":"2014-10-27T22:12:40","date_gmt":"2014-10-27T21:12:40","guid":{"rendered":"http:\/\/skogobete.se\/?page_id=19"},"modified":"2016-07-29T09:44:48","modified_gmt":"2016-07-29T07:44:48","slug":"stadgar","status":"publish","type":"page","link":"https:\/\/skogobete.se\/?page_id=19","title":{"rendered":"Stadgar"},"content":{"rendered":"<p><em>(Reviderad upplaga 2016-05-24. Antagna vid ordinarie f\u00f6reningsst\u00e4mma den 1 juni 2010.)<\/em><\/p>\n<p>&nbsp;<\/p>\n<p><strong>Verksamhetsomr\u00e5de<\/strong><\/p>\n<p>\u00a7 1<\/p>\n<p>Sk\u00e5nes Skogs- och Betesv\u00e5rdsf\u00f6rening \u00e4r en ideell f\u00f6rening som har hela Sk\u00e5ne som sitt verksamhetsomr\u00e5de. Dess styrelse skall ha sitt s\u00e4te i anslutning till Hush\u00e5llningss\u00e4llskapets kontor i Borgeby.<\/p>\n<p><strong>\u00c4ndam\u00e5l<\/strong><\/p>\n<p>\u00a7 2<\/p>\n<p>F\u00f6reningens verksamhet har till \u00e4ndam\u00e5l:<\/p>\n<ul>\n<li>Att fr\u00e4mja det ekonomiska utnyttjandet av skogs- och betesmarker genom att sprida praktisk och teoretisk upplysning om grunderna och medlen f\u00f6r en rationell skogs- och betesv\u00e5rd.<\/li>\n<li>Att genom samarbete med Skogsstyrelsen och l\u00e4nets Hush\u00e5llningss\u00e4llskap arbeta f\u00f6r god skogssk\u00f6tsel och betesv\u00e5rd.<\/li>\n<li>Att bist\u00e5 skogs\u00e4gare med r\u00e5d och upplysningar om skogsprodukternas utnyttjande.<\/li>\n<li>Att i m\u00e5n av ekonomiska tillg\u00e5ngar underst\u00f6dja god skogsv\u00e5rd och betesv\u00e5rd.<\/li>\n<li>Att i \u00f6vrigt fr\u00e4mja medlemmarnas intressen s\u00e5som \u00e4gare av skogs- och betesmarker.<\/li>\n<\/ul>\n<p><strong>Medlemskap<\/strong><\/p>\n<p>\u00a7 3<\/p>\n<p>Till medlem av F\u00f6reningen kan antas varje person, f\u00f6retag eller institution, som anm\u00e4ler sitt intr\u00e4de i F\u00f6reningen och erl\u00e4gger stadgad avgift. Medlem erl\u00e4gger \u00e5rligen avgift som best\u00e4mmes av \u00e5rsm\u00f6tet.\u00a0<strong>\u00a0<\/strong><strong>\u00a0<\/strong><\/p>\n<p><strong>Styrelsen och dess \u00e5ligganden<\/strong><\/p>\n<p>\u00a7 4<\/p>\n<p><strong>\u00a0<\/strong>F\u00f6reningens angel\u00e4genheter handhas av en styrelse som best\u00e5r av 7 &#8211; 9 ledam\u00f6ter. \u00c5rsm\u00f6tet v\u00e4ljer \u00e5rligen ordf\u00f6rande. Hush\u00e5llningss\u00e4llskapet och Skogsstyrelsen m\u00e5 utse en ledamot vardera och \u00f6vriga ledam\u00f6ter v\u00e4ljs p\u00e5 tv\u00e5 \u00e5r av \u00e5rsm\u00f6tet. Av styrelsens ledam\u00f6ter avg\u00e5r ena \u00e5ret minst h\u00e4lften, andra \u00e5ret \u00e5terstoden.<\/p>\n<p>\u00a7 5<\/p>\n<p>Styrelsen utser sekreterare, kassaf\u00f6rvaltare och vid behov \u00f6vriga funktion\u00e4rer. D\u00e4rj\u00e4mte kan styrelsen tills\u00e4tta ett arbetsutskott best\u00e5ende av medlemmar inom eller utom styrelsen. Styrelsen \u00e4r beslutsm\u00e4ssig d\u00e5 minst h\u00e4lften av ledam\u00f6terna \u00e4r n\u00e4rvarande.<\/p>\n<p>\u00a7 6<\/p>\n<p>F\u00f6reningens styrelse har till uppgift:<\/p>\n<ul>\n<li>Att leda F\u00f6reningens verksamhet samt att tillse att F\u00f6reningens i \u00a7 2 angivna \u00e4ndam\u00e5l i st\u00f6rsta m\u00f6jliga utstr\u00e4ckning f\u00f6ljs.<\/li>\n<li>Att uppr\u00e4tta och f\u00f6redraga f\u00f6rslag till arbetsplan vid F\u00f6reningens \u00e5rsm\u00f6te.<\/li>\n<li>Att handha och ansvara f\u00f6r F\u00f6reningens tillg\u00e5ngar och f\u00f6ra r\u00e4kenskaper \u00f6ver dessa.<\/li>\n<li>Att f\u00f6ra fullst\u00e4ndig medlemsmatrikel.<\/li>\n<li>Att i \u00f6vrigt p\u00e5 allt s\u00e4tt s\u00f6ka fr\u00e4mja F\u00f6reningens verksamhet.<\/li>\n<\/ul>\n<p><strong>Revision<br \/>\n<\/strong><\/p>\n<p>\u00a7\u00a07<\/p>\n<p>F\u00f6reningens r\u00e4kenskaper skall granskas av tv\u00e5 f\u00f6r en tid av ett \u00e5r valda revisorer. L\u00e4nets Hush\u00e5llningss\u00e4llskap skall utse en revisor och den andre v\u00e4ljs av \u00e5rsst\u00e4mman. P\u00e5 samma s\u00e4tt och f\u00f6r samma tid utses tv\u00e5 revisorssuppleanter.<br \/>\n<span style=\"font-family: Verdana, Arial, Helvetica, sans-serif;\">R\u00e4kenskaperna skall f\u00f6ras per kalender\u00e5r och f\u00f6religga avslutade senast den 31 mars, revisionen skall vara verkst\u00e4lld f\u00f6re april m\u00e5nads utg\u00e5ng.<\/span><br \/>\n<span style=\"font-family: Verdana, Arial, Helvetica, sans-serif;\">Vid revisionen skall f\u00f6religga av styrelsen avgiven ber\u00e4ttelse \u00f6ver F\u00f6reningens r\u00e4kenskaper, i vilken ansvarsfrihet tillstyrkes eller avstyrkes.<\/span><\/p>\n<p><strong>Kallelse till f\u00f6reningssammantr\u00e4de<\/strong><\/p>\n<p>\u00a7 8<\/p>\n<p>Kallelse till f\u00f6reningssammantr\u00e4de skall utf\u00e4rdas minst tv\u00e5 veckor f\u00f6re sammantr\u00e4det. Andra meddelanden bringas till medlemmarnas k\u00e4nnedom genom annons eller p\u00e5 annat s\u00e4tt.<strong>\u00a0<\/strong><\/p>\n<p><strong>F\u00f6reningssammantr\u00e4de<\/strong><\/p>\n<p>\u00a7 9<\/p>\n<p>\u00c5rsm\u00f6te h\u00e5lls f\u00f6re juni m\u00e5nads utg\u00e5ng p\u00e5 dag och plats, som styrelsen \u00e4ger best\u00e4mma.\u00a0Vid \u00e5rsm\u00f6tet f\u00f6rekommer f\u00f6ljande \u00e4renden:<\/p>\n<ol>\n<li>Val av ordf\u00f6rande att leda \u00e5rsm\u00f6tet<\/li>\n<li>Val av sekreterare f\u00f6r \u00e5rsm\u00f6tet<\/li>\n<li>Val av tv\u00e5 justeringsm\u00e4n<\/li>\n<li>Justering av r\u00f6stl\u00e4ngd<\/li>\n<li>Styrelsens f\u00f6rvaltningsber\u00e4ttelse<\/li>\n<li>Revisorernas ber\u00e4ttelse<\/li>\n<li>Fr\u00e5ga om ansvarsfrihet f\u00f6r styrelsen<\/li>\n<li>Beslut om anv\u00e4ndning av \u00e5rets vinst eller t\u00e4ckande av m\u00f6jligen uppkommen f\u00f6rlust<\/li>\n<li>Fastst\u00e4llande av balansr\u00e4kning<\/li>\n<li>Beslut om avgift f\u00f6r n\u00e4stkommande verksamhets\u00e5r<\/li>\n<li>Styrelsens f\u00f6rslag till arbetsplan<\/li>\n<li>Best\u00e4mmande av arvoden och resekostnadsers\u00e4ttning \u00e5t styrelsen och revisorerna<\/li>\n<li>Fastst\u00e4llande av antalet ledam\u00f6ter i styrelsen<\/li>\n<li>Val av ordf\u00f6rande f\u00f6r ett \u00e5r<\/li>\n<li>Val av \u00f6vriga ledam\u00f6ter i styrelsen f\u00f6r tv\u00e5 \u00e5r<\/li>\n<li>Val av revisorer och revisorssuppleanter f\u00f6r ett \u00e5r<\/li>\n<li>Utse en ledamot av valberedningen f\u00f6r tre \u00e5r<\/li>\n<li>Styrelsens f\u00f6rslag och framst\u00e4llningar<\/li>\n<li>Fr\u00e5ga, som av medlem v\u00e4ckts genom skriftlig framst\u00e4llning till styrelsen minst 10 dagar f\u00f6re \u00e5rsm\u00f6tet.<\/li>\n<\/ol>\n<p><span style=\"font-family: Verdana, Arial, Helvetica, sans-serif;\">Vid \u00e5rsm\u00f6tet b\u00f6r styrelsen anordna minst ett f\u00f6redrag i \u00e4mne, som ber\u00f6r F\u00f6reningens verksamhet.<\/span><\/p>\n<p><span style=\"font-family: Verdana, Arial, Helvetica, sans-serif;\">Extra f\u00f6reningssammantr\u00e4de h\u00e5lls n\u00e4r styrelsen s\u00e5 finner n\u00f6dv\u00e4ndigt eller d\u00e5 minst 1\/10 av F\u00f6reningens medlemsantal h\u00e4rom skriftligen anh\u00e5ller hos styrelsen med angivande av \u00e4ndam\u00e5let med sammantr\u00e4det.<\/span><\/p>\n<p><span style=\"font-family: Verdana, Arial, Helvetica, sans-serif;\"> Vid f\u00f6reningssammantr\u00e4de har varje medlem en r\u00f6st.<\/span><\/p>\n<p><strong>Valberedningen<\/strong><\/p>\n<p>\u00a7 10<\/p>\n<p>Valberedningen best\u00e5r av tre ledam\u00f6ter, varav en sammankallande. Varje \u00e5r v\u00e4ljs en ledamot f\u00f6r en tid av tre \u00e5r. Den ledamot som sitter tredje \u00e5ret \u00e4r sammankallande.<\/p>\n<p><strong>Stadge\u00e4ndringar, f\u00f6reningens uppl\u00f6sning m.m.<\/strong><\/p>\n<p>\u00a7 11<\/p>\n<p>F\u00f6r stadge\u00e4ndring kr\u00e4vs beslut med enkel majoritet p\u00e5 ett \u00e5rsm\u00f6te. F\u00f6rslaget m\u00e5ste vara uts\u00e4nt eller p\u00e5 annat s\u00e4tt gjorts tillg\u00e4ngligt f\u00f6r medlemmarna minst tv\u00e5 veckor f\u00f6re \u00e5rsm\u00f6tet.<\/p>\n<p>\u00a7 12<\/p>\n<p>F\u00f6r att uppl\u00f6sa F\u00f6reningen kr\u00e4vs antingen 3\/4 majoritet p\u00e5 ett \u00e5rsm\u00f6te, eller enkel majoritet p\u00e5 tv\u00e5 p\u00e5 varandra f\u00f6ljande \u00e5rsm\u00f6ten. F\u00f6rslaget m\u00e5ste vara uts\u00e4nt eller p\u00e5 annat s\u00e4tt gjorts tillg\u00e4ngligt f\u00f6r medlemmarna minst tv\u00e5 veckor f\u00f6re \u00e5rsm\u00f6tet.<\/p>\n<p>Uppl\u00f6ses F\u00f6reningen, skall sedan F\u00f6reningens alla skulder blivit betalda, \u00e5terst\u00e5ende tillg\u00e5ngar \u00f6verl\u00e4mnas till Hush\u00e5llningss\u00e4llskapet i Sk\u00e5ne att anv\u00e4ndas f\u00f6r fr\u00e4mjande av skogs- och betesv\u00e5rden inom Sk\u00e5ne.<\/p>\n<p>\u00a7 13<\/p>\n<p>Om fr\u00e5gor uppkommer, som inte t\u00e4cks av dessa stadgar, ska g\u00e4llande lag om ideella f\u00f6reningar till\u00e4mpas.<\/p>\n<p>&nbsp;<\/p>\n","protected":false},"excerpt":{"rendered":"<p>(Reviderad upplaga 2016-05-24. Antagna vid ordinarie f\u00f6reningsst\u00e4mma den 1 juni 2010.) &nbsp; Verksamhetsomr\u00e5de \u00a7 1 Sk\u00e5nes Skogs- och Betesv\u00e5rdsf\u00f6rening \u00e4r en ideell f\u00f6rening som har hela Sk\u00e5ne som sitt verksamhetsomr\u00e5de. Dess styrelse skall ha sitt s\u00e4te i anslutning till Hush\u00e5llningss\u00e4llskapets kontor i Borgeby. \u00c4ndam\u00e5l \u00a7 2 F\u00f6reningens verksamhet har till \u00e4ndam\u00e5l: Att fr\u00e4mja det ekonomiska [&hellip;]<\/p>\n","protected":false},"author":1,"featured_media":436,"parent":0,"menu_order":0,"comment_status":"closed","ping_status":"closed","template":"","meta":[],"_links":{"self":[{"href":"https:\/\/skogobete.se\/index.php?rest_route=\/wp\/v2\/pages\/19"}],"collection":[{"href":"https:\/\/skogobete.se\/index.php?rest_route=\/wp\/v2\/pages"}],"about":[{"href":"https:\/\/skogobete.se\/index.php?rest_route=\/wp\/v2\/types\/page"}],"author":[{"embeddable":true,"href":"https:\/\/skogobete.se\/index.php?rest_route=\/wp\/v2\/users\/1"}],"replies":[{"embeddable":true,"href":"https:\/\/skogobete.se\/index.php?rest_route=%2Fwp%2Fv2%2Fcomments&post=19"}],"version-history":[{"count":10,"href":"https:\/\/skogobete.se\/index.php?rest_route=\/wp\/v2\/pages\/19\/revisions"}],"predecessor-version":[{"id":514,"href":"https:\/\/skogobete.se\/index.php?rest_route=\/wp\/v2\/pages\/19\/revisions\/514"}],"wp:featuredmedia":[{"embeddable":true,"href":"https:\/\/skogobete.se\/index.php?rest_route=\/wp\/v2\/media\/436"}],"wp:attachment":[{"href":"https:\/\/skogobete.se\/index.php?rest_route=%2Fwp%2Fv2%2Fmedia&parent=19"}],"curies":[{"name":"wp","href":"https:\/\/api.w.org\/{rel}","templated":true}]}}