{"id":24,"date":"2014-10-27T22:15:16","date_gmt":"2014-10-27T21:15:16","guid":{"rendered":"http:\/\/skogobete.se\/?page_id=24"},"modified":"2020-04-14T15:47:38","modified_gmt":"2020-04-14T13:47:38","slug":"bli-medlem","status":"publish","type":"page","link":"https:\/\/skogobete.se\/?page_id=24","title":{"rendered":"V\u00e4lkommen som medlem!"},"content":{"rendered":"<p><span class=\"table\"><span style=\"font-family: Verdana, Arial, Helvetica, sans-serif;\">Du \u00e4r hj\u00e4rtligt v\u00e4lkommen som medlem i Sk\u00e5nes Skogs- och Betesv\u00e5rdsf\u00f6rening. Vi \u00e4r till f\u00f6r dig som vill tr\u00e4ffa likasinnade under trevliga former d\u00e4r vi tillsammans kan \u00f6ka v\u00e5ra kunskaper om hur vi l\u00e5ngsiktigt och h\u00e5llbart ska kunna nyttja v\u00e5ra skogs- och betesresurser p\u00e5 b\u00e4sta s\u00e4tt. Med oss f\u00e5r du m\u00f6jligheten att<\/span><\/span><\/p>\n<ul>\n<li><span class=\"table\"><span style=\"font-family: Verdana, Arial, Helvetica, sans-serif;\">ta del av andras kunskaper<\/span><\/span><\/li>\n<li><span class=\"table\"><span style=\"font-family: Verdana, Arial, Helvetica, sans-serif;\">dela med dig av dina kunskaper och erfarenheter<\/span><\/span><\/li>\n<li><span class=\"table\"><span style=\"font-family: Verdana, Arial, Helvetica, sans-serif;\">testa de tankar och id\u00e9er du har mot andras tankar och erfarenheter<\/span><\/span><\/li>\n<\/ul>\n<p class=\"table\" align=\"left\">V\u00e5r verksamhet bedrivs i n\u00e4ra samarbete med Skogsstyrelsen och Hush\u00e5llningss\u00e4llskapet, de \u00e4r medlemmar, vilket g\u00f6r att vi hela tiden f\u00e5r en god inblick i vad som h\u00e4nder p\u00e5 alla fronter inom v\u00e5rt verksamhetsomr\u00e5de<\/p>\n<p class=\"table\" align=\"left\">Som medlem blir du inbjuden till m\u00f6ten v\u00e5r och h\u00f6st d\u00e4r du tr\u00e4ffar andra som har samma intresse f\u00f6r skogs- och betesv\u00e5rdsfr\u00e5gor. V\u00e5rm\u00f6tet h\u00e5lls normalt i maj i samband med f\u00f6reningens \u00e5rsm\u00f6te. H\u00f6stm\u00f6tet \u00e4ger normalt rum i november. Vid m\u00f6tena h\u00e5lls ofta f\u00f6redrag och det genomf\u00f6rs en exkursion eller ett studiebes\u00f6k. Under rubriken &#8221;AKTIVITETER&#8221; kan du se variationen i v\u00e5rt utbud.<\/p>\n<p class=\"table\" align=\"left\"><strong>S\u00e5 h\u00e4r blir du medlem<\/strong><\/p>\n<p class=\"table\" align=\"left\">Varje person, f\u00f6retag eller institution\u00a0 som anm\u00e4ler sitt intr\u00e4de i F\u00f6reningen och betalar stadgad \u00e5rsavgift kan antas som medlem.<\/p>\n<p class=\"table\" align=\"left\">Medlemsavgiften \u00e4r 175 kr\/\u00e5r. F\u00f6r medlems familjemedlem \u00e4r avgiften 50 kr. Avgiften kan ins\u00e4ttas\u00a0p\u00e5 bankgiro 763-4926, Sk\u00e5nes Skogs- och Betesv\u00e5rdsf\u00f6rening, med angivande av namn, adress och ev. mail-adress.<br \/>\nDu kan ocks\u00e5 betala via Swish, nr 123 323 22 46. Ange samma uppgifter som f\u00f6r bg-inbetalning.<\/p>\n<p class=\"table\" align=\"left\">Du som vill bli medlem kan ocks\u00e5 maila\u00a0 <a href=\"mailto:info-skane@hushallningssallskapet.se\">Hush\u00e5llningss\u00e4llskapet<\/a> V\u00e4nligen ange namn och adress samt e-postadress.<\/p>\n<p class=\"table\" align=\"left\">Kontakta Marie Andersson \u00e4ven d\u00e5 du beh\u00f6ver \u00e4ndra dina adressuppgifter.<\/p>\n<p class=\"table\" align=\"left\">Eventuella fr\u00e5gor kan besvaras av\u00a0F\u00f6reningens ordf\u00f6rande<br \/>\nMats Hansson, tel. 070-606 92 44.<\/p>\n<p class=\"table\">F\u00f6reningens adress:<br \/>\nSk\u00e5nes Skogs- och Betesv\u00e5rdsf\u00f6rening<br \/>\nc\/o Hush\u00e5llningss\u00e4llskapet<br \/>\nBox 9084<br \/>\n291 09 Kristianstad<\/p>\n<p>Org.nr. 846004-0705<\/p>\n","protected":false},"excerpt":{"rendered":"<p>Du \u00e4r hj\u00e4rtligt v\u00e4lkommen som medlem i Sk\u00e5nes Skogs- och Betesv\u00e5rdsf\u00f6rening. Vi \u00e4r till f\u00f6r dig som vill tr\u00e4ffa likasinnade under trevliga former d\u00e4r vi tillsammans kan \u00f6ka v\u00e5ra kunskaper om hur vi l\u00e5ngsiktigt och h\u00e5llbart ska kunna nyttja v\u00e5ra skogs- och betesresurser p\u00e5 b\u00e4sta s\u00e4tt. Med oss f\u00e5r du m\u00f6jligheten att ta del av [&hellip;]<\/p>\n","protected":false},"author":1,"featured_media":406,"parent":0,"menu_order":0,"comment_status":"closed","ping_status":"closed","template":"","meta":[],"_links":{"self":[{"href":"https:\/\/skogobete.se\/index.php?rest_route=\/wp\/v2\/pages\/24"}],"collection":[{"href":"https:\/\/skogobete.se\/index.php?rest_route=\/wp\/v2\/pages"}],"about":[{"href":"https:\/\/skogobete.se\/index.php?rest_route=\/wp\/v2\/types\/page"}],"author":[{"embeddable":true,"href":"https:\/\/skogobete.se\/index.php?rest_route=\/wp\/v2\/users\/1"}],"replies":[{"embeddable":true,"href":"https:\/\/skogobete.se\/index.php?rest_route=%2Fwp%2Fv2%2Fcomments&post=24"}],"version-history":[{"count":30,"href":"https:\/\/skogobete.se\/index.php?rest_route=\/wp\/v2\/pages\/24\/revisions"}],"predecessor-version":[{"id":733,"href":"https:\/\/skogobete.se\/index.php?rest_route=\/wp\/v2\/pages\/24\/revisions\/733"}],"wp:featuredmedia":[{"embeddable":true,"href":"https:\/\/skogobete.se\/index.php?rest_route=\/wp\/v2\/media\/406"}],"wp:attachment":[{"href":"https:\/\/skogobete.se\/index.php?rest_route=%2Fwp%2Fv2%2Fmedia&parent=24"}],"curies":[{"name":"wp","href":"https:\/\/api.w.org\/{rel}","templated":true}]}}