{"id":240,"date":"2015-02-26T14:49:41","date_gmt":"2015-02-26T13:49:41","guid":{"rendered":"http:\/\/skogobete.se\/?page_id=240"},"modified":"2023-11-09T11:24:25","modified_gmt":"2023-11-09T10:24:25","slug":"2012-3","status":"publish","type":"page","link":"https:\/\/skogobete.se\/?page_id=240","title":{"rendered":"2012"},"content":{"rendered":"<p><strong>Referat fr\u00e5n \u00e5rsm\u00f6tet:<\/strong><\/p>\n<p><a href=\"http:\/\/skogobete.se\/wp-content\/uploads\/2015\/02\/Referat-\u00c5rsm\u00f6te-2012-F\u00f6ryngring-i-ett-f\u00f6r\u00e4nderligt-klimat_1.pdf\" rel=\"\">Referat \u00c5rsm\u00f6te 2012 F\u00f6ryngring i ett f\u00f6r\u00e4nderligt klimat<\/a><\/p>\n<p><strong>Referat fr\u00e5n H\u00f6stm\u00f6tet:<\/strong><\/p>\n<p><a href=\"http:\/\/skogobete.se\/wp-content\/uploads\/2015\/02\/Referat-H\u00f6stm\u00f6te-2012-Viltet-i-v\u00e5ra-framtida-skogar.pdf\" rel=\"\">Referat H\u00f6stm\u00f6te 2012 Viltet i v\u00e5ra framtida skogar<\/a><\/p>\n","protected":false},"excerpt":{"rendered":"<p>Referat fr\u00e5n \u00e5rsm\u00f6tet: Referat \u00c5rsm\u00f6te 2012 F\u00f6ryngring i ett f\u00f6r\u00e4nderligt klimat Referat fr\u00e5n H\u00f6stm\u00f6tet: Referat H\u00f6stm\u00f6te 2012 Viltet i v\u00e5ra framtida skogar<\/p>\n","protected":false},"author":6,"featured_media":0,"parent":161,"menu_order":0,"comment_status":"closed","ping_status":"open","template":"","meta":[],"_links":{"self":[{"href":"https:\/\/skogobete.se\/index.php?rest_route=\/wp\/v2\/pages\/240"}],"collection":[{"href":"https:\/\/skogobete.se\/index.php?rest_route=\/wp\/v2\/pages"}],"about":[{"href":"https:\/\/skogobete.se\/index.php?rest_route=\/wp\/v2\/types\/page"}],"author":[{"embeddable":true,"href":"https:\/\/skogobete.se\/index.php?rest_route=\/wp\/v2\/users\/6"}],"replies":[{"embeddable":true,"href":"https:\/\/skogobete.se\/index.php?rest_route=%2Fwp%2Fv2%2Fcomments&post=240"}],"version-history":[{"count":5,"href":"https:\/\/skogobete.se\/index.php?rest_route=\/wp\/v2\/pages\/240\/revisions"}],"predecessor-version":[{"id":614,"href":"https:\/\/skogobete.se\/index.php?rest_route=\/wp\/v2\/pages\/240\/revisions\/614"}],"up":[{"embeddable":true,"href":"https:\/\/skogobete.se\/index.php?rest_route=\/wp\/v2\/pages\/161"}],"wp:attachment":[{"href":"https:\/\/skogobete.se\/index.php?rest_route=%2Fwp%2Fv2%2Fmedia&parent=240"}],"curies":[{"name":"wp","href":"https:\/\/api.w.org\/{rel}","templated":true}]}}