{"id":245,"date":"2015-02-26T14:55:07","date_gmt":"2015-02-26T13:55:07","guid":{"rendered":"http:\/\/skogobete.se\/?page_id=245"},"modified":"2023-11-09T11:24:25","modified_gmt":"2023-11-09T10:24:25","slug":"2010-3","status":"publish","type":"page","link":"https:\/\/skogobete.se\/?page_id=245","title":{"rendered":"2010"},"content":{"rendered":"<p><strong>Referat fr\u00e5n \u00c5rsm\u00f6tet:<\/strong><\/p>\n<p><a href=\"http:\/\/skogobete.se\/wp-content\/uploads\/2015\/02\/Referat-\u00c5rsm\u00f6te-2010-Vildsvinsskador-i-skog-och-p\u00e5-bete.pdf\" rel=\"\">Referat \u00c5rsm\u00f6te 2010 Vildsvinsskador i skog och p\u00e5 bete<\/a><\/p>\n<p><strong>Referat fr\u00e5n H\u00f6stm\u00f6tet:<\/strong><\/p>\n<p><a href=\"http:\/\/skogobete.se\/wp-content\/uploads\/2015\/02\/Referat-H\u00f6stm\u00f6te-2010-H\u00e4gna-in-och-h\u00e4gna-ut.pdf\" rel=\"\">Referat H\u00f6stm\u00f6te 2010 H\u00e4gna in och h\u00e4gna ut<\/a><\/p>\n<p>&nbsp;<\/p>\n<p>&nbsp;<\/p>\n","protected":false},"excerpt":{"rendered":"<p>Referat fr\u00e5n \u00c5rsm\u00f6tet: Referat \u00c5rsm\u00f6te 2010 Vildsvinsskador i skog och p\u00e5 bete Referat fr\u00e5n H\u00f6stm\u00f6tet: Referat H\u00f6stm\u00f6te 2010 H\u00e4gna in och h\u00e4gna ut &nbsp; &nbsp;<\/p>\n","protected":false},"author":6,"featured_media":0,"parent":161,"menu_order":0,"comment_status":"closed","ping_status":"open","template":"","meta":[],"_links":{"self":[{"href":"https:\/\/skogobete.se\/index.php?rest_route=\/wp\/v2\/pages\/245"}],"collection":[{"href":"https:\/\/skogobete.se\/index.php?rest_route=\/wp\/v2\/pages"}],"about":[{"href":"https:\/\/skogobete.se\/index.php?rest_route=\/wp\/v2\/types\/page"}],"author":[{"embeddable":true,"href":"https:\/\/skogobete.se\/index.php?rest_route=\/wp\/v2\/users\/6"}],"replies":[{"embeddable":true,"href":"https:\/\/skogobete.se\/index.php?rest_route=%2Fwp%2Fv2%2Fcomments&post=245"}],"version-history":[{"count":5,"href":"https:\/\/skogobete.se\/index.php?rest_route=\/wp\/v2\/pages\/245\/revisions"}],"predecessor-version":[{"id":607,"href":"https:\/\/skogobete.se\/index.php?rest_route=\/wp\/v2\/pages\/245\/revisions\/607"}],"up":[{"embeddable":true,"href":"https:\/\/skogobete.se\/index.php?rest_route=\/wp\/v2\/pages\/161"}],"wp:attachment":[{"href":"https:\/\/skogobete.se\/index.php?rest_route=%2Fwp%2Fv2%2Fmedia&parent=245"}],"curies":[{"name":"wp","href":"https:\/\/api.w.org\/{rel}","templated":true}]}}