{"id":247,"date":"2015-02-26T14:55:27","date_gmt":"2015-02-26T13:55:27","guid":{"rendered":"http:\/\/skogobete.se\/?page_id=247"},"modified":"2023-11-09T11:24:25","modified_gmt":"2023-11-09T10:24:25","slug":"2009-3","status":"publish","type":"page","link":"https:\/\/skogobete.se\/?page_id=247","title":{"rendered":"2009"},"content":{"rendered":"<p><a href=\"http:\/\/skogobete.se\/wp-content\/uploads\/2015\/02\/Referat-\u00c5rsm\u00f6te-2009-Skogsg\u00f6dslingens-vara-eller-inte-vara.pdf\" rel=\"\">Referat \u00c5rsm\u00f6te 2009 Skogsg\u00f6dslingens vara eller inte vara<\/a><\/p>\n<p><a href=\"http:\/\/skogobete.se\/wp-content\/uploads\/2015\/02\/Referat-H\u00f6stm\u00f6te-2009-L\u00f6nsam-br\u00e4nsleproduktion-i-skogen.pdf\" rel=\"\">Referat H\u00f6stm\u00f6te 2009 L\u00f6nsam br\u00e4nsleproduktion i skogen<\/a><\/p>\n","protected":false},"excerpt":{"rendered":"<p>Referat \u00c5rsm\u00f6te 2009 Skogsg\u00f6dslingens vara eller inte vara Referat H\u00f6stm\u00f6te 2009 L\u00f6nsam br\u00e4nsleproduktion i skogen<\/p>\n","protected":false},"author":6,"featured_media":0,"parent":161,"menu_order":0,"comment_status":"closed","ping_status":"open","template":"","meta":[],"_links":{"self":[{"href":"https:\/\/skogobete.se\/index.php?rest_route=\/wp\/v2\/pages\/247"}],"collection":[{"href":"https:\/\/skogobete.se\/index.php?rest_route=\/wp\/v2\/pages"}],"about":[{"href":"https:\/\/skogobete.se\/index.php?rest_route=\/wp\/v2\/types\/page"}],"author":[{"embeddable":true,"href":"https:\/\/skogobete.se\/index.php?rest_route=\/wp\/v2\/users\/6"}],"replies":[{"embeddable":true,"href":"https:\/\/skogobete.se\/index.php?rest_route=%2Fwp%2Fv2%2Fcomments&post=247"}],"version-history":[{"count":5,"href":"https:\/\/skogobete.se\/index.php?rest_route=\/wp\/v2\/pages\/247\/revisions"}],"predecessor-version":[{"id":626,"href":"https:\/\/skogobete.se\/index.php?rest_route=\/wp\/v2\/pages\/247\/revisions\/626"}],"up":[{"embeddable":true,"href":"https:\/\/skogobete.se\/index.php?rest_route=\/wp\/v2\/pages\/161"}],"wp:attachment":[{"href":"https:\/\/skogobete.se\/index.php?rest_route=%2Fwp%2Fv2%2Fmedia&parent=247"}],"curies":[{"name":"wp","href":"https:\/\/api.w.org\/{rel}","templated":true}]}}