{"id":33,"date":"2014-11-05T23:05:15","date_gmt":"2014-11-05T22:05:15","guid":{"rendered":"http:\/\/skogobete.se\/?page_id=33"},"modified":"2023-11-09T11:24:25","modified_gmt":"2023-11-09T10:24:25","slug":"hostexkursion","status":"publish","type":"page","link":"https:\/\/skogobete.se\/?page_id=33","title":{"rendered":"2014"},"content":{"rendered":"<h1><strong>\u00c5rsm\u00f6tet den 28 maj 2014<\/strong><\/h1>\n<p><strong><a href=\"http:\/\/skogobete.se\/wp-content\/uploads\/2014\/11\/Referat-\u00c5rsm\u00f6te-2014-Tr\u00e4dslagsval_1.pdf\" rel=\"\">Referat \u00c5rsm\u00f6te 2014 Tr\u00e4dslagsval<\/a><\/strong><\/p>\n<h1><b>H\u00f6stm\u00f6te den 19 november 2014 i Osby och Killeberg<\/b><\/h1>\n<p>H\u00f6stm\u00f6tet hade temat &#8221;Att undvika markskador vid skogsbruk&#8221;. Knappt 30 personer deltog i \u00e5rets h\u00f6stm\u00f6te.<\/p>\n<p>P\u00e5 f\u00f6rmiddagen var det f\u00f6rel\u00e4sningar p\u00e5 Bergakungens Stug &amp; Konferensanl\u00e4ggning i Osby.<\/p>\n<p><strong>Anja Lomander, Skogsstyrelsen<\/strong> talade om<\/p>\n<p>&#8211; Vad leder markskadorna till f\u00f6r problem?<br \/>\n&#8211; M\u00e5ste markskador alltid lagas?<br \/>\n&#8211; Vad s\u00e4ger lagen?<\/p>\n<p><strong>Jakob Henriksson och Kristofer von Hauswolf, S\u00f6dra<\/strong>\u00a0talade om<\/p>\n<p>&#8211; Vad s\u00e4ger FSC- och PEFCcertifieringen?<br \/>\n&#8211; Vad kan man g\u00f6ra f\u00f6r att undvika skador? S\u00f6dra redovisar hur man arbetar och vad \u00a0\u00a0\u00a0\u00a0\u00a0\u00a0\u00a0\u00a0\u00a0\u00a0\u00a0\u00a0\u00a0\u00a0\u00a0\u00a0\u00a0 \u00a0\u00a0\u00a0deras markskadegaranti inneb\u00e4r.<\/p>\n<p>Efter lunch var det\u00a0exkursion i trakten s\u00f6der om Killeberg under ledning av Jakob och Kristofer som visade\u00a0exempel p\u00e5 hur man arbetar i praktiken p\u00e5\u00a0 omr\u00e5den d\u00e4r markskador\u00a0l\u00e4tt kan uppst\u00e5.<\/p>\n<p><strong><a href=\"http:\/\/skogobete.se\/wp-content\/uploads\/2014\/11\/Referat-H\u00f6stm\u00f6te-2014-Efter-sol-kommer-regn.pdf\" rel=\"\">Referat H\u00f6stm\u00f6te 2014 Efter sol kommer regn<\/a><\/strong><\/p>\n<p><a href=\"http:\/\/skogobete.se\/wp-content\/uploads\/2014\/11\/Skogobete_6.jpg\" rel=\"attachment wp-att-650\"><img loading=\"lazy\" class=\"alignnone wp-image-650 size-large\" src=\"http:\/\/skogobete.se\/wp-content\/uploads\/2014\/11\/Skogobete_6-1024x683.jpg\" alt=\"Skogobete_6\" width=\"625\" height=\"417\" srcset=\"https:\/\/skogobete.se\/wp-content\/uploads\/2014\/11\/Skogobete_6-1024x683.jpg 1024w, https:\/\/skogobete.se\/wp-content\/uploads\/2014\/11\/Skogobete_6-300x200.jpg 300w, https:\/\/skogobete.se\/wp-content\/uploads\/2014\/11\/Skogobete_6-768x512.jpg 768w, https:\/\/skogobete.se\/wp-content\/uploads\/2014\/11\/Skogobete_6-624x416.jpg 624w\" sizes=\"(max-width: 625px) 100vw, 625px\" \/><\/a><\/p>\n","protected":false},"excerpt":{"rendered":"<p>\u00c5rsm\u00f6tet den 28 maj 2014 Referat \u00c5rsm\u00f6te 2014 Tr\u00e4dslagsval H\u00f6stm\u00f6te den 19 november 2014 i Osby och Killeberg H\u00f6stm\u00f6tet hade temat &#8221;Att undvika markskador vid skogsbruk&#8221;. Knappt 30 personer deltog i \u00e5rets h\u00f6stm\u00f6te. P\u00e5 f\u00f6rmiddagen var det f\u00f6rel\u00e4sningar p\u00e5 Bergakungens Stug &amp; Konferensanl\u00e4ggning i Osby. Anja Lomander, Skogsstyrelsen talade om &#8211; Vad leder markskadorna till [&hellip;]<\/p>\n","protected":false},"author":1,"featured_media":0,"parent":161,"menu_order":0,"comment_status":"closed","ping_status":"closed","template":"","meta":[],"_links":{"self":[{"href":"https:\/\/skogobete.se\/index.php?rest_route=\/wp\/v2\/pages\/33"}],"collection":[{"href":"https:\/\/skogobete.se\/index.php?rest_route=\/wp\/v2\/pages"}],"about":[{"href":"https:\/\/skogobete.se\/index.php?rest_route=\/wp\/v2\/types\/page"}],"author":[{"embeddable":true,"href":"https:\/\/skogobete.se\/index.php?rest_route=\/wp\/v2\/users\/1"}],"replies":[{"embeddable":true,"href":"https:\/\/skogobete.se\/index.php?rest_route=%2Fwp%2Fv2%2Fcomments&post=33"}],"version-history":[{"count":15,"href":"https:\/\/skogobete.se\/index.php?rest_route=\/wp\/v2\/pages\/33\/revisions"}],"predecessor-version":[{"id":657,"href":"https:\/\/skogobete.se\/index.php?rest_route=\/wp\/v2\/pages\/33\/revisions\/657"}],"up":[{"embeddable":true,"href":"https:\/\/skogobete.se\/index.php?rest_route=\/wp\/v2\/pages\/161"}],"wp:attachment":[{"href":"https:\/\/skogobete.se\/index.php?rest_route=%2Fwp%2Fv2%2Fmedia&parent=33"}],"curies":[{"name":"wp","href":"https:\/\/api.w.org\/{rel}","templated":true}]}}