{"id":339,"date":"2015-07-17T08:48:36","date_gmt":"2015-07-17T06:48:36","guid":{"rendered":"http:\/\/skogobete.se\/?page_id=339"},"modified":"2023-11-09T11:24:25","modified_gmt":"2023-11-09T10:24:25","slug":"2015-2","status":"publish","type":"page","link":"https:\/\/skogobete.se\/?page_id=339","title":{"rendered":"2015"},"content":{"rendered":"<h1>\u00c5rsm\u00f6tet den 26 maj 2015 i Skepparsl\u00f6v<\/h1>\n<p><strong><a href=\"http:\/\/skogobete.se\/wp-content\/uploads\/2015\/07\/Referat-\u00c5rsm\u00f6te-2015.pdf\" rel=\"\">Referat \u00c5rsm\u00f6te 2015<\/a><\/strong><\/p>\n<h1>H\u00f6stm\u00f6tet den 4 november 2015 p\u00e5 Christinehof<\/h1>\n<p>Temat var &#8221;L\u00f6vsatsning efter stormen 1999&#8221;<\/p>\n<p>Under dagen bes\u00e5gs objekt d\u00e4r fr\u00e5gest\u00e4llningar om tr\u00e4dslagsval, sk\u00f6tsel, betestryck och fortsatta satsningar diskuterades.<\/p>\n<p><strong><a href=\"http:\/\/skogobete.se\/wp-content\/uploads\/2015\/07\/Referat-H\u00f6stm\u00f6te-2015-L\u00f6vsatsningen-p\u00e5-Christinehof.pdf\" rel=\"\">Referat H\u00f6stm\u00f6te 2015-L\u00f6vsatsningen p\u00e5 Christinehof<\/a><\/strong><\/p>\n<div id=\"attachment_645\" style=\"width: 635px\" class=\"wp-caption alignnone\"><a href=\"http:\/\/skogobete.se\/wp-content\/uploads\/2016\/07\/Lovsatsning_2.jpg\" rel=\"attachment wp-att-645\"><img aria-describedby=\"caption-attachment-645\" loading=\"lazy\" class=\"wp-image-645 size-large\" src=\"http:\/\/skogobete.se\/wp-content\/uploads\/2016\/07\/Lovsatsning_2-1024x683.jpg\" alt=\"Stora och sm\u00e5 vilt\u00e5krar med tr\u00e4d och buskage mellan remiserna.\" width=\"625\" height=\"417\" srcset=\"https:\/\/skogobete.se\/wp-content\/uploads\/2016\/07\/Lovsatsning_2-1024x683.jpg 1024w, https:\/\/skogobete.se\/wp-content\/uploads\/2016\/07\/Lovsatsning_2-300x200.jpg 300w, https:\/\/skogobete.se\/wp-content\/uploads\/2016\/07\/Lovsatsning_2-768x512.jpg 768w, https:\/\/skogobete.se\/wp-content\/uploads\/2016\/07\/Lovsatsning_2-624x416.jpg 624w\" sizes=\"(max-width: 625px) 100vw, 625px\" \/><\/a><p id=\"caption-attachment-645\" class=\"wp-caption-text\">Stora och sm\u00e5 vilt\u00e5krar med tr\u00e4d och buskage mellan remiserna.<\/p><\/div>\n<p>&nbsp;<\/p>\n","protected":false},"excerpt":{"rendered":"<p>\u00c5rsm\u00f6tet den 26 maj 2015 i Skepparsl\u00f6v Referat \u00c5rsm\u00f6te 2015 H\u00f6stm\u00f6tet den 4 november 2015 p\u00e5 Christinehof Temat var &#8221;L\u00f6vsatsning efter stormen 1999&#8221; Under dagen bes\u00e5gs objekt d\u00e4r fr\u00e5gest\u00e4llningar om tr\u00e4dslagsval, sk\u00f6tsel, betestryck och fortsatta satsningar diskuterades. Referat H\u00f6stm\u00f6te 2015-L\u00f6vsatsningen p\u00e5 Christinehof &nbsp;<\/p>\n","protected":false},"author":6,"featured_media":0,"parent":161,"menu_order":0,"comment_status":"closed","ping_status":"open","template":"","meta":[],"_links":{"self":[{"href":"https:\/\/skogobete.se\/index.php?rest_route=\/wp\/v2\/pages\/339"}],"collection":[{"href":"https:\/\/skogobete.se\/index.php?rest_route=\/wp\/v2\/pages"}],"about":[{"href":"https:\/\/skogobete.se\/index.php?rest_route=\/wp\/v2\/types\/page"}],"author":[{"embeddable":true,"href":"https:\/\/skogobete.se\/index.php?rest_route=\/wp\/v2\/users\/6"}],"replies":[{"embeddable":true,"href":"https:\/\/skogobete.se\/index.php?rest_route=%2Fwp%2Fv2%2Fcomments&post=339"}],"version-history":[{"count":12,"href":"https:\/\/skogobete.se\/index.php?rest_route=\/wp\/v2\/pages\/339\/revisions"}],"predecessor-version":[{"id":655,"href":"https:\/\/skogobete.se\/index.php?rest_route=\/wp\/v2\/pages\/339\/revisions\/655"}],"up":[{"embeddable":true,"href":"https:\/\/skogobete.se\/index.php?rest_route=\/wp\/v2\/pages\/161"}],"wp:attachment":[{"href":"https:\/\/skogobete.se\/index.php?rest_route=%2Fwp%2Fv2%2Fmedia&parent=339"}],"curies":[{"name":"wp","href":"https:\/\/api.w.org\/{rel}","templated":true}]}}