{"id":37,"date":"2014-11-05T23:07:02","date_gmt":"2014-11-05T22:07:02","guid":{"rendered":"http:\/\/skogobete.se\/?page_id=37"},"modified":"2023-11-09T11:24:25","modified_gmt":"2023-11-09T10:24:25","slug":"kommande-aktiviteter","status":"publish","type":"page","link":"https:\/\/skogobete.se\/?page_id=37","title":{"rendered":"Aktiviteter"},"content":{"rendered":"<p>F\u00f6reningen anordnar varje \u00e5r tv\u00e5 heldagsm\u00f6ten; ett v\u00e5rm\u00f6te och ett h\u00f6stm\u00f6te.<\/p>\n<p><span class=\"table\"><span style=\"font-family: Verdana, Arial, Helvetica, sans-serif;\"> Aktuella skogs- och betesv\u00e5rdsfr\u00e5gor st\u00e5r p\u00e5 programmet.<\/span><\/span><\/p>\n<p>M\u00f6tena inleds vanligen med en teoretisk del p\u00e5 f\u00f6rmiddagen<br \/>\noch f\u00f6ljs upp av en exkursion under eftermiddagen.<br \/>\nD\u00e4remellan intas en gemensam lunch med m\u00e5nga tillf\u00e4llen till nya kontakter.<\/p>\n<p><span style=\"font-family: Verdana, Arial, Helvetica, sans-serif;\">\u00c5rsm\u00f6te h\u00e5lles f\u00f6re juni m\u00e5nads utg\u00e5ng p\u00e5 dag och plats som styrelsen best\u00e4mmer.<br \/>\nVarje medlem har en r\u00f6st<\/span><\/p>\n","protected":false},"excerpt":{"rendered":"<p>F\u00f6reningen anordnar varje \u00e5r tv\u00e5 heldagsm\u00f6ten; ett v\u00e5rm\u00f6te och ett h\u00f6stm\u00f6te. Aktuella skogs- och betesv\u00e5rdsfr\u00e5gor st\u00e5r p\u00e5 programmet. M\u00f6tena inleds vanligen med en teoretisk del p\u00e5 f\u00f6rmiddagen och f\u00f6ljs upp av en exkursion under eftermiddagen. D\u00e4remellan intas en gemensam lunch med m\u00e5nga tillf\u00e4llen till nya kontakter. \u00c5rsm\u00f6te h\u00e5lles f\u00f6re juni m\u00e5nads utg\u00e5ng p\u00e5 dag och [&hellip;]<\/p>\n","protected":false},"author":1,"featured_media":405,"parent":0,"menu_order":0,"comment_status":"closed","ping_status":"closed","template":"","meta":[],"_links":{"self":[{"href":"https:\/\/skogobete.se\/index.php?rest_route=\/wp\/v2\/pages\/37"}],"collection":[{"href":"https:\/\/skogobete.se\/index.php?rest_route=\/wp\/v2\/pages"}],"about":[{"href":"https:\/\/skogobete.se\/index.php?rest_route=\/wp\/v2\/types\/page"}],"author":[{"embeddable":true,"href":"https:\/\/skogobete.se\/index.php?rest_route=\/wp\/v2\/users\/1"}],"replies":[{"embeddable":true,"href":"https:\/\/skogobete.se\/index.php?rest_route=%2Fwp%2Fv2%2Fcomments&post=37"}],"version-history":[{"count":4,"href":"https:\/\/skogobete.se\/index.php?rest_route=\/wp\/v2\/pages\/37\/revisions"}],"predecessor-version":[{"id":160,"href":"https:\/\/skogobete.se\/index.php?rest_route=\/wp\/v2\/pages\/37\/revisions\/160"}],"wp:featuredmedia":[{"embeddable":true,"href":"https:\/\/skogobete.se\/index.php?rest_route=\/wp\/v2\/media\/405"}],"wp:attachment":[{"href":"https:\/\/skogobete.se\/index.php?rest_route=%2Fwp%2Fv2%2Fmedia&parent=37"}],"curies":[{"name":"wp","href":"https:\/\/api.w.org\/{rel}","templated":true}]}}