{"id":440,"date":"2016-04-21T14:37:53","date_gmt":"2016-04-21T12:37:53","guid":{"rendered":"http:\/\/skogobete.se\/?page_id=440"},"modified":"2023-11-09T11:24:25","modified_gmt":"2023-11-09T10:24:25","slug":"sammanstallning-av-aktiviteter-fran-ar-2000","status":"publish","type":"page","link":"https:\/\/skogobete.se\/?page_id=440","title":{"rendered":"Sammanst\u00e4llning av aktiviteter fr\u00e5n \u00e5r 2000"},"content":{"rendered":"<p><a href=\"http:\/\/skogobete.se\/wp-content\/uploads\/2016\/04\/Sammanst\u00e4llning-av-genomf\u00f6rda-aktiviteter-uppdat180605.pdf\" rel=\"\">Sammanst\u00e4llning av genomf\u00f6rda aktiviteter<\/a><\/p>\n<p>&nbsp;<\/p>\n<p>&nbsp;<\/p>\n","protected":false},"excerpt":{"rendered":"<p>Sammanst\u00e4llning av genomf\u00f6rda aktiviteter &nbsp; &nbsp;<\/p>\n","protected":false},"author":6,"featured_media":0,"parent":161,"menu_order":0,"comment_status":"closed","ping_status":"closed","template":"","meta":[],"_links":{"self":[{"href":"https:\/\/skogobete.se\/index.php?rest_route=\/wp\/v2\/pages\/440"}],"collection":[{"href":"https:\/\/skogobete.se\/index.php?rest_route=\/wp\/v2\/pages"}],"about":[{"href":"https:\/\/skogobete.se\/index.php?rest_route=\/wp\/v2\/types\/page"}],"author":[{"embeddable":true,"href":"https:\/\/skogobete.se\/index.php?rest_route=\/wp\/v2\/users\/6"}],"replies":[{"embeddable":true,"href":"https:\/\/skogobete.se\/index.php?rest_route=%2Fwp%2Fv2%2Fcomments&post=440"}],"version-history":[{"count":7,"href":"https:\/\/skogobete.se\/index.php?rest_route=\/wp\/v2\/pages\/440\/revisions"}],"predecessor-version":[{"id":683,"href":"https:\/\/skogobete.se\/index.php?rest_route=\/wp\/v2\/pages\/440\/revisions\/683"}],"up":[{"embeddable":true,"href":"https:\/\/skogobete.se\/index.php?rest_route=\/wp\/v2\/pages\/161"}],"wp:attachment":[{"href":"https:\/\/skogobete.se\/index.php?rest_route=%2Fwp%2Fv2%2Fmedia&parent=440"}],"curies":[{"name":"wp","href":"https:\/\/api.w.org\/{rel}","templated":true}]}}