{"id":478,"date":"2016-06-09T13:46:35","date_gmt":"2016-06-09T11:46:35","guid":{"rendered":"http:\/\/skogobete.se\/?page_id=478"},"modified":"2025-05-16T08:38:22","modified_gmt":"2025-05-16T06:38:22","slug":"arsredovisning-2015-2","status":"publish","type":"page","link":"https:\/\/skogobete.se\/?page_id=478","title":{"rendered":"\u00c5rsredovisning 2015"},"content":{"rendered":"<p>\u00c5rsredovisningen f\u00f6r\u00a02015 finns i PDF-filen nedan:<\/p>\n<p><a href=\"http:\/\/skogobete.se\/wp-content\/uploads\/2016\/06\/\u00c5rsber\u00e4ttelse-2015.pdf\" rel=\"\">\u00c5rsber\u00e4ttelse 2015<\/a><\/p>\n","protected":false},"excerpt":{"rendered":"<p>\u00c5rsredovisningen f\u00f6r\u00a02015 finns i PDF-filen nedan: \u00c5rsber\u00e4ttelse 2015<\/p>\n","protected":false},"author":6,"featured_media":0,"parent":486,"menu_order":0,"comment_status":"closed","ping_status":"closed","template":"","meta":[],"_links":{"self":[{"href":"https:\/\/skogobete.se\/index.php?rest_route=\/wp\/v2\/pages\/478"}],"collection":[{"href":"https:\/\/skogobete.se\/index.php?rest_route=\/wp\/v2\/pages"}],"about":[{"href":"https:\/\/skogobete.se\/index.php?rest_route=\/wp\/v2\/types\/page"}],"author":[{"embeddable":true,"href":"https:\/\/skogobete.se\/index.php?rest_route=\/wp\/v2\/users\/6"}],"replies":[{"embeddable":true,"href":"https:\/\/skogobete.se\/index.php?rest_route=%2Fwp%2Fv2%2Fcomments&post=478"}],"version-history":[{"count":3,"href":"https:\/\/skogobete.se\/index.php?rest_route=\/wp\/v2\/pages\/478\/revisions"}],"predecessor-version":[{"id":481,"href":"https:\/\/skogobete.se\/index.php?rest_route=\/wp\/v2\/pages\/478\/revisions\/481"}],"up":[{"embeddable":true,"href":"https:\/\/skogobete.se\/index.php?rest_route=\/wp\/v2\/pages\/486"}],"wp:attachment":[{"href":"https:\/\/skogobete.se\/index.php?rest_route=%2Fwp%2Fv2%2Fmedia&parent=478"}],"curies":[{"name":"wp","href":"https:\/\/api.w.org\/{rel}","templated":true}]}}