{"id":51,"date":"2014-11-11T23:19:45","date_gmt":"2014-11-11T22:19:45","guid":{"rendered":"http:\/\/skogobete.se\/?page_id=51"},"modified":"2024-10-30T07:53:09","modified_gmt":"2024-10-30T06:53:09","slug":"styrelse","status":"publish","type":"page","link":"https:\/\/skogobete.se\/?page_id=51","title":{"rendered":"Styrelse"},"content":{"rendered":"<p>Styrelsen best\u00e5r av sju &#8211; nio ledam\u00f6ter.<\/p>\n<p><span class=\"table\"><span style=\"font-family: Verdana, Arial, Helvetica, sans-serif;\"> L\u00e4nets Hush\u00e5llningss\u00e4llskap samt Skogsstyrelsen kan utse vardera en ledamot. \u00d6vriga ledam\u00f6ter utses av \u00e5rsm\u00f6tet.<\/span><\/span><\/p>\n<p>Av styrelsens ledam\u00f6ter avg\u00e5r ena \u00e5ret minst h\u00e4lften, andra \u00e5ret \u00e5terstoden efter tur. \u00c5rsm\u00f6tet utser \u00e5rligen ordf\u00f6rande. \u00d6vriga funktion\u00e4rer utses av styrelsen.<br \/>\nStyrelsen \u00e4r beslutsm\u00e4ssig d\u00e5 minst h\u00e4lften av ledam\u00f6terna \u00e4r n\u00e4rvarande.<\/p>\n<p style=\"text-align: justify;\"><b class=\"table_fet\">Ordinarie styrelseledam\u00f6ter <\/b><br \/>\nOrdf. Mats Hansson, Villands V\u00e5nga<br \/>\nBoel Sandsk\u00e4r, L\u00f6ddek\u00f6pinge<br \/>\nAnders Winqvist, H\u00e4ssleholm<br \/>\nMats-Ola Persson, H\u00e4ssleholm<br \/>\nLars-Olof Andersson, Hallar\u00f6d<br \/>\nLena Svensson, VIttsj\u00f6<br \/>\nHenrik Nilsson, H\u00f6\u00f6r<br \/>\nHenrik Andersson,\u00a0Skogsstyrelsen Sk\u00e5ne distrikt, H\u00e4ssleholm<br \/>\nSven Fajersson, utsedd av Hush\u00e5llningss\u00e4llskapet, Kristianstad<\/p>\n<p><b class=\"table_fet\">F\u00f6reningens kassaf\u00f6rvaltare och f\u00f6rare av medlemsregister<\/b><br \/>\nSven Fajersson<\/p>\n<p><strong>Revisorer<\/strong><br \/>\nHans Nilsson, Kristianstad (ord.)<br \/>\nG\u00f6ran Andersson, H\u00f6rby (ord.)<br \/>\nNils-Erik Varfeldt, Sval\u00f6v (suppl.)<br \/>\nAnn-Britt Karlsson, M\u00f6lleberga (suppl.)<\/p>\n<p><span class=\"table\"><span style=\"font-family: Verdana, Arial, Helvetica, sans-serif;\"><b class=\"table_fet\">Valberedning<\/b><br \/>\nStig Hermansson (sammankallande)<br \/>\nMats Persson<br \/>\nTomas Marke<br \/>\n<\/span><\/span><\/p>\n","protected":false},"excerpt":{"rendered":"<p>Styrelsen best\u00e5r av sju &#8211; nio ledam\u00f6ter. L\u00e4nets Hush\u00e5llningss\u00e4llskap samt Skogsstyrelsen kan utse vardera en ledamot. \u00d6vriga ledam\u00f6ter utses av \u00e5rsm\u00f6tet. Av styrelsens ledam\u00f6ter avg\u00e5r ena \u00e5ret minst h\u00e4lften, andra \u00e5ret \u00e5terstoden efter tur. \u00c5rsm\u00f6tet utser \u00e5rligen ordf\u00f6rande. \u00d6vriga funktion\u00e4rer utses av styrelsen. Styrelsen \u00e4r beslutsm\u00e4ssig d\u00e5 minst h\u00e4lften av ledam\u00f6terna \u00e4r n\u00e4rvarande. Ordinarie styrelseledam\u00f6ter [&hellip;]<\/p>\n","protected":false},"author":1,"featured_media":436,"parent":0,"menu_order":0,"comment_status":"closed","ping_status":"closed","template":"","meta":[],"_links":{"self":[{"href":"https:\/\/skogobete.se\/index.php?rest_route=\/wp\/v2\/pages\/51"}],"collection":[{"href":"https:\/\/skogobete.se\/index.php?rest_route=\/wp\/v2\/pages"}],"about":[{"href":"https:\/\/skogobete.se\/index.php?rest_route=\/wp\/v2\/types\/page"}],"author":[{"embeddable":true,"href":"https:\/\/skogobete.se\/index.php?rest_route=\/wp\/v2\/users\/1"}],"replies":[{"embeddable":true,"href":"https:\/\/skogobete.se\/index.php?rest_route=%2Fwp%2Fv2%2Fcomments&post=51"}],"version-history":[{"count":16,"href":"https:\/\/skogobete.se\/index.php?rest_route=\/wp\/v2\/pages\/51\/revisions"}],"predecessor-version":[{"id":902,"href":"https:\/\/skogobete.se\/index.php?rest_route=\/wp\/v2\/pages\/51\/revisions\/902"}],"wp:featuredmedia":[{"embeddable":true,"href":"https:\/\/skogobete.se\/index.php?rest_route=\/wp\/v2\/media\/436"}],"wp:attachment":[{"href":"https:\/\/skogobete.se\/index.php?rest_route=%2Fwp%2Fv2%2Fmedia&parent=51"}],"curies":[{"name":"wp","href":"https:\/\/api.w.org\/{rel}","templated":true}]}}