{"id":515,"date":"2016-07-29T10:46:19","date_gmt":"2016-07-29T08:46:19","guid":{"rendered":"http:\/\/skogobete.se\/?page_id=515"},"modified":"2023-11-09T11:24:25","modified_gmt":"2023-11-09T10:24:25","slug":"2016-2","status":"publish","type":"page","link":"https:\/\/skogobete.se\/?page_id=515","title":{"rendered":"2016"},"content":{"rendered":"<h1>\u00c5rsm\u00f6tet den\u00a024 maj 2016 p\u00e5 Bj\u00e4rsj\u00f6lag\u00e5rd<\/h1>\n<p>Temat f\u00f6r eftermiddagen p\u00e5 \u00d6vedskloster var: &#8221;D\u00e5tid &#8211; nutid &#8211; framtid&#8221;<\/p>\n<p>Otto och Johanna Ramel\u00a0ber\u00e4ttade om \u00d6vedsklosters historia, nuvarande innehav av olika \u00e4goslag och deras betydelse f\u00f6r verksamheten samt om sina tankar om entrepren\u00f6rskap och om nya verksamheter f\u00f6r framtiden. Bland annat fick vi veta vilka id\u00e9er som ligger bakom satsningen p\u00e5 att bygga ett eget varum\u00e4rke.<\/p>\n<p><strong><a href=\"http:\/\/skogobete.se\/wp-content\/uploads\/2016\/07\/Referat-V\u00e5r-2016-\u00d6vedskloster.pdf\" rel=\"\">Referat \u00c5rsm\u00f6te 2016 \u00d6vedskloster<\/a><\/strong><\/p>\n<h1><strong>H\u00f6stm\u00f6tet den 23 november 2016 p\u00e5 Skogsstyrelsens kursg\u00e5rd Ullstorp utanf\u00f6r H\u00f6\u00f6r<\/strong><\/h1>\n<p>Skogsstyrelsen var v\u00e4rd f\u00f6r h\u00f6stm\u00f6tet som hade temat &#8221;Kan digital teknik hj\u00e4lpa oss g\u00f6ra kloka skogsbruks\u00e5tg\u00e4rder?&#8221;.<\/p>\n<p>P\u00e5 f\u00f6rmiddagen demonstrerades och diskuterades de digitala hj\u00e4lpmedel som finns att tillg\u00e5 i skogsbruket.<\/p>\n<p>Efter lunch blev det en demonstration av hur dr\u00f6nare kan anv\u00e4ndas i skogsbrukandet.<\/p>\n<p><strong><a href=\"http:\/\/skogobete.se\/wp-content\/uploads\/2016\/07\/Referat-H\u00f6stm\u00f6te-2016-Ullstorp.pdf\" rel=\"\">Referat H\u00f6stm\u00f6te 2016 Ullstorp<\/a><\/strong><\/p>\n<p><span style=\"color: #0066cc;\">\u00a0<\/span><\/p>\n<p>&nbsp;<\/p>\n","protected":false},"excerpt":{"rendered":"<p>\u00c5rsm\u00f6tet den\u00a024 maj 2016 p\u00e5 Bj\u00e4rsj\u00f6lag\u00e5rd Temat f\u00f6r eftermiddagen p\u00e5 \u00d6vedskloster var: &#8221;D\u00e5tid &#8211; nutid &#8211; framtid&#8221; Otto och Johanna Ramel\u00a0ber\u00e4ttade om \u00d6vedsklosters historia, nuvarande innehav av olika \u00e4goslag och deras betydelse f\u00f6r verksamheten samt om sina tankar om entrepren\u00f6rskap och om nya verksamheter f\u00f6r framtiden. Bland annat fick vi veta vilka id\u00e9er som ligger [&hellip;]<\/p>\n","protected":false},"author":6,"featured_media":0,"parent":161,"menu_order":0,"comment_status":"closed","ping_status":"closed","template":"","meta":[],"_links":{"self":[{"href":"https:\/\/skogobete.se\/index.php?rest_route=\/wp\/v2\/pages\/515"}],"collection":[{"href":"https:\/\/skogobete.se\/index.php?rest_route=\/wp\/v2\/pages"}],"about":[{"href":"https:\/\/skogobete.se\/index.php?rest_route=\/wp\/v2\/types\/page"}],"author":[{"embeddable":true,"href":"https:\/\/skogobete.se\/index.php?rest_route=\/wp\/v2\/users\/6"}],"replies":[{"embeddable":true,"href":"https:\/\/skogobete.se\/index.php?rest_route=%2Fwp%2Fv2%2Fcomments&post=515"}],"version-history":[{"count":15,"href":"https:\/\/skogobete.se\/index.php?rest_route=\/wp\/v2\/pages\/515\/revisions"}],"predecessor-version":[{"id":654,"href":"https:\/\/skogobete.se\/index.php?rest_route=\/wp\/v2\/pages\/515\/revisions\/654"}],"up":[{"embeddable":true,"href":"https:\/\/skogobete.se\/index.php?rest_route=\/wp\/v2\/pages\/161"}],"wp:attachment":[{"href":"https:\/\/skogobete.se\/index.php?rest_route=%2Fwp%2Fv2%2Fmedia&parent=515"}],"curies":[{"name":"wp","href":"https:\/\/api.w.org\/{rel}","templated":true}]}}