{"id":55,"date":"2014-11-11T23:23:43","date_gmt":"2014-11-11T22:23:43","guid":{"rendered":"http:\/\/skogobete.se\/?page_id=55"},"modified":"2018-01-07T16:45:10","modified_gmt":"2018-01-07T15:45:10","slug":"hederspriser","status":"publish","type":"page","link":"https:\/\/skogobete.se\/?page_id=55","title":{"rendered":"Hederspriser"},"content":{"rendered":"<p>Tv\u00e5 hederspriser delas ut per \u00e5r i m\u00e5n av tillg\u00e5ng till l\u00e4mpliga kandidater:<\/p>\n<p class=\"table\"><span style=\"font-family: Verdana, Arial, Helvetica, sans-serif;\">Sk\u00e5nes Skogs- och Betesv\u00e5rdsf\u00f6renings hederspris samt Sk\u00e5nska Dagbladets hederspris.<\/span><\/p>\n<p><span style=\"font-family: Verdana, Arial, Helvetica, sans-serif;\">\u00c4ndam\u00e5let med priserna \u00e4r:<\/span><\/p>\n<ul>\n<li><span style=\"font-family: Verdana, Arial, Helvetica, sans-serif;\">att gynna en god utveckling inom Skogs- och betessk\u00f6tselns omr\u00e5de i Sk\u00e5ne<\/span><\/li>\n<li><span style=\"font-family: Verdana, Arial, Helvetica, sans-serif;\">att skapa incitament f\u00f6r framtida insatser inom omr\u00e5det.<\/span><\/li>\n<\/ul>\n<p><span class=\"table_fet\"><span style=\"font-family: Verdana, Arial, Helvetica, sans-serif;\">Kriterier f\u00f6r hederspriserna:<\/span><\/span><\/p>\n<ul>\n<li><span style=\"font-family: Verdana, Arial, Helvetica, sans-serif;\"><span class=\"table\">Till pristagare kan v\u00e4ljas \u00e4gare av skogs- och\/eller betesmarker, organisation eller enskild person med anknytning till omr\u00e5det. Pristagare skall ha sin prisbel\u00f6nade verksamhet f\u00f6rlagd till Sk\u00e5ne. Priset utdelas f\u00f6r insatser som tydligt gynnar verksamhet i Sk\u00e5ne, och kan utdelas till den\/de som genom f\u00f6red\u00f6mliga och framg\u00e5ngsrika insatser gynnar en god utveckling p\u00e5 Skogs- och betessk\u00f6tselns omr\u00e5de.<\/span><\/span><\/li>\n<li><span style=\"font-family: Verdana, Arial, Helvetica, sans-serif;\"><span class=\"table\">Sk\u00e5nska Dagbladets hederspris utdelas i f\u00f6rsta hand till pristagare verksam inom tidningens normala spridningsomr\u00e5de. Sk\u00e5nska Dagbladet (<a href=\"http:\/\/www.skanskadagbladet.se\/\" target=\"_blank\">www.skanskadagbladet.se<\/a>) \u00e4ger tidningar \u00e4ven inom andra delar av Sk\u00e5ne, och priset kan d\u00e4rf\u00f6r efter \u00f6verv\u00e4gande \u00e4ven utdelas i annan del av utgivningsomr\u00e5det (Norra Sk\u00e5ne).<\/span><\/span><\/li>\n<\/ul>\n<p><strong>F\u00f6rslag p\u00e5 mottagare<\/strong> av hederspriser kan l\u00e4mnas till f\u00f6reningens sekreterare, Lars Dahl\u00e9n. Maila till lars.dahl\u00e9n@skogsstyrelsen.se eller ring 0476-26856 eller skriv till Lars Dahl\u00e9n, Skogsstyrelsen, Box 6, 243 21 H\u00f6\u00f6r.<\/p>\n<p>Motiveringar \u00e5ren 2004-2015 framg\u00e5r antingen via \u00e5rtalsl\u00e4nkarna nedan eller via undermenyerna till huvudrubriken &#8221;Hederspriser&#8221; ovan. Fr\u00e5n 2016 finns motiveringarna bara via undermenyerna till huvudrubriken &#8221;Hederspriser&#8221; ovan.<\/p>\n<table border=\"0\" width=\"100%\" cellpadding=\"0\">\n<tbody>\n<tr>\n<th scope=\"col\" align=\"left\" width=\"7%\"><span class=\"table\"><a title=\"Hederspriser 2004\" href=\"http:\/\/skogobete.se\/?page_id=58\">2004<\/a><\/span><\/th>\n<th scope=\"col\" align=\"left\" width=\"7%\"><span class=\"table\"><a title=\"Hederspriser 2005\" href=\"http:\/\/skogobete.se\/?page_id=60\">2005<\/a><\/span><\/th>\n<th scope=\"col\" align=\"left\" width=\"7%\"><span class=\"table\"><a title=\"Hederspriser 2006\" href=\"http:\/\/skogobete.se\/?page_id=62\">2006<\/a><\/span><\/th>\n<th scope=\"col\" align=\"left\" width=\"7%\"><span class=\"table\"><a title=\"Hederspriser 2007\" href=\"http:\/\/skogobete.se\/?page_id=65\">2007<\/a><\/span><\/th>\n<th scope=\"col\" align=\"left\" width=\"7%\"><span class=\"table\"><a title=\"Hederspriser 2008\" href=\"http:\/\/skogobete.se\/?page_id=67\">2008<\/a><\/span><\/th>\n<th scope=\"col\" align=\"left\" width=\"7%\"><a class=\"table\" title=\"Hederspriser 2009\" href=\"http:\/\/skogobete.se\/?page_id=69\">2009<\/a><\/th>\n<th scope=\"col\" align=\"left\" width=\"7%\"><a class=\"table\" title=\"Hederspriser 2010\" href=\"http:\/\/skogobete.se\/?page_id=71\">2010<\/a><\/th>\n<th class=\"table\" scope=\"col\" align=\"left\" width=\"7%\"><a title=\"Hederspriser 2011\" href=\"http:\/\/skogobete.se\/?page_id=73\">2011<\/a><\/th>\n<th class=\"table\" scope=\"col\" align=\"left\" width=\"7%\"><a title=\"Hederspriser 2012\" href=\"http:\/\/skogobete.se\/?page_id=75\">2012<\/a><\/th>\n<th scope=\"col\" align=\"left\" width=\"7%\">\u00a0<a title=\"Hederspriser 2013\" href=\"http:\/\/skogobete.se\/?page_id=91\">2013<\/a><\/th>\n<th scope=\"col\" align=\"left\" width=\"7%\"><span style=\"color: #33cccc;\">\u00a0<a title=\"Hederspriser 2014\" href=\"http:\/\/skogobete.se\/?page_id=150\"><span style=\"color: #666699; text-decoration: underline;\">2014 <\/span><\/a><\/span><\/th>\n<th class=\"table\" scope=\"col\" align=\"left\" width=\"7%\"><a title=\"Hederspriser 2015\" href=\"http:\/\/skogobete.se\/?page_id=314\">2015<\/a><\/th>\n<th scope=\"col\" align=\"left\" width=\"7%\"><\/th>\n<\/tr>\n<\/tbody>\n<\/table>\n<p style=\"text-align: justify;\"><strong><span style=\"font-family: Verdana, Arial, Helvetica, sans-serif; font-size: small;\"><span class=\"mellanrubrik\">Tidigare pristagare<\/span><\/span><\/strong><\/p>\n<p>2016 G\u00e5rds\u00e4gare\u00a0\u00a0\u00a0\u00a0\u00a0\u00a0\u00a0\u00a0\u00a0\u00a0\u00a0 Martina B\u00e4rnheim, Hamilton Hill, F\u00e4rl\u00f6v<br \/>\n2016 Skogs\u00e4garna\u00a0\u00a0\u00a0\u00a0\u00a0\u00a0\u00a0\u00a0\u00a0 Holger och Rikard Hansson, Gammalstorp, H\u00f6rby<br \/>\n2015\u00a0Skogs\u00e4gare\u00a0\u00a0\u00a0\u00a0\u00a0\u00a0\u00a0\u00a0\u00a0\u00a0\u00a0\u00a0 Jonas Johansson, B\u00e4linge, \u00d6rkelljunga<br \/>\n2015 Skogs\u00e4gare\u00a0\u00a0\u00a0\u00a0\u00a0\u00a0\u00a0\u00a0\u00a0\u00a0\u00a0\u00a0 Mattias Persson, Vesljunga, Visseltofta<br \/>\n2014 Skogsf\u00f6rvaltare\u00a0\u00a0\u00a0\u00a0 Esben M\u00f6ller Madsen, Sk\u00e5neskogens Utvecklings AB<br \/>\n2014\u00a0Skogs\u00e4gare\u00a0\u00a0\u00a0\u00a0\u00a0\u00a0\u00a0\u00a0\u00a0\u00a0\u00a0\u00a0 Assar Nilsson, Hyllstofta, Klippan<br \/>\n2013 Skogs\u00e4gare\u00a0\u00a0\u00a0\u00a0\u00a0\u00a0\u00a0\u00a0\u00a0\u00a0\u00a0\u00a0 Bengt J\u00f6nsson, Harphult, H\u00f6rby<br \/>\n2013 Skogs\u00e4gare\u00a0\u00a0\u00a0\u00a0\u00a0\u00a0\u00a0\u00a0\u00a0\u00a0\u00a0\u00a0 Sten Gyllenstierna, Bj\u00e4rsg\u00e5rd, Klippan<\/p>\n<table style=\"height: 1646px;\" border=\"0\" width=\"626\" cellpadding=\"0\">\n<tbody>\n<tr>\n<td class=\"table\" scope=\"col\" align=\"left\">2012<\/td>\n<td class=\"table\" scope=\"col\" align=\"left\">Skogs\u00e4gare<\/td>\n<td class=\"table\" scope=\"col\" align=\"left\">Sven Str\u00f6beck, Ekastiga 5:1, H\u00f6\u00f6r<\/td>\n<\/tr>\n<tr>\n<td class=\"table\" scope=\"col\" align=\"left\">2012<\/td>\n<td class=\"table\" scope=\"col\" align=\"left\">G\u00e5rds\u00e4gare<\/td>\n<td class=\"table\" scope=\"col\" align=\"left\">Mikael och Annika Pettersson, Gr\u00e4sljunga g\u00e5rd, Visseltofta<\/td>\n<\/tr>\n<tr>\n<td class=\"table\" scope=\"col\" align=\"left\" valign=\"top\">2011<\/td>\n<td scope=\"col\" align=\"left\" valign=\"top\"><span class=\"table\">Skogs\u00e4gare<\/span><\/td>\n<td class=\"table\" scope=\"col\" align=\"left\" valign=\"top\">Goldy Ramklint, Funderset 3:3, H\u00f6rby kommun.<\/td>\n<\/tr>\n<tr>\n<td class=\"table\" scope=\"col\" align=\"left\" valign=\"top\">2011<\/td>\n<td class=\"table\" scope=\"col\" align=\"left\" valign=\"top\">Lantbrukare<\/td>\n<td class=\"table\" scope=\"col\" align=\"left\" valign=\"top\">Ulf Vingren, Vasabygget 1:17 med flera i Perstorps kommun.<\/td>\n<\/tr>\n<tr>\n<td class=\"table\" scope=\"col\" width=\"7%\">\n<div align=\"left\">2010<\/div>\n<\/td>\n<td scope=\"col\" width=\"19%\">\n<div class=\"table\" align=\"left\">G\u00e5rds\u00e4gare<\/div>\n<\/td>\n<td scope=\"col\" width=\"74%\">\n<div class=\"table\" align=\"left\">Ulrika Stengard-Olsson, S\u00f6der\u00e5sens Forsg\u00e5rd 3470, Kvidinge<\/div>\n<\/td>\n<\/tr>\n<tr>\n<td>\n<div align=\"left\">2010<\/div>\n<\/td>\n<td>\n<div class=\"table\" align=\"left\">L\u00e4rare<\/div>\n<\/td>\n<td>\n<div align=\"left\"><span class=\"table\">Ulf Petersson, Olahus 2206, 281 44 Stoby<\/span><\/div>\n<\/td>\n<\/tr>\n<tr>\n<td>\n<div align=\"left\">2009<\/div>\n<\/td>\n<td><\/td>\n<td>\n<div align=\"left\">Kerstin och Carl-Axel Dahlgren, KC-Ranch, Torna H\u00e4llestad<\/div>\n<\/td>\n<\/tr>\n<tr>\n<td>\n<div align=\"left\">2009<\/div>\n<\/td>\n<td><\/td>\n<td>\n<div align=\"left\">Alvar Manfredsson, H\u00e4stveda<\/div>\n<\/td>\n<\/tr>\n<tr>\n<td>\n<div align=\"left\">2008<\/div>\n<\/td>\n<td>\n<div align=\"left\">Mark\u00e4gare<\/div>\n<\/td>\n<td>\n<div align=\"left\"><span class=\"table\">S\u00f6ren Egeskov<\/span>, Rosl\u00e4tt 1:2, Svedala<\/div>\n<\/td>\n<\/tr>\n<tr>\n<td>2008<\/td>\n<td>\n<div align=\"left\">Skogs\u00e4gare<\/div>\n<\/td>\n<td>\n<div align=\"left\">Olle Ericsson, Lund<\/div>\n<\/td>\n<\/tr>\n<tr>\n<td>\n<div align=\"left\">2007<\/div>\n<\/td>\n<td>\n<div align=\"left\">Skogsarbetare<\/div>\n<\/td>\n<td>\n<div align=\"left\"><span class=\"table\"><span style=\"font-family: Verdana, Arial, Helvetica, sans-serif;\">Leif Liljekvist<\/span><\/span><span style=\"font-family: Verdana, Arial, Helvetica, sans-serif;\">, K\u00e5ger\u00f6d<\/span><\/div>\n<\/td>\n<\/tr>\n<tr>\n<td>\n<div align=\"left\">2007<\/div>\n<\/td>\n<td>\n<div align=\"left\">Lantbrukare<\/div>\n<\/td>\n<td>\n<div align=\"left\"><span class=\"table\"><span style=\"font-family: Verdana, Arial, Helvetica, sans-serif;\">Martin Olsson<\/span><\/span><span style=\"font-family: Verdana, Arial, Helvetica, sans-serif;\">, Tofta, H\u00f6\u00f6r<\/span><\/div>\n<\/td>\n<\/tr>\n<tr>\n<td>\n<div align=\"left\">2006<\/div>\n<\/td>\n<td>\n<div align=\"left\">Lantbrukare<\/div>\n<\/td>\n<td>\n<div align=\"left\">Arne Landgren, Aggarp, Ljungbyhed<\/div>\n<\/td>\n<\/tr>\n<tr>\n<td>2006<\/td>\n<td>L\u00e4rare<\/td>\n<td>Uno Eliasson, Linder\u00f6d<\/td>\n<\/tr>\n<tr>\n<td>2005<\/td>\n<td>Lantbrukare<\/td>\n<td>Maria och Ingemar Arvidsson, Romper\u00f6d, Glim\u00e5kra<\/td>\n<\/tr>\n<tr>\n<td>2005<\/td>\n<td>Lantbrukare<\/td>\n<td>Birgit Johansson, \u00c5minne, Tjutaryd, V\u00e4rnamo<\/td>\n<\/tr>\n<tr>\n<td>2004<\/td>\n<td>Byr\u00e5direkt\u00f6r<\/td>\n<td>Stig-Lennart Sj\u00f6berg, N\u00f6bbel\u00f6vsv\u00e4gen, Lund<\/td>\n<\/tr>\n<tr>\n<td>2004<\/td>\n<td>Lantbrukare<\/td>\n<td>Inga och Sten J\u00f6nsson, Bosarp, Glim\u00e5kra<\/td>\n<\/tr>\n<tr>\n<td>\n<div align=\"left\">2003<\/div>\n<\/td>\n<td>\n<div align=\"left\">Lantbrukare<\/div>\n<\/td>\n<td>\n<div align=\"left\">Lena o Leif J\u00f6nsson, Marietorp, Tunby, Smedstorp<\/div>\n<\/td>\n<\/tr>\n<tr>\n<td>2003<\/td>\n<td>Lantbrukare<\/td>\n<td>Eva o Karl-Gustav Persson, K\u00e4llstorp, Glim\u00e5kra<\/td>\n<\/tr>\n<tr>\n<td>2002<\/td>\n<td>Lantbrukare<\/td>\n<td>Lena Svensson o Jerry Olsson, Gundrastorp, Vittsj\u00f6<\/td>\n<\/tr>\n<tr>\n<td>2002<\/td>\n<td>Lantbrukare<\/td>\n<td>Ingvar Modig, N. R\u00f6rum, H\u00f6\u00f6r<\/td>\n<\/tr>\n<tr>\n<td>2001<\/td>\n<td>Mark\u00e4gare<\/td>\n<td>Eva <span style=\"text-decoration: underline;\">o<\/span> Gert Steinick, R\u00e5set 8:1 <span style=\"text-decoration: underline;\">o <\/span>4:2., H\u00f6rby<\/td>\n<\/tr>\n<tr>\n<td>2001<\/td>\n<td>Mark\u00e4gare<\/td>\n<td>Lars Bengtsson, Edema 1:5 <span style=\"text-decoration: underline;\">o<\/span> Traneboda 1:24<\/td>\n<\/tr>\n<tr>\n<td>2000<\/td>\n<td><\/td>\n<td>Anders Dahlqvist, Attarp, H\u00e4ssleholm<\/td>\n<\/tr>\n<tr>\n<td>2000<\/td>\n<td>Mark\u00e4gare<\/td>\n<td>J\u00f6rgen, Karin <span style=\"text-decoration: underline;\">o<\/span> Christina Kockum, Kadesj\u00f6 g\u00e5rd, Rydsg\u00e5rd<\/td>\n<\/tr>\n<tr>\n<td>1999<\/td>\n<td>Lantbrukare<\/td>\n<td>Yngve Nilsson,Vallarum,Vollsj\u00f6.<\/td>\n<\/tr>\n<tr>\n<td>1999<\/td>\n<td>Lantbrukare<\/td>\n<td>Henry J\u00f6nsson, Holm\u00f6, Linder\u00f6d<\/td>\n<\/tr>\n<tr>\n<td>1998<\/td>\n<td>Lantbrukare<\/td>\n<td>Ulla och Tore M\u00e5rtensson, Fridhem, S\u00f6sdala<\/td>\n<\/tr>\n<tr>\n<td>1998<\/td>\n<td>Lantbrukare<\/td>\n<td>Eva och Gert Nilsson, Ekastiga, H\u00f6\u00f6r<\/td>\n<\/tr>\n<tr>\n<td>1997<\/td>\n<td>Lantbrukare<\/td>\n<td>Kjell Svensson, Gr\u00e4sljunga, Osby<\/td>\n<\/tr>\n<tr>\n<td>1997<\/td>\n<td>Lantbrukare<\/td>\n<td>Kerstin och \u00c5ke Nygren, Bigarr\u00e5gatan, Veber\u00f6d<\/td>\n<\/tr>\n<tr>\n<td>1996<\/td>\n<td>Lantbrukare<\/td>\n<td>Hans Ivar Svensson, Kyrkbyn, Tj\u00f6rnarp<\/td>\n<\/tr>\n<tr>\n<td>1996<\/td>\n<td>Lantbrukare<\/td>\n<td>Rigmor och Sven Knutsson, Margretetorp, Hj\u00e4rnarp<\/td>\n<\/tr>\n<tr>\n<td>1995<\/td>\n<td>J\u00e4gm\u00e4stare<\/td>\n<td>Martin Werner, SkogForsk, Ekebo, Sval\u00f6v<\/td>\n<\/tr>\n<tr>\n<td>1994<\/td>\n<td>Civilingenj\u00f6r<\/td>\n<td>Urban Wehtje, Rydsg\u00e5rds gods, Rydsg\u00e5rd<\/td>\n<\/tr>\n<tr>\n<td>1993<\/td>\n<td>Lantbrukare<\/td>\n<td>Jan Sonesson, Gunnar\u00f6ds g\u00e5rd, Billinge<\/td>\n<\/tr>\n<tr>\n<td>1993<\/td>\n<td>Lantbrukare<\/td>\n<td>Per Inge Olsson, Hovby, Backav\u00e4gen, Kristianstad<\/td>\n<\/tr>\n<tr>\n<td>1992<\/td>\n<td>Lantbrukare<\/td>\n<td>Hans Modig, H\u00f6\u00f6r<\/td>\n<\/tr>\n<tr>\n<td>1992<\/td>\n<td>Lantbrukare<\/td>\n<td>Ture Nilsson, H\u00e4stveda<\/td>\n<\/tr>\n<tr>\n<td>1991<\/td>\n<td>Lantbrukare<\/td>\n<td>Kjell Edvinsson, Ormastorp, H\u00f6rby<\/td>\n<\/tr>\n<tr>\n<td>1991<\/td>\n<td>Lantbrukare<\/td>\n<td>Nils Ebbe Johansson, Maglehem, Kvidinge<\/td>\n<\/tr>\n<tr>\n<td>1990<\/td>\n<td>Skogs\u00e4gare<\/td>\n<td>Tord Hjalmarsson, H\u00f6stgatan, H\u00f6\u00f6r<\/td>\n<\/tr>\n<tr>\n<td>1990<\/td>\n<td>Lantbrukare<\/td>\n<td>Nils Lund\u00e9n, Tunadalsv\u00e4gen, N\u00e4sum<\/td>\n<\/tr>\n<tr>\n<td>1990<\/td>\n<td>Lantbrukare<\/td>\n<td>John Boserup, Bagarliden, Glim\u00e5kra<\/td>\n<\/tr>\n<\/tbody>\n<\/table>\n<p><a href=\"http:\/\/skogobete.se\/wp-content\/uploads\/2015\/09\/Pristagare-fr\u00e5n-1932-SB.pdf\">Pristagare fr\u00e5n 1932 SB<\/a><\/p>\n","protected":false},"excerpt":{"rendered":"<p>Tv\u00e5 hederspriser delas ut per \u00e5r i m\u00e5n av tillg\u00e5ng till l\u00e4mpliga kandidater: Sk\u00e5nes Skogs- och Betesv\u00e5rdsf\u00f6renings hederspris samt Sk\u00e5nska Dagbladets hederspris. \u00c4ndam\u00e5let med priserna \u00e4r: att gynna en god utveckling inom Skogs- och betessk\u00f6tselns omr\u00e5de i Sk\u00e5ne att skapa incitament f\u00f6r framtida insatser inom omr\u00e5det. Kriterier f\u00f6r hederspriserna: Till pristagare kan v\u00e4ljas \u00e4gare av [&hellip;]<\/p>\n","protected":false},"author":1,"featured_media":436,"parent":0,"menu_order":0,"comment_status":"closed","ping_status":"closed","template":"","meta":[],"_links":{"self":[{"href":"https:\/\/skogobete.se\/index.php?rest_route=\/wp\/v2\/pages\/55"}],"collection":[{"href":"https:\/\/skogobete.se\/index.php?rest_route=\/wp\/v2\/pages"}],"about":[{"href":"https:\/\/skogobete.se\/index.php?rest_route=\/wp\/v2\/types\/page"}],"author":[{"embeddable":true,"href":"https:\/\/skogobete.se\/index.php?rest_route=\/wp\/v2\/users\/1"}],"replies":[{"embeddable":true,"href":"https:\/\/skogobete.se\/index.php?rest_route=%2Fwp%2Fv2%2Fcomments&post=55"}],"version-history":[{"count":20,"href":"https:\/\/skogobete.se\/index.php?rest_route=\/wp\/v2\/pages\/55\/revisions"}],"predecessor-version":[{"id":658,"href":"https:\/\/skogobete.se\/index.php?rest_route=\/wp\/v2\/pages\/55\/revisions\/658"}],"wp:featuredmedia":[{"embeddable":true,"href":"https:\/\/skogobete.se\/index.php?rest_route=\/wp\/v2\/media\/436"}],"wp:attachment":[{"href":"https:\/\/skogobete.se\/index.php?rest_route=%2Fwp%2Fv2%2Fmedia&parent=55"}],"curies":[{"name":"wp","href":"https:\/\/api.w.org\/{rel}","templated":true}]}}