{"id":582,"date":"2017-09-05T11:59:12","date_gmt":"2017-09-05T09:59:12","guid":{"rendered":"http:\/\/skogobete.se\/?page_id=582"},"modified":"2025-05-16T07:58:07","modified_gmt":"2025-05-16T05:58:07","slug":"hederspriser-2017","status":"publish","type":"page","link":"https:\/\/skogobete.se\/?page_id=582","title":{"rendered":"Hederspriser 2017"},"content":{"rendered":"<h3><strong>Sk\u00e5nes Skogs- och Betesv\u00e5rdsf\u00f6renings hederspris 2017 <\/strong><\/h3>\n<p>tilldelas<\/p>\n<p><strong>Per \u00c5ke och Ingrid Persson, Nedanb\u00e4ck<\/strong><\/p>\n<div id=\"attachment_585\" style=\"width: 580px\" class=\"wp-caption alignnone\"><a href=\"http:\/\/skogobete.se\/wp-content\/uploads\/2017\/09\/Nedanb\u00e4ck.jpg\" rel=\"attachment wp-att-585\"><img aria-describedby=\"caption-attachment-585\" loading=\"lazy\" class=\"wp-image-585 size-full\" src=\"http:\/\/skogobete.se\/wp-content\/uploads\/2017\/09\/Nedanb\u00e4ck-e1504605951463.jpg\" alt=\"Per \u00c5ke och Ingrid Persson\" width=\"570\" height=\"546\" srcset=\"https:\/\/skogobete.se\/wp-content\/uploads\/2017\/09\/Nedanb\u00e4ck-e1504605951463.jpg 570w, https:\/\/skogobete.se\/wp-content\/uploads\/2017\/09\/Nedanb\u00e4ck-e1504605951463-300x287.jpg 300w\" sizes=\"(max-width: 570px) 100vw, 570px\" \/><\/a><p id=\"caption-attachment-585\" class=\"wp-caption-text\">Per \u00c5ke och Ingrid Persson<\/p><\/div>\n<p>Per \u00c5ke och Ingrid Persson \u00e4ger och brukar g\u00e5rden Nedanb\u00e4ck 1:3 som ligger mellan Osby och Glim\u00e5kra i \u00d6stra G\u00f6inge. Paret tog \u00f6ver g\u00e5rden fr\u00e5n\u00a0Per \u00c5kes f\u00f6r\u00e4ldrar 1982 vilket inneb\u00e4r att de \u00e4r 9:e generationen som driver g\u00e5rden.<\/p>\n<p>Till g\u00e5rden h\u00f6r 60 ha skog som till st\u00f6rsta delen best\u00e5r av granskog . Ca 60 ha \u00e5ker brukas aktivt, d\u00e4r huvuddelen \u00e4r vall, ett par hektar korn s\u00e5s \u00e5rligen f\u00f6r att f\u00f6rnya vallarna. Detta i en mellanbygd med sm\u00e5 skiften med mycket sten och vildsvin. \u00a0G\u00e5rdens djurh\u00e5llning best\u00e5r av 45 Limousin dikor, 15 suggor som ger ca 300 \u00e5rsgrisar, 35 f\u00e5r av blandras samt\u00a09 bisamh\u00e4llen. Allt drivs ekologiskt.<\/p>\n<p>All sk\u00f6tsel fr\u00e5\u00a5n plantering till slutavverkning sk\u00f6ts av paret sj\u00e4lva . Med hj\u00e4lp av egen traktorburen processor utf\u00f6r man skonsamma gallringar och avverkningar d\u00e4r en del av virket anv\u00e4nds till g\u00e5rdens byggnader vilka \u00e4r i ypperligt skick, bl.a. har man byggt stallar och maskinhall av eget virke.<\/p>\n<p>Betesmarken har ett stort inslag av l\u00f6vtr\u00e4d s\u00e5som bj\u00f6rk, al, ek och asp. D\u00e5 dessa betas av s\u00e5v\u00e4l n\u00f6t som f\u00e5r och till viss del gris h\u00e4vdas de v\u00e4l . Artrikedomen \u00e4r v\u00e4ldigt h\u00f6g p\u00e5 dessa marker som ligger inspr\u00e4ngda i omr\u00e5det som domineras av skog.<\/p>\n<p>2007 k\u00f6ptes husen p\u00e5 granng\u00e5rden, vilka en g\u00e5ng i tiden avstyckats fr\u00e5n g\u00e5rden. Bostadshuset p\u00e5 denna renoverades l\u00e5ngsamt och f\u00f6rsiktigt d\u00e4r man beh\u00f6ll s\u00e5 mycket som m\u00f6jligt av det gamla.<\/p>\n<p>I detta hus har paret i dag en g\u00e5rdsbutik d\u00e4r man bland annat s\u00e4ljer allt k\u00f6tt fr\u00e5n g\u00e5rden, vilket inneb\u00e4r allt fr\u00e5n styckningsdetaljer till egenr\u00f6kt korv.<\/p>\n<p>Per \u00c5ke och Ingrid \u00e4r v\u00e4rdiga mottagare av Skogs- och Betesv\u00e5rdsf\u00f6reningens hederspris.<\/p>\n<hr \/>\n<h3>Sk\u00e5nska Dagbladets Hederspris 2017<\/h3>\n<p>tilldelas<\/p>\n<p><strong>Lennart Bosrup, Bosarp, Glim\u00e5kra<\/strong><\/p>\n<div id=\"attachment_588\" style=\"width: 474px\" class=\"wp-caption alignnone\"><a href=\"http:\/\/skogobete.se\/wp-content\/uploads\/2017\/09\/Foto-Lennart-Bosrup.jpeg\" rel=\"attachment wp-att-588\"><img aria-describedby=\"caption-attachment-588\" loading=\"lazy\" class=\"wp-image-588 size-full\" src=\"http:\/\/skogobete.se\/wp-content\/uploads\/2017\/09\/Foto-Lennart-Bosrup-e1504605988218.jpeg\" alt=\"Foto Lennart Bosrup\" width=\"464\" height=\"427\" srcset=\"https:\/\/skogobete.se\/wp-content\/uploads\/2017\/09\/Foto-Lennart-Bosrup-e1504605988218.jpeg 464w, https:\/\/skogobete.se\/wp-content\/uploads\/2017\/09\/Foto-Lennart-Bosrup-e1504605988218-300x276.jpeg 300w\" sizes=\"(max-width: 464px) 100vw, 464px\" \/><\/a><p id=\"caption-attachment-588\" class=\"wp-caption-text\">Lennart Bosrup<\/p><\/div>\n<p>Lennart Bosrup \u00e4ger fastigheten Bosarp 1:17, i Glim\u00e5kra socken, \u00d6stra G\u00f6inge kommun. Fastigheten som \u00e4r ca 100 hektar stor best\u00e5r till drygt 80 hektar av skog.<\/p>\n<p>Lennart Bosrup har ett brinnande intresse f\u00f6r skogen och dess brukande d\u00e4r eken, b\u00e5de odlingen och f\u00f6r\u00e4dlingen, \u00e4r stora drivkrafter. Lennarts intresse f\u00f6r ekodling och eksk\u00f6tsel skapar en intressant landskapsbild p\u00e5 fastigheten. Sk\u00f6tseln av ekar i olika \u00e5ldrar och storlekar i best\u00e5nd med annan skog i olika stadier och tr\u00e4dslagsblandningar ger en stor variation inom fastigheten. Detta ger en sp\u00e4nnande milj\u00f6 att r\u00f6ra sig i. B\u00e5de f\u00f6r den skogsbruksintresserade och de som bara \u00e4r ute efter en rekreationsupplevelse. Lennarts ekskog bjuder inte bara p\u00e5 naturupplevelser utan genom lokal f\u00f6r\u00e4dling sprider han traktens ekar genom h\u00f6gkvalitativa golv.<\/p>\n<p>Lennart \u00e4r initiativtagare till mycket aktiviteter i bygden kring skogen s\u00e5som utbildningar, studiecirklar, olika m\u00f6ten och tr\u00e4ffar kring blandskogen och inom hyggesfritt skogsbruk. Han f\u00f6rs\u00f6ker alltid se m\u00f6jligheter och \u00e4r \u00f6ppen f\u00f6r nya influenser och nytt t\u00e4nkande som han gener\u00f6st delar med sig genom tankar och vunna erfarenheter \u00e4ven i sociala medier.<\/p>\n<p>Lennart Bosrup \u00e4r en v\u00e4rdig mottagare av Sk\u00e5nska Dagbladets hederspris.<\/p>\n","protected":false},"excerpt":{"rendered":"<p>Sk\u00e5nes Skogs- och Betesv\u00e5rdsf\u00f6renings hederspris 2017 tilldelas Per \u00c5ke och Ingrid Persson, Nedanb\u00e4ck Per \u00c5ke och Ingrid Persson \u00e4ger och brukar g\u00e5rden Nedanb\u00e4ck 1:3 som ligger mellan Osby och Glim\u00e5kra i \u00d6stra G\u00f6inge. Paret tog \u00f6ver g\u00e5rden fr\u00e5n\u00a0Per \u00c5kes f\u00f6r\u00e4ldrar 1982 vilket inneb\u00e4r att de \u00e4r 9:e generationen som driver g\u00e5rden. Till g\u00e5rden h\u00f6r 60 [&hellip;]<\/p>\n","protected":false},"author":6,"featured_media":0,"parent":55,"menu_order":0,"comment_status":"closed","ping_status":"closed","template":"","meta":[],"_links":{"self":[{"href":"https:\/\/skogobete.se\/index.php?rest_route=\/wp\/v2\/pages\/582"}],"collection":[{"href":"https:\/\/skogobete.se\/index.php?rest_route=\/wp\/v2\/pages"}],"about":[{"href":"https:\/\/skogobete.se\/index.php?rest_route=\/wp\/v2\/types\/page"}],"author":[{"embeddable":true,"href":"https:\/\/skogobete.se\/index.php?rest_route=\/wp\/v2\/users\/6"}],"replies":[{"embeddable":true,"href":"https:\/\/skogobete.se\/index.php?rest_route=%2Fwp%2Fv2%2Fcomments&post=582"}],"version-history":[{"count":4,"href":"https:\/\/skogobete.se\/index.php?rest_route=\/wp\/v2\/pages\/582\/revisions"}],"predecessor-version":[{"id":590,"href":"https:\/\/skogobete.se\/index.php?rest_route=\/wp\/v2\/pages\/582\/revisions\/590"}],"up":[{"embeddable":true,"href":"https:\/\/skogobete.se\/index.php?rest_route=\/wp\/v2\/pages\/55"}],"wp:attachment":[{"href":"https:\/\/skogobete.se\/index.php?rest_route=%2Fwp%2Fv2%2Fmedia&parent=582"}],"curies":[{"name":"wp","href":"https:\/\/api.w.org\/{rel}","templated":true}]}}