{"id":60,"date":"2014-11-11T23:26:04","date_gmt":"2014-11-11T22:26:04","guid":{"rendered":"http:\/\/skogobete.se\/?page_id=60"},"modified":"2014-11-11T23:32:15","modified_gmt":"2014-11-11T22:32:15","slug":"hederspriser-2005","status":"publish","type":"page","link":"https:\/\/skogobete.se\/?page_id=60","title":{"rendered":"Hederspriser 2005"},"content":{"rendered":"<p><span class=\"mellanrubrik_gul_bgr\"><span style=\"color: #67946d; font-family: Verdana, Arial, Helvetica, sans-serif;\"><b>Motiveringar till hederspriser 2005<\/b><\/span><\/span><\/p>\n<p><span class=\"mellanrubrik\"><span style=\"font-family: Verdana, Arial, Helvetica, sans-serif;\"><b>Sk\u00e5nes Skogs- och Betesv\u00e5rdsf\u00f6renings hederspris 2005<\/b><\/span><\/span><span style=\"font-family: Verdana, Arial, Helvetica, sans-serif; font-size: small;\"><\/p>\n<p><\/span><span class=\"table\"><span style=\"font-family: Verdana, Arial, Helvetica, sans-serif;\">Fastighet: Romper\u00f6d 1:1<\/span><\/span><\/p>\n<p class=\"table\"><span class=\"table_fet\"><span style=\"font-family: Verdana, Arial, Helvetica, sans-serif;\">Maria och Ingemar Arvidsson<\/span><\/span><span style=\"font-family: Verdana, Arial, Helvetica, sans-serif;\"><br \/>\nRomper\u00f6d Pl 3008<br \/>\n280 64 Glim\u00e5kra<\/span><\/p>\n<p><span class=\"table\"><span style=\"font-family: Verdana, Arial, Helvetica, sans-serif;\">Styrelsen f\u00f6r Sk\u00e5nes Skogs- och Betesv\u00e5rdsf\u00f6rening har utsett \u00e4garna till fastigheten Romper\u00f6d 1:1 i Glim\u00e5kra f\u00f6rsamling, \u00d6stra G\u00f6inge kommun, Ingemar och Maria Arvidsson, <i>till mottagare av<\/i> f\u00f6reningens hederspris 2005.<\/p>\n<p>Fastigheten Rumper\u00f6d 1:1 eller Romper\u00f6d 1:1, som den ocks\u00e5 kallas, \u00e4r bel\u00e4gen cirka 3 km norr om Glim\u00e5kra. Skogsmarken utg\u00f6r drygt 120 ha och resterande del p\u00e5 cirka 40 ha best\u00e5r av in\u00e4gor.<\/p>\n<p>Skogen har sedan l\u00e5ng tid tillbaka brukats enligt alternativa sk\u00f6tselmodeller. Maria Arvidssons far, Mats Svensson och farbror, Ingvar Svensson, har lagt grunden till det skonsamma och l\u00e5ngsiktigt uth\u00e5lliga brukandet av skogens resurser genom bl\u00e4dningsmetoder.<\/p>\n<p>Makarna Arvidsson g\u00e5r i f\u00e4dernas fotsp\u00e5r och till\u00e4mpar p\u00e5 ett f\u00f6rtj\u00e4nstfullt s\u00e4tt samma metoder i sitt brukande av fastigheten.<\/p>\n<p>Romper\u00f6dsberget med den tillh\u00f6rande \u00c4ngav\u00e5ngen \u00e4r v\u00e4ldokumenterat i olika sammanhang som naturv\u00e5rdsplaner utformade av diverse instanser.<br \/>\nDen kemiskt l\u00e4ttvittrade och kalkrika gr\u00f6nstensberggrunden ger f\u00f6ruts\u00e4ttning f\u00f6r en mycket artrik flora, fauna och fungi, vilket \u00e4r fallet i detta omr\u00e5de.<\/p>\n<p>\u00c4ngav\u00e5ngen \u00e4r ett mosaikartat omr\u00e5de bevuxet med blandat l\u00f6v och \u00e4dell\u00f6v med sp\u00e5r efter ett tidigare l\u00f6v\u00e4ngsbruk. Vissa delar utg\u00f6r idag slutna lundmilj\u00f6er med f\u00f6r dessa biotoptyper karakteristisk artrikedom av k\u00e4rlv\u00e4xter, mossor, lavar, svampar etc. H\u00e4vden uppr\u00e4tth\u00e5lles med mild plockhuggning, r\u00f6jning och betesdrift. \u00c5terhamling av gamla tr\u00e4d sker fortl\u00f6pande.<\/p>\n<p>Maria och Ingemar Arvidsson v\u00e4lkomnar gener\u00f6st bes\u00f6kare till sin fastighet antingen det g\u00e4ller vanliga naturnjutare eller grupper av yngre generationers skogsstudenter som f\u00e5r sitt intresse f\u00f6r studier av bl\u00e4dningsskog tillfredsst\u00e4llt.<br \/>\nFastigheten utg\u00f6r en f\u00f6rebild f\u00f6r hur man bedriver ett kalhyggesfritt skogsbruk sedan decennier tillbaka i tiden.<\/p>\n<p>Carl von Friesendorff<br \/>\nF\u00f6reningens ordf\u00f6rande<\/p>\n<p><\/span><\/span><span style=\"font-family: Verdana, Arial, Helvetica, sans-serif; font-size: small;\"><br \/>\n<\/span><\/p>\n<p class=\"mellanrubrik\"><span style=\"font-family: Verdana, Arial, Helvetica, sans-serif;\"><b>Sk\u00e5nska Dagbladets hederspris 2005<\/b><\/span><\/p>\n<p class=\"table\"><span style=\"font-family: Verdana, Arial, Helvetica, sans-serif;\">Fastighet: Munkarp 10:1<\/span><\/p>\n<p class=\"table\"><span class=\"table_fet\"><span style=\"font-family: Verdana, Arial, Helvetica, sans-serif;\">Birgit Johansson<\/span><\/span><span style=\"font-family: Verdana, Arial, Helvetica, sans-serif;\"><br \/>\n\u00c5minne, Tjutaryd<br \/>\n331 91 V\u00e4rnamo<\/p>\n<p>Styrelsen f\u00f6r Sk\u00e5nes Skogs- och Betesv\u00e5rdsf\u00f6rening har utsett \u00e4garen till fastigheten Munkarp 10:1 i Munkarps socken, H\u00f6\u00f6rs kommun, Birgit Johansson<i> till mottagare av<\/i> Sk\u00e5nska Dagbladets hederspris 2005.<\/span><\/p>\n<p class=\"table\"><span style=\"font-family: Verdana, Arial, Helvetica, sans-serif;\">Fastigheten \u00e4r p\u00e5 totalt 66,9 ha varav skog 35,4 ha. Den \u00f6ppna arealen, huvudsakligen betesmark \u00e4r utarrenderad till en granne som d\u00e4r har n\u00f6tkreatur.<\/span><\/p>\n<p class=\"table\"><span style=\"font-family: Verdana, Arial, Helvetica, sans-serif;\">Birgit har sedan hon \u00e4rvde fastigheten haft en konsekvent inriktning att ta vara p\u00e5 och utveckla fastighetens h\u00f6ga naturv\u00e4rden. En gr\u00f6n skogsbruksplan \u00f6ver fastighetens skogsmark gjordes av skogsstyrelsen 1999 med inriktning mot naturv\u00e5rd. I det efterf\u00f6ljande arbetet med att f\u00f6lja planen har fastighetens h\u00f6ga naturv\u00e4rden mer och mer kommit i fokus.<\/p>\n<p>Fastighetens skogsmark best\u00e5r uteslutande av l\u00f6vskog, huvudsakligen \u00e4dell\u00f6vskog (ek, bok, avenbok, l\u00f6nn) med inspr\u00e4ngda fuktstr\u00e5k av al och bj\u00f6rk. Skogsmarken \u00e4r gammal betad utmark som efter att betet f\u00f6rsvann successivt vuxit igen med ek, avenbok och bj\u00f6rk med inspr\u00e4ngda \u00e4ldre solit\u00e4rer av ek och bok.<\/span><\/p>\n<p class=\"table\"><span style=\"font-family: Verdana, Arial, Helvetica, sans-serif;\">Under de senaste \u00e5ren har fastighetens sju nyckelbiotoper skyddats med biotopskydd. \u00d6ver den \u00f6vriga skogsmarksarealen, med redan h\u00f6ga naturv\u00e4rden och stor potential f\u00f6r framtiden, har tecknats ett naturv\u00e5rdsavtal f\u00f6r att med naturv\u00e5rdsinriktade sk\u00f6tsel\u00e5tg\u00e4rder utveckla dessa v\u00e4rden. I fastighetens s\u00f6dra del har en igenvuxen enef\u00e4lad r\u00f6jts upp p\u00e5 ett ber\u00f6mv\u00e4rt s\u00e4tt. D\u00e4r g\u00e5r nu betande djur bland enar, aplar och hagmarksekar vilket gl\u00e4der varje naturv\u00e5rdare.<\/span><\/p>\n<p class=\"table\"><span style=\"font-family: Verdana, Arial, Helvetica, sans-serif;\">Den gr\u00f6na skogsbruksplanen reviderades 2002 och kompletterades med de naturv\u00e5rds\u00e5tg\u00e4rder som i konstruktiv dialog mellan skogsstyrelsen och Birgit lagts fast f\u00f6r framtiden.<\/span><\/p>\n<p class=\"table\"><span style=\"font-family: Verdana, Arial, Helvetica, sans-serif;\">Birgit \u00e4r mycket natur- och kulturintresserad och m\u00e5n om att fastigheten sk\u00f6ts p\u00e5 ett s\u00e4tt som k\u00e4nns r\u00e4tt och att naturv\u00e4rdena s\u00e4kras f\u00f6r framtiden. Att g\u00f6ra detta har varit sj\u00e4lvklart och naturligt f\u00f6r Birgit.<\/span><\/p>\n<p><span class=\"table\"><span style=\"font-family: Verdana, Arial, Helvetica, sans-serif;\">Carl von Friesendorff<br \/>\nF\u00f6reningens ordf\u00f6rande<br \/>\n<\/span><\/span><\/p>\n","protected":false},"excerpt":{"rendered":"<p>Motiveringar till hederspriser 2005 Sk\u00e5nes Skogs- och Betesv\u00e5rdsf\u00f6renings hederspris 2005 Fastighet: Romper\u00f6d 1:1 Maria och Ingemar Arvidsson Romper\u00f6d Pl 3008 280 64 Glim\u00e5kra Styrelsen f\u00f6r Sk\u00e5nes Skogs- och Betesv\u00e5rdsf\u00f6rening har utsett \u00e4garna till fastigheten Romper\u00f6d 1:1 i Glim\u00e5kra f\u00f6rsamling, \u00d6stra G\u00f6inge kommun, Ingemar och Maria Arvidsson, till mottagare av f\u00f6reningens hederspris 2005. Fastigheten Rumper\u00f6d 1:1 [&hellip;]<\/p>\n","protected":false},"author":1,"featured_media":0,"parent":55,"menu_order":0,"comment_status":"closed","ping_status":"closed","template":"","meta":[],"_links":{"self":[{"href":"https:\/\/skogobete.se\/index.php?rest_route=\/wp\/v2\/pages\/60"}],"collection":[{"href":"https:\/\/skogobete.se\/index.php?rest_route=\/wp\/v2\/pages"}],"about":[{"href":"https:\/\/skogobete.se\/index.php?rest_route=\/wp\/v2\/types\/page"}],"author":[{"embeddable":true,"href":"https:\/\/skogobete.se\/index.php?rest_route=\/wp\/v2\/users\/1"}],"replies":[{"embeddable":true,"href":"https:\/\/skogobete.se\/index.php?rest_route=%2Fwp%2Fv2%2Fcomments&post=60"}],"version-history":[{"count":1,"href":"https:\/\/skogobete.se\/index.php?rest_route=\/wp\/v2\/pages\/60\/revisions"}],"predecessor-version":[{"id":61,"href":"https:\/\/skogobete.se\/index.php?rest_route=\/wp\/v2\/pages\/60\/revisions\/61"}],"up":[{"embeddable":true,"href":"https:\/\/skogobete.se\/index.php?rest_route=\/wp\/v2\/pages\/55"}],"wp:attachment":[{"href":"https:\/\/skogobete.se\/index.php?rest_route=%2Fwp%2Fv2%2Fmedia&parent=60"}],"curies":[{"name":"wp","href":"https:\/\/api.w.org\/{rel}","templated":true}]}}