{"id":62,"date":"2014-11-11T23:26:29","date_gmt":"2014-11-11T22:26:29","guid":{"rendered":"http:\/\/skogobete.se\/?page_id=62"},"modified":"2015-07-15T12:34:54","modified_gmt":"2015-07-15T10:34:54","slug":"hederspriser-2006","status":"publish","type":"page","link":"https:\/\/skogobete.se\/?page_id=62","title":{"rendered":"Hederspriser 2006"},"content":{"rendered":"<p><span class=\"mellanrubrik\"><span style=\"font-family: Verdana, Arial, Helvetica, sans-serif;\"><b>Sk\u00e5nes Skogs- och Betesv\u00e5rdsf\u00f6renings hederspris 2006<\/b><\/span><\/span><\/p>\n<p><span class=\"table_fet\"><span style=\"font-family: Verdana, Arial, Helvetica, sans-serif;\">Uno Eliasson <\/span><\/span><span style=\"font-family: Verdana, Arial, Helvetica, sans-serif;\"><span class=\"table\"><br \/>\nLinnem\u00f6llav. 95<br \/>\n290 11 Linder\u00f6d<\/span><\/span><\/p>\n<p>Uno Eliasson har gjort stora insatser f\u00f6r att restaurera betesmarker och strand\u00e4ngar kring vattenrikets olika delar. Det \u00e4r sv\u00e5ra objekt det r\u00f6r sig om, omr\u00e5den som varit totalt igenbuskade har med r\u00f6jningsinsatser och h\u00e5rt betestryck \u00e5terf\u00f6rts till betesmark till gagn f\u00f6r vadarf\u00e5glar och flora.<\/p>\n<p>Uno jobbar som l\u00e4rare p\u00e5 Bollerup Naturbruksgymnasium och h\u00e5ller en st\u00f6rre k\u00f6ttdjursbes\u00e4ttning p\u00e5 sin fastighet i Liarumsdalen. Den egna fastigheten \u00e4r liten s\u00e5 sommarbetet sker huvudsakligen p\u00e5 arrenderade marker.<\/p>\n<p>Samarbetet med Uno, skogsstyrelsen och L\u00e4nsstyrelsen b\u00f6rjade med H\u00e5sl\u00f6vs \u00e4ngar i slutet av 80-talet. Efter bortr\u00f6jning av vass och vide b\u00f6rjade omr\u00e5det att h\u00e4vdas med bete och detta har gjort omr\u00e5det till en mycket v\u00e4rdefull rast och h\u00e4ckningslokal f\u00f6r vadarf\u00e5glar.<\/p>\n<p>Ett annat projekt \u00e4r Fredriksdalsviken-Lingen\u00e4set d\u00e4r en stor pionj\u00e4rinsats utf\u00f6rts. Buskarna lyftes upp med r\u00f6tterna och eldades f\u00f6r att undvika nya uppslag, d\u00e4refter har omr\u00e5det betats och h\u00e5llits \u00f6ppet. \u00c4ven p\u00e5 naturreservatet vid T\u00e4rn\u00f6-Sillebrands\u00f6 har stora insatser gjorts.<\/p>\n<p>F\u00f6r dessa insatser och som en inspirationsk\u00e4lla f\u00f6r andra ser vi honom som en v\u00e4rdig mottagare av Skogs och Betesv\u00e5rdsf\u00f6reningens hederspris.<\/p>\n<p>Carl von Friesendorff<br \/>\nF\u00f6reningens ordf\u00f6rande<\/p>\n<p><span class=\"mellanrubrik\"><span style=\"font-family: Verdana, Arial, Helvetica, sans-serif;\"><b>Sk\u00e5nska Dagbladets hederspris 2006<\/b><\/span><\/span><\/p>\n<p><span class=\"table_fet\"><span style=\"font-family: Verdana, Arial, Helvetica, sans-serif;\">Arne Landgren<\/span><\/span><span style=\"font-family: Verdana, Arial, Helvetica, sans-serif; font-size: small;\"><br \/>\n<\/span><span class=\"table\"><span style=\"font-family: Verdana, Arial, Helvetica, sans-serif;\">Aggarp<br \/>\n260 70 Ljungbyhed<br \/>\nTfn. 0435-770215<\/span><\/span><\/p>\n<p class=\"table\"><span style=\"font-family: Verdana, Arial, Helvetica, sans-serif;\">Arne Landgren \u00e4ger och brukar jordbruksfastigheten Aggarp 1:4 i F\u00e4ringtofta socken. Arne \u00f6vertog n\u00e4mnda fastighet efter sina f\u00f6r\u00e4ldrar 1988, men har drivit och brukat den sedan 1959, d\u00e5 fadern dog.<\/span><\/p>\n<p>Arne har bedrivit mj\u00f6lkproduktion fram till 1984 d\u00e5 han pga. s\u00e4mre l\u00f6nsamhet s\u00e5lde ut mj\u00f6lkdjuren. Samtidigt b\u00f6rjade Arne arbeta utanf\u00f6r den egna g\u00e5rden, framf\u00f6r allt med skogsarbete.<\/p>\n<p>N\u00e4r det g\u00e4ller den egna skogen p\u00e5 Aggarp har Arne utr\u00e4ttat ett j\u00e4ttestort arbete p\u00e5 att restaurera denna. Arne har bl.a. planterat 150 000 plantor. Planteringarna har sedan f\u00f6ljts upp ordentligt med r\u00f6jningar och sedermera gallringar. Idag har han en exemplariskt sk\u00f6tt skog. Skogen \u00e4r anlagd med stor h\u00e4nsyn till st\u00e5ndorten och de naturliga f\u00f6ruts\u00e4ttningarna; en \u00e5tg\u00e4rd som Arne var f\u00f6re sin tid med.<\/p>\n<p>Arne Landgren \u00e4r en synnerligen v\u00e4rdig mottagare av Sk\u00e5nska Dagbladets hederspris 2006.<\/p>\n<p>Carl von Friesendorff<br \/>\nF\u00f6reningens ordf\u00f6rande<\/p>\n","protected":false},"excerpt":{"rendered":"<p>Sk\u00e5nes Skogs- och Betesv\u00e5rdsf\u00f6renings hederspris 2006 Uno Eliasson Linnem\u00f6llav. 95 290 11 Linder\u00f6d Uno Eliasson har gjort stora insatser f\u00f6r att restaurera betesmarker och strand\u00e4ngar kring vattenrikets olika delar. Det \u00e4r sv\u00e5ra objekt det r\u00f6r sig om, omr\u00e5den som varit totalt igenbuskade har med r\u00f6jningsinsatser och h\u00e5rt betestryck \u00e5terf\u00f6rts till betesmark till gagn f\u00f6r vadarf\u00e5glar [&hellip;]<\/p>\n","protected":false},"author":1,"featured_media":0,"parent":55,"menu_order":0,"comment_status":"closed","ping_status":"closed","template":"","meta":[],"_links":{"self":[{"href":"https:\/\/skogobete.se\/index.php?rest_route=\/wp\/v2\/pages\/62"}],"collection":[{"href":"https:\/\/skogobete.se\/index.php?rest_route=\/wp\/v2\/pages"}],"about":[{"href":"https:\/\/skogobete.se\/index.php?rest_route=\/wp\/v2\/types\/page"}],"author":[{"embeddable":true,"href":"https:\/\/skogobete.se\/index.php?rest_route=\/wp\/v2\/users\/1"}],"replies":[{"embeddable":true,"href":"https:\/\/skogobete.se\/index.php?rest_route=%2Fwp%2Fv2%2Fcomments&post=62"}],"version-history":[{"count":3,"href":"https:\/\/skogobete.se\/index.php?rest_route=\/wp\/v2\/pages\/62\/revisions"}],"predecessor-version":[{"id":149,"href":"https:\/\/skogobete.se\/index.php?rest_route=\/wp\/v2\/pages\/62\/revisions\/149"}],"up":[{"embeddable":true,"href":"https:\/\/skogobete.se\/index.php?rest_route=\/wp\/v2\/pages\/55"}],"wp:attachment":[{"href":"https:\/\/skogobete.se\/index.php?rest_route=%2Fwp%2Fv2%2Fmedia&parent=62"}],"curies":[{"name":"wp","href":"https:\/\/api.w.org\/{rel}","templated":true}]}}