{"id":627,"date":"2018-01-07T13:22:25","date_gmt":"2018-01-07T12:22:25","guid":{"rendered":"http:\/\/skogobete.se\/?page_id=627"},"modified":"2023-11-09T11:24:25","modified_gmt":"2023-11-09T10:24:25","slug":"2008-2","status":"publish","type":"page","link":"https:\/\/skogobete.se\/?page_id=627","title":{"rendered":"2008"},"content":{"rendered":"<p><a href=\"http:\/\/skogobete.se\/wp-content\/uploads\/2018\/01\/Referat-\u00c5rsm\u00f6te-2008-Skog-bete-eller-vete.pdf\" rel=\"\">Referat \u00c5rsm\u00f6te 2008 Skog, bete eller vete<\/a><\/p>\n<p><a href=\"http:\/\/skogobete.se\/wp-content\/uploads\/2018\/01\/Referat-H\u00f6stm\u00f6te-2008-Vattenf\u00f6rvaltning-och-skogsskador-p\u00e5-l\u00f6vtr\u00e4d.pdf\" rel=\"\">Referat H\u00f6stm\u00f6te 2008 Vattenf\u00f6rvaltning och skogsskador p\u00e5 l\u00f6vtr\u00e4d<\/a><\/p>\n","protected":false},"excerpt":{"rendered":"<p>Referat \u00c5rsm\u00f6te 2008 Skog, bete eller vete Referat H\u00f6stm\u00f6te 2008 Vattenf\u00f6rvaltning och skogsskador p\u00e5 l\u00f6vtr\u00e4d<\/p>\n","protected":false},"author":6,"featured_media":0,"parent":161,"menu_order":0,"comment_status":"closed","ping_status":"closed","template":"","meta":[],"_links":{"self":[{"href":"https:\/\/skogobete.se\/index.php?rest_route=\/wp\/v2\/pages\/627"}],"collection":[{"href":"https:\/\/skogobete.se\/index.php?rest_route=\/wp\/v2\/pages"}],"about":[{"href":"https:\/\/skogobete.se\/index.php?rest_route=\/wp\/v2\/types\/page"}],"author":[{"embeddable":true,"href":"https:\/\/skogobete.se\/index.php?rest_route=\/wp\/v2\/users\/6"}],"replies":[{"embeddable":true,"href":"https:\/\/skogobete.se\/index.php?rest_route=%2Fwp%2Fv2%2Fcomments&post=627"}],"version-history":[{"count":3,"href":"https:\/\/skogobete.se\/index.php?rest_route=\/wp\/v2\/pages\/627\/revisions"}],"predecessor-version":[{"id":637,"href":"https:\/\/skogobete.se\/index.php?rest_route=\/wp\/v2\/pages\/627\/revisions\/637"}],"up":[{"embeddable":true,"href":"https:\/\/skogobete.se\/index.php?rest_route=\/wp\/v2\/pages\/161"}],"wp:attachment":[{"href":"https:\/\/skogobete.se\/index.php?rest_route=%2Fwp%2Fv2%2Fmedia&parent=627"}],"curies":[{"name":"wp","href":"https:\/\/api.w.org\/{rel}","templated":true}]}}