{"id":631,"date":"2018-01-07T13:29:00","date_gmt":"2018-01-07T12:29:00","guid":{"rendered":"http:\/\/skogobete.se\/?page_id=631"},"modified":"2023-11-09T11:24:25","modified_gmt":"2023-11-09T10:24:25","slug":"2007-2","status":"publish","type":"page","link":"https:\/\/skogobete.se\/?page_id=631","title":{"rendered":"2007"},"content":{"rendered":"<p><a href=\"http:\/\/skogobete.se\/wp-content\/uploads\/2018\/01\/Referat-H\u00f6stm\u00f6te-2007-Dags-f\u00f6r-salami-p\u00e5-gr\u00e5g\u00e5s.pdf\" rel=\"\">Referat H\u00f6stm\u00f6te 2007 Dags f\u00f6r salami p\u00e5 gr\u00e5g\u00e5s<\/a><\/p>\n","protected":false},"excerpt":{"rendered":"<p>Referat H\u00f6stm\u00f6te 2007 Dags f\u00f6r salami p\u00e5 gr\u00e5g\u00e5s<\/p>\n","protected":false},"author":6,"featured_media":0,"parent":161,"menu_order":0,"comment_status":"closed","ping_status":"closed","template":"","meta":[],"_links":{"self":[{"href":"https:\/\/skogobete.se\/index.php?rest_route=\/wp\/v2\/pages\/631"}],"collection":[{"href":"https:\/\/skogobete.se\/index.php?rest_route=\/wp\/v2\/pages"}],"about":[{"href":"https:\/\/skogobete.se\/index.php?rest_route=\/wp\/v2\/types\/page"}],"author":[{"embeddable":true,"href":"https:\/\/skogobete.se\/index.php?rest_route=\/wp\/v2\/users\/6"}],"replies":[{"embeddable":true,"href":"https:\/\/skogobete.se\/index.php?rest_route=%2Fwp%2Fv2%2Fcomments&post=631"}],"version-history":[{"count":1,"href":"https:\/\/skogobete.se\/index.php?rest_route=\/wp\/v2\/pages\/631\/revisions"}],"predecessor-version":[{"id":633,"href":"https:\/\/skogobete.se\/index.php?rest_route=\/wp\/v2\/pages\/631\/revisions\/633"}],"up":[{"embeddable":true,"href":"https:\/\/skogobete.se\/index.php?rest_route=\/wp\/v2\/pages\/161"}],"wp:attachment":[{"href":"https:\/\/skogobete.se\/index.php?rest_route=%2Fwp%2Fv2%2Fmedia&parent=631"}],"curies":[{"name":"wp","href":"https:\/\/api.w.org\/{rel}","templated":true}]}}