{"id":67,"date":"2014-11-11T23:27:31","date_gmt":"2014-11-11T22:27:31","guid":{"rendered":"http:\/\/skogobete.se\/?page_id=67"},"modified":"2014-11-11T23:32:31","modified_gmt":"2014-11-11T22:32:31","slug":"hederspriser-2008","status":"publish","type":"page","link":"https:\/\/skogobete.se\/?page_id=67","title":{"rendered":"Hederspriser 2008"},"content":{"rendered":"<p class=\"mellanrubrik\"><strong>Pristagare av Sk\u00e5nes Skogs- och Betesv\u00e5rdsf\u00f6reningen Hederspris 2008.<\/strong><\/p>\n<p class=\"table\"><span class=\"table_fet\">Olle Ericsson<\/span>, Nordmannav\u00e4gen 104, 224 75 Lund<\/p>\n<p class=\"table\">Olle Ericsson \u00e4ger fastigheten Gravar\u00f6d 1:6, i V\u00e4stra Torups socken, H\u00e4ssleholms kommun tillsammans med frun Inger och deras tv\u00e5 barn.<\/p>\n<p class=\"table\">Olle har varit \u00e4gare\/del\u00e4gare av fastigheten sedan 1954 och p\u00e5 olika s\u00e4tt tagit aktiv del i fastighetens sk\u00f6tsel sedan dess. Fadern k\u00f6pte fastigheten 1938.<\/p>\n<p class=\"table\">Fastigheten \u00e4r p\u00e5 67 ha, varav 52 ha \u00e4r produktiv skogsmark, 10 ha \u00e5ker\/betesmark och cirka\u00a0 2 ha dammar.<br \/>\nSkogens tr\u00e4dslag f\u00f6rdelar sig p\u00e5 65 % barrskog, fr\u00e4mst gran och l\u00e4rk och 35 % l\u00f6vskog mest bok.<br \/>\nFastigheten \u00e4r till stor del bel\u00e4gen p\u00e5, kuperade, sandiga\/grusiga marker.<\/p>\n<p class=\"table\">\nN\u00e4r fastigheten k\u00f6ptes 1938 var skogen belagd med avverkningsf\u00f6rbud och bestod till st\u00f6rsta delen av skogligt d\u00e5lig pionj\u00e4rskog. Olles fader fick vid ett tillf\u00e4lle efter andra v\u00e4rldskriget r\u00e5det att kalavverka och plantera gran p\u00e5 hela st\u00e4llet. Fadern tyckte dock att m\u00e5ngfalden skulle bevaras, varf\u00f6r dagens befintliga l\u00f6vskogar till stor del beror p\u00e5 denna och senare Olles viljeinriktning. P\u00e5 stora delar omf\u00f6rdes den befintliga skogen till gran och andra tr\u00e4dslag, men dessa omr\u00e5den \u00e4r hela tiden avbrutna av l\u00f6vskogsomr\u00e5den.<\/p>\n<p class=\"table\">\nOlle Ericsson har aktivt sk\u00f6tt de av fadern och honom sj\u00e4lv anlagda skogarna genom ofta \u00e5terkommande gallringar med sm\u00e5 uttag varje g\u00e5ng (15-20 %) varje g\u00e5ng. Denna filosofi g\u00e4ller alla tr\u00e4dslag och m\u00e5let \u00e4r att skapa tr\u00e4d med bra kronor. F\u00f6ryngringsavverkningarna utf\u00f6rs och inleds i s\u00e5 god tid att skador p\u00e5 grund av d\u00e5lig tr\u00e4dkondition minimeras.<br \/>\nDet \u00e4r just detta aktiva &#8211; intresserade brukande av skogen och fastigheten, parat med stort intresse f\u00f6r marktillst\u00e5ndet, som utm\u00e4rker Olle Ericsson,<br \/>\nDetta har t.ex. inneburit att hans bokskog till st\u00f6rsta delen saknar r\u00f6dk\u00e4rna p\u00e5 dessa magra bokskogsmarker. Olle har ocks\u00e5 ett st\u00e4ndigt intresse f\u00f6r att pr\u00f6va nyheter \u2013 g\u00e5 f\u00f6re.<\/p>\n<p class=\"table\">\nEtt exempel p\u00e5 detta \u00e4r: aktivt brukande av vattnet i ett 25-tal sm\u00e5 dammar, olika id\u00e9er f\u00f6r att h\u00e5lla \u00e5krarna\/betesmarkerna \u00f6ppna f\u00f6r landskapets skull, provande av olika tr\u00e4dslag, kalkning i \u00e4ldre bokskog kombinerat med markberedning med linder\u00f6dsgrisar, dubbelplantering av gran och l\u00e4rk f\u00f6r att undvika fejningsskador och nu senast ask\u00e5terf\u00f6ring p\u00e5 30 ha av skogsmarken.<br \/>\nOlle Ericsson \u00e4r en mycket kunnig och duktig skogs\u00e4gare\/fastighets\u00e4gare som genom sitt brukande av fastigheten och sin entusiasm f\u00f6r god sk\u00f6tsel, parat med en st\u00e4ndig nyfikenhet p\u00e5 nyheter, och att pr\u00f6va dem, \u00e4r ett lysande exempel och inspirationsk\u00e4lla f\u00f6r andra fastighets\u00e4gare.<\/p>\n<p class=\"table\">\nOlle \u00e4r en mycket god representant f\u00f6r sin skogs\u00e4garkategori, utborna och v\u00e4l v\u00e4rd att tilldelas Sk\u00e5nes Skogs- och Betesv\u00e5rdsf\u00f6reningens Hederspris.<\/p>\n<p><span class=\"table_fet\">Olle Ericsson<\/span> \u00e4r en v\u00e4rdig mottagare av Sk\u00e5nes Skogs- och Betesv\u00e5rdsf\u00f6renings Hederspris 2008.<\/p>\n<hr \/>\n<p class=\"mellanrubrik\"><strong>Pristagare av Sk\u00e5nska Dagbladets Hederspris 2008.<\/strong><\/p>\n<p class=\"table\"><span class=\"table_fet\">S\u00f6ren Egeskov<\/span> \u00e4r \u00e4gare till fastigheten Rosl\u00e4tt 1:2, Svedala, vars marker utbreder sig l\u00e4ngs Yddingesj\u00f6n s\u00f6dra och \u00f6stra strand. Marken \u00e4r omv\u00e4xlande \u00e4dell\u00f6vskog, sumpskog och ekhagar. Omr\u00e5det i sin helhet \u00e4r av h\u00f6gsta naturv\u00e4rde och hyser bland annat arten st\u00f6rre grynsn\u00e4cka som h\u00e4r har en av sina f\u00e5 utbredningar i Sverige.<\/p>\n<p class=\"table\">S\u00f6ren tar ett mycket stort ansvar f\u00f6r dessa v\u00e4rdefulla marker i det annars h\u00e5rt exploaterade Sydv\u00e4stsk\u00e5ne. S\u00f6rens ambition att sk\u00f6ta sina marker p\u00e5 ett natur- och kulturv\u00e5rdsm\u00e4ssigt riktigt s\u00e4tt, utan att f\u00f6r den delen ge ett alltf\u00f6r stort avkall p\u00e5 produktionen, har f\u00e5tt uttryck p\u00e5 flera s\u00e4tt; unga ekar har planterats i de gamla ekhagarna f\u00f6r att s\u00e4kra successionen. S\u00f6ren har tillsammans med Skogsstyrelsen tecknat naturv\u00e5rdsavtal p\u00e5 \u00f6vrig mark f\u00f6r att f\u00f6rs\u00e4kra sig om att framtida sk\u00f6tsel blir utf\u00f6rd p\u00e5 ett naturv\u00e5rdsm\u00e4ssigt korrekt s\u00e4tt.<\/p>\n<p class=\"table\">S\u00f6rens marker \u00e4r mycket v\u00e4lbes\u00f6kta av allm\u00e4nheten. S\u00e4rskilt v\u00e4lbes\u00f6kt \u00e4r det stora vilth\u00e4gn som \u00e4r bel\u00e4get mellan g\u00e5rden och Svedala samh\u00e4lle. H\u00e4gnet har gjorts mycket l\u00e4ttillg\u00e4ngligt f\u00f6r allm\u00e4nheten och h\u00e4r njuter s\u00f6ndagsflan\u00f6rer, dagisklasser och motion\u00e4rer av djur och natur. Hjortarna i h\u00e4gnet h\u00e5ller betestrycket p\u00e5 en lagom niv\u00e5 samtidigt som de producerar upplevelser genom jakt samt k\u00f6tt till g\u00e5rden. I h\u00e4gnet bedrivs \u00e4ven skogsbruk med bland annat ek av fin kvalit\u00e9. Just h\u00e4gnet \u00e4r ett bevis p\u00e5 hur S\u00f6ren p\u00e5 ett f\u00f6red\u00f6mligt s\u00e4tt genom intresse och kunskap kombinerar olika m\u00e5l till gl\u00e4dje och nytta f\u00f6r sig sj\u00e4lv och andra.<\/p>\n<p>S\u00f6ren har vid flera tillf\u00e4llen sagt att naturen \u00e4r n\u00e5got man f\u00f6rvaltar \u00e5t kommande generationer, vilket jag anser genomsyrar all verksamhet som bedrivs p\u00e5 g\u00e5rdens \u00e4gor.<\/p>\n<p class=\"table\"><span class=\"table_fet\">S\u00f6ren Egeskov <\/span>\u00e4r en v\u00e4rdig mottagare av Sk\u00e5nska Dagbladets Hederspris 2008.<\/p>\n<p>&nbsp;<\/p>\n","protected":false},"excerpt":{"rendered":"<p>Pristagare av Sk\u00e5nes Skogs- och Betesv\u00e5rdsf\u00f6reningen Hederspris 2008. Olle Ericsson, Nordmannav\u00e4gen 104, 224 75 Lund Olle Ericsson \u00e4ger fastigheten Gravar\u00f6d 1:6, i V\u00e4stra Torups socken, H\u00e4ssleholms kommun tillsammans med frun Inger och deras tv\u00e5 barn. Olle har varit \u00e4gare\/del\u00e4gare av fastigheten sedan 1954 och p\u00e5 olika s\u00e4tt tagit aktiv del i fastighetens sk\u00f6tsel sedan dess. [&hellip;]<\/p>\n","protected":false},"author":1,"featured_media":0,"parent":55,"menu_order":0,"comment_status":"closed","ping_status":"closed","template":"","meta":[],"_links":{"self":[{"href":"https:\/\/skogobete.se\/index.php?rest_route=\/wp\/v2\/pages\/67"}],"collection":[{"href":"https:\/\/skogobete.se\/index.php?rest_route=\/wp\/v2\/pages"}],"about":[{"href":"https:\/\/skogobete.se\/index.php?rest_route=\/wp\/v2\/types\/page"}],"author":[{"embeddable":true,"href":"https:\/\/skogobete.se\/index.php?rest_route=\/wp\/v2\/users\/1"}],"replies":[{"embeddable":true,"href":"https:\/\/skogobete.se\/index.php?rest_route=%2Fwp%2Fv2%2Fcomments&post=67"}],"version-history":[{"count":1,"href":"https:\/\/skogobete.se\/index.php?rest_route=\/wp\/v2\/pages\/67\/revisions"}],"predecessor-version":[{"id":68,"href":"https:\/\/skogobete.se\/index.php?rest_route=\/wp\/v2\/pages\/67\/revisions\/68"}],"up":[{"embeddable":true,"href":"https:\/\/skogobete.se\/index.php?rest_route=\/wp\/v2\/pages\/55"}],"wp:attachment":[{"href":"https:\/\/skogobete.se\/index.php?rest_route=%2Fwp%2Fv2%2Fmedia&parent=67"}],"curies":[{"name":"wp","href":"https:\/\/api.w.org\/{rel}","templated":true}]}}