{"id":674,"date":"2018-05-01T21:31:28","date_gmt":"2018-05-01T19:31:28","guid":{"rendered":"http:\/\/skogobete.se\/?page_id=674"},"modified":"2026-04-29T10:50:21","modified_gmt":"2026-04-29T08:50:21","slug":"arsredovisning-2017","status":"publish","type":"page","link":"https:\/\/skogobete.se\/?page_id=674","title":{"rendered":"\u00c5rsredovisning 2017"},"content":{"rendered":"<p><a href=\"http:\/\/skogobete.se\/wp-content\/uploads\/2018\/05\/\u00c5rsber\u00e4ttelse_2017_2.pdf\" rel=\"\">\u00c5rsber\u00e4ttelse_2017<\/a><\/p>\n<p><a href=\"http:\/\/skogobete.se\/wp-content\/uploads\/2026\/04\/Arsbokslut-Skanes-Skogs-och-Betesvardsforening-2017.pdf\">\u00c5rsbokslut 2017<\/a><\/p>\n","protected":false},"excerpt":{"rendered":"<p>\u00c5rsber\u00e4ttelse_2017 \u00c5rsbokslut 2017<\/p>\n","protected":false},"author":6,"featured_media":0,"parent":486,"menu_order":0,"comment_status":"closed","ping_status":"closed","template":"","meta":[],"_links":{"self":[{"href":"https:\/\/skogobete.se\/index.php?rest_route=\/wp\/v2\/pages\/674"}],"collection":[{"href":"https:\/\/skogobete.se\/index.php?rest_route=\/wp\/v2\/pages"}],"about":[{"href":"https:\/\/skogobete.se\/index.php?rest_route=\/wp\/v2\/types\/page"}],"author":[{"embeddable":true,"href":"https:\/\/skogobete.se\/index.php?rest_route=\/wp\/v2\/users\/6"}],"replies":[{"embeddable":true,"href":"https:\/\/skogobete.se\/index.php?rest_route=%2Fwp%2Fv2%2Fcomments&post=674"}],"version-history":[{"count":4,"href":"https:\/\/skogobete.se\/index.php?rest_route=\/wp\/v2\/pages\/674\/revisions"}],"predecessor-version":[{"id":996,"href":"https:\/\/skogobete.se\/index.php?rest_route=\/wp\/v2\/pages\/674\/revisions\/996"}],"up":[{"embeddable":true,"href":"https:\/\/skogobete.se\/index.php?rest_route=\/wp\/v2\/pages\/486"}],"wp:attachment":[{"href":"https:\/\/skogobete.se\/index.php?rest_route=%2Fwp%2Fv2%2Fmedia&parent=674"}],"curies":[{"name":"wp","href":"https:\/\/api.w.org\/{rel}","templated":true}]}}