{"id":685,"date":"2018-08-29T21:36:31","date_gmt":"2018-08-29T19:36:31","guid":{"rendered":"http:\/\/skogobete.se\/?page_id=685"},"modified":"2025-06-24T08:51:26","modified_gmt":"2025-06-24T06:51:26","slug":"2018-2","status":"publish","type":"page","link":"https:\/\/skogobete.se\/?page_id=685","title":{"rendered":"2018"},"content":{"rendered":"<h1>\u00c5rsm\u00f6tet den 22 maj 2018 p\u00e5 Hovdala<\/h1>\n<p><a href=\"http:\/\/skogobete.se\/wp-content\/uploads\/2018\/08\/Protokoll-\u00e5rsm\u00f6te-2018.pdf\" rel=\"\">Protokoll \u00e5rsm\u00f6te<\/a><\/p>\n","protected":false},"excerpt":{"rendered":"<p>\u00c5rsm\u00f6tet den 22 maj 2018 p\u00e5 Hovdala Protokoll \u00e5rsm\u00f6te<\/p>\n","protected":false},"author":6,"featured_media":0,"parent":161,"menu_order":0,"comment_status":"closed","ping_status":"closed","template":"","meta":[],"_links":{"self":[{"href":"https:\/\/skogobete.se\/index.php?rest_route=\/wp\/v2\/pages\/685"}],"collection":[{"href":"https:\/\/skogobete.se\/index.php?rest_route=\/wp\/v2\/pages"}],"about":[{"href":"https:\/\/skogobete.se\/index.php?rest_route=\/wp\/v2\/types\/page"}],"author":[{"embeddable":true,"href":"https:\/\/skogobete.se\/index.php?rest_route=\/wp\/v2\/users\/6"}],"replies":[{"embeddable":true,"href":"https:\/\/skogobete.se\/index.php?rest_route=%2Fwp%2Fv2%2Fcomments&post=685"}],"version-history":[{"count":5,"href":"https:\/\/skogobete.se\/index.php?rest_route=\/wp\/v2\/pages\/685\/revisions"}],"predecessor-version":[{"id":960,"href":"https:\/\/skogobete.se\/index.php?rest_route=\/wp\/v2\/pages\/685\/revisions\/960"}],"up":[{"embeddable":true,"href":"https:\/\/skogobete.se\/index.php?rest_route=\/wp\/v2\/pages\/161"}],"wp:attachment":[{"href":"https:\/\/skogobete.se\/index.php?rest_route=%2Fwp%2Fv2%2Fmedia&parent=685"}],"curies":[{"name":"wp","href":"https:\/\/api.w.org\/{rel}","templated":true}]}}