{"id":69,"date":"2014-11-11T23:28:02","date_gmt":"2014-11-11T22:28:02","guid":{"rendered":"http:\/\/skogobete.se\/?page_id=69"},"modified":"2014-11-11T23:32:37","modified_gmt":"2014-11-11T22:32:37","slug":"hederspriser-2009","status":"publish","type":"page","link":"https:\/\/skogobete.se\/?page_id=69","title":{"rendered":"Hederspriser 2009"},"content":{"rendered":"<p><span class=\"rubrik\"><span style=\"font-family: Verdana, Arial, Helvetica, sans-serif;\"><span style=\"color: #67946d;\"><b>Motiveringar till hederspriser 2009<\/b><\/span><\/span><\/span><\/p>\n<p><strong>Pristagare till Sk\u00e5nska Dagbladets Hederspris 2009<\/strong><\/p>\n<p>Kerstin och Carl-Axel Dahlgren, KC-Ranch\/Vaselunds G\u00e5rd<br \/>\n240 12 Torna H\u00e4llestad<\/p>\n<p>Makarna Dahlgren driver KC-Ranch p\u00e5 det milit\u00e4ra \u00f6vningsf\u00e4ltet Revingehed i Lunds kommun med k\u00f6ttkor p\u00e5 bete \u00e5ret om. Arrenderad mark uppg\u00e5r till ca 2.500 hektar \u00f6ppen mark, varav 250 i permanent vall.<\/p>\n<p>Makarna har som medhj\u00e4lpare 2 heltidsanst\u00e4llda och en p\u00e5 deltid.Carl-Axel har erfarenhet fr\u00e5n ranchdrift i s\u00e5v\u00e4l Kanada som Australien samt dessutom fler\u00e5rig tj\u00e4nst p\u00e5 LRF:s driftsbyr\u00e5.\u00a0 \u00c5r 1987 b\u00f6rjade han ta \u00f6ver en del av betesdriften p\u00e5 Revingehed f\u00f6r att efter hand och nu senast \u00e5r 2002 all djurdrift p\u00e5 \u00f6vningsf\u00e4ltet. Kerstin \u00e4r utbildad veterin\u00e4r och har 10 \u00e5rs erfarenhet som distriktsveterin\u00e4r. Numera deltar hon p\u00e5 heltid i verksamheten med s\u00e4rskild inriktning p\u00e5 avelsprogram och marknadsf\u00f6ring.<\/p>\n<p>Verksamheten har till fr\u00e4msta syfte att producera natur och milj\u00f6 p\u00e5 f\u00e4ltet, dels s\u00e5 att detta h\u00e5lls \u00f6ppet och inte slyar igen, dels s\u00e5 att naturv\u00e4rdena bevaras och utvecklas. St\u00f6rre delen av f\u00e4ltet \u00e4r klassat som Natura 2000-omr\u00e5de. Sammanlagt omkring 1500 kor g\u00e5r \u00f6ver hela f\u00e4ltet, \u00e4ven p\u00e5 genomfartsv\u00e4garna, som begr\u00e4nsas av f\u00e4rister. Under juli\/augusti sker omkring 450 kalvningar.<\/p>\n<p>Sedan \u00e5r 2000 drivs verksamheten ekologiskt enl. Kravvillkoren. Korna g\u00e5r ute \u00e5ret om med st\u00f6dutfordring med h\u00f6 fr\u00e5n egna marker under vinterm\u00e5naderna. Det stora antalet djur medf\u00f6r att f\u00f6r milj\u00f6tillst\u00e5nd kr\u00e4vs en milj\u00f6konsekvensbeskrivning. En livscykelsanalys finns dessutom uppr\u00e4ttad som visar mycket goda milj\u00f6v\u00e4rden. S\u00e5lunda \u00e4r f\u00f6rbrukningen av olja endast ca 0,2 liter per kg rent k\u00f6tt. Slakt av livdjur sker vid n\u00e4rliggande slakteri, varefter det ekologiska k\u00f6ttet s\u00e4ljs som lokalproducerat.<\/p>\n<p>Makarna Dahlgren \u00e4r v\u00e4rdiga mottagare av Sk\u00e5nska Dagbladets Hederspris 2009.<\/p>\n<hr \/>\n<p><strong>Sk\u00e5nes Skogs- och Betesv\u00e5rdsf\u00f6renings Hederspris 2009<\/strong><\/p>\n<p>Alvar Manfredsson, \u00d6. J\u00e4rnv\u00e4gsgatan 28, 280 23 H\u00e4stveda<br \/>\n&#8212;&#8212;-<br \/>\nAlvar Manfredsson \u00e4ger fastigheten Holma 2:1 bel\u00e4gen i Osby kommun. Fastigheten \u00e4r totalt p\u00e5 189 ha f\u00f6rdelat p\u00e5 20 ha \u00e5ker, 9 ha bete och 151 ha skog. Den ursprungliga fastigheten var mindre men arealen har ut\u00f6kats genom tillk\u00f6p. Inriktningen p\u00e5 jordbruket har varit mj\u00f6lkproduktion. Genom djurh\u00e5llningen har betesmarkerna h\u00e5llits i h\u00e4vd och brukandet av \u00e5kermarken har varit en f\u00f6ruts\u00e4ttning f\u00f6r foderanskaffningen till djuren \u00e4ven nyodling har f\u00f6rekommit.<br \/>\nDet \u00e4r via Alvars stora engagemang i sitt skogsbrukande som jag haft m\u00e5nga kontakter med honom. Alvar \u00e4r en person som har ett klart m\u00e5l med det han g\u00f6r, och d\u00e4rf\u00f6r g\u00f6rs alla \u00e5tg\u00e4rder i syfte att uppn\u00e5 ett bra resultat. Under sin aktiva tid har bort\u00e5t 5 km skogsbilv\u00e4g av h\u00f6g klass byggts. Alvar kan p\u00e5 sin fastighet visa upp ett spektrum p\u00e5 olika s\u00e4tt att f\u00f6ryngra skog\u00a0 b\u00e5de vad g\u00e4ller tr\u00e4dslag och metod. F\u00f6r att n\u00e4mna n\u00e5gra exempel s\u00e5 har han lyckats med best\u00e5ndsf\u00f6ryngring av gran, naturlig f\u00f6ryngring av bj\u00f6rk, naturlig f\u00f6ryngring av tall kombinerad med s\u00e5dd, l\u00e4rk och som det \u00e4ven verkar f\u00f6ryngring av bok och ek. Flera av dessa f\u00f6ryngringar har h\u00e4gnats till skydd mot viltet.<br \/>\nAlvar har alltid varit en flitig bes\u00f6kare p\u00e5 aktiviteter som anordnats inom skogsbruket. Ofta har dottern Eva varit med, d\u00e5 hon under l\u00e5ng tid tagit en aktiv del i sk\u00f6tseln av g\u00e5rden och numera \u00e4ven sv\u00e4rsonen Martin. Alvar \u00e4r numera pension\u00e4r kan d\u00e4rf\u00f6r nu gl\u00e4djas \u00e5t att Eva och Martin driver g\u00e5rden vidare.<br \/>\nAlvar Manfredsson \u00e4r en v\u00e4rdig pristagare f\u00f6r Sk\u00e5nes Skogs- och Betesv\u00e5rdsf\u00f6rening.<\/p>\n","protected":false},"excerpt":{"rendered":"<p>Motiveringar till hederspriser 2009 Pristagare till Sk\u00e5nska Dagbladets Hederspris 2009 Kerstin och Carl-Axel Dahlgren, KC-Ranch\/Vaselunds G\u00e5rd 240 12 Torna H\u00e4llestad Makarna Dahlgren driver KC-Ranch p\u00e5 det milit\u00e4ra \u00f6vningsf\u00e4ltet Revingehed i Lunds kommun med k\u00f6ttkor p\u00e5 bete \u00e5ret om. Arrenderad mark uppg\u00e5r till ca 2.500 hektar \u00f6ppen mark, varav 250 i permanent vall. Makarna har som [&hellip;]<\/p>\n","protected":false},"author":1,"featured_media":0,"parent":55,"menu_order":0,"comment_status":"closed","ping_status":"closed","template":"","meta":[],"_links":{"self":[{"href":"https:\/\/skogobete.se\/index.php?rest_route=\/wp\/v2\/pages\/69"}],"collection":[{"href":"https:\/\/skogobete.se\/index.php?rest_route=\/wp\/v2\/pages"}],"about":[{"href":"https:\/\/skogobete.se\/index.php?rest_route=\/wp\/v2\/types\/page"}],"author":[{"embeddable":true,"href":"https:\/\/skogobete.se\/index.php?rest_route=\/wp\/v2\/users\/1"}],"replies":[{"embeddable":true,"href":"https:\/\/skogobete.se\/index.php?rest_route=%2Fwp%2Fv2%2Fcomments&post=69"}],"version-history":[{"count":1,"href":"https:\/\/skogobete.se\/index.php?rest_route=\/wp\/v2\/pages\/69\/revisions"}],"predecessor-version":[{"id":70,"href":"https:\/\/skogobete.se\/index.php?rest_route=\/wp\/v2\/pages\/69\/revisions\/70"}],"up":[{"embeddable":true,"href":"https:\/\/skogobete.se\/index.php?rest_route=\/wp\/v2\/pages\/55"}],"wp:attachment":[{"href":"https:\/\/skogobete.se\/index.php?rest_route=%2Fwp%2Fv2%2Fmedia&parent=69"}],"curies":[{"name":"wp","href":"https:\/\/api.w.org\/{rel}","templated":true}]}}