{"id":695,"date":"2018-10-29T11:38:09","date_gmt":"2018-10-29T10:38:09","guid":{"rendered":"http:\/\/skogobete.se\/?page_id=695"},"modified":"2025-05-16T07:58:15","modified_gmt":"2025-05-16T05:58:15","slug":"hederspriser-2018","status":"publish","type":"page","link":"https:\/\/skogobete.se\/?page_id=695","title":{"rendered":"Hederspriser 2018"},"content":{"rendered":"<h2>Sk\u00e5nes Skogs- och Betesv\u00e5rdsf\u00f6renings hederspris 2018<\/h2>\n<p>tilldelas<\/p>\n<p><strong>Svenne Hermodsson, J\u00e4rseke<\/strong><\/p>\n<p>Svenne Hermodsson har tillsammans med sin\u00a0 hustru Gerd \u00e4gt och brukat g\u00e5rden Ekeberg, J\u00e4rseke 1:6 och 1:7 under snart \u00a0fem decennier. I b\u00f6rjan var b\u00e4gge yrkesverksamma \u00e4ven utanf\u00f6r g\u00e5rden, Svenne som laboratoriechef p\u00e5 M\u00e5rten Perssons Valskvarn i Kristianstad och Gerd som spr\u00e5kl\u00e4rare. Ganska snart l\u00e4mnade Svenne kemins bana f\u00f6r det egna f\u00f6rtaget medan Gerd fortsatte som l\u00e4rare.<\/p>\n<p>Efter det att generationsskifte \u00e4r genomf\u00f6rt \u00e4r nu br\u00f6derna Magnus och Peder nu \u00e4gare till fastigheterna, men Svenne och Gerd bor kvar i mang\u00e5rdsbyggnaden.<\/p>\n<p>Till g\u00e5rden h\u00f6r 126 ha produktiv skogsmark samt 10 ha \u00e5ker- och betesmarker med h\u00f6ga natur- och kulturhistoriska v\u00e4rden. I samband med \u00f6vertagandet av g\u00e5rden p\u00e5 60-talet var markernas \u00f6de beseglat d\u00e5 rekommendationerna fr\u00e5n d\u00e5tidens myndigheter var att allt skulle planteras igen med gran! Nu blev det inte s\u00e5 utan \u00e5ker och bete har tack vare Svenne och Gerd anv\u00e4nts till permanent sl\u00e5ttervall med efterbete eller bara beten i en mindre dikoproduktion. Sedan 2011 \u00e4r dessa marker utarrenderade och h\u00e4vdas fortsatt med omsorg.<\/p>\n<p>Delar av den produktiva skogsmarken om har stora milj\u00f6v\u00e4rden, med biotopskydd p\u00e5 12,5 ha resp naturv\u00e5rdsavtal och nyckelbiotoper med halverat virkesuttag p\u00e5 20 ha.<\/p>\n<p>Ut\u00e5t \u00e4r dock fastigheten mest k\u00e4nd f\u00f6r den s\u00e5gverksamhet som Svenne byggt upp \u00e4nda fr\u00e5n b\u00f6rjan under namnet J\u00e4rseke s\u00e5g. Svenne b\u00f6rjade s\u00e5ga med en cirkels\u00e5g 1974. Senare inf\u00f6rskaffades s\u00e5v\u00e4l en horisontalbands\u00e5g f\u00f6r grov stock\u00a0 samt en vertikalbands\u00e5g. Utrustningen \u00e4r \u00e4ven kompletterat med ett dubbelt kantverk samt virkestork. Arbetsstyrkan i s\u00e5gen har varierat mellan 1-3 personer \u00f6ver \u00e5ren. Till dessa kommer \u00e4ven ett antal praktikanter b\u00e5de svenska och utl\u00e4ndska.<\/p>\n<p>Det mesta av s\u00e5gtimret k\u00f6ps in men i g\u00e5rden egen skog kan vid behov tas stockar fr\u00e5n s\u00e5v\u00e4l blandskog som ur rena granbest\u00e5nd vilket \u00e4r en stor f\u00f6rdel vid s\u00e5gning av special- dimensioner\/sortiment. Viss legos\u00e5gning f\u00f6rekommer likas\u00e5. Alla tr\u00e4dslag s\u00e5gas men p\u00e5 senare \u00e5r huvudsakligen ek, gran och tall. I b\u00f6rjan var andelen legos\u00e5gat relativt omfattande lika s\u00e5 toffelal samt \u00e4ven andra udda tr\u00e4slag, inte minst f\u00f6r avs\u00e4ttning till olika tr\u00e4tekniska skolor och mindre snickerier och p\u00e5 senare \u00e5r specialdimensioner f\u00f6r reparation av \u00e4ldre byggnader. \u00c4ven mer udda sortiment som sneds\u00e5gade bokslipers till Libyens Khadaffi!<\/p>\n<p>Verksamheten har under alla \u00e5r varit \u00f6ppen f\u00f6r bes\u00f6kare och \u00e4ven varit v\u00e4rd f\u00f6r olika studiebes\u00f6k fr\u00e5n h\u00f6gskola, ofta med inriktning l\u00f6vs\u00e5gning.<\/p>\n<p>Svenne med s\u00f6ner forts\u00e4tter of\u00f6rtrutet med arbetet att v\u00e5rda fastigheten bl a med f\u00f6ryngra bl a ek b\u00e5de med plantering och ollons\u00e5dd. Ytterligare n\u00e5gon mindre betesmark har \u00e5ter kommit i h\u00e4vd under senare \u00e5r.<\/p>\n<p>Svenne Hermodsson \u00e4r en v\u00e4rdig \u00a0mottagare av Skogs- och Betesv\u00e5rdsf\u00f6reningens hederspris 2018.<\/p>\n<h2>Sk\u00e5nska Dagbladets hederspris 2018<\/h2>\n<p>tilldelas<\/p>\n<p><strong>Stefan Nilsson och My Rask, Tj\u00f6rnarp<\/strong><\/p>\n<p>Stefan och My \u00e4ger och brukar \u00c5karpsg\u00e5rden 211, 243 71\u00a0 Tj\u00f6rnarp, som de k\u00f6pte den 3 juni 2009.<\/p>\n<p>Arealerna f\u00f6rdelar sig p\u00e5 15 ha skog, d\u00e4r 3 ha \u00e4r bokskog, 4 ha gran och resterande areal \u00e4r blandskog. Skogens sk\u00f6tsel planerar Stefan och My sj\u00e4lva, men hyr in skogsentrepren\u00f6r f\u00f6r avverkning och skotning.<\/p>\n<p>\u00c5kerarealen best\u00e5r av 10 ha som odlas respektive betas.<\/p>\n<p>Betesmarken p\u00e5 10 ha r\u00f6jdes av f\u00f6rra \u00e4garna med l\u00e4nsstyrelsens och skogsv\u00e5rdsstyrelsens hj\u00e4lp, och kompletterande gallring har utf\u00f6rts av Stefan och My. Avelsdjuren av svart och r\u00f6d Angus passar att beta dessa lite magrare jordar och best\u00e5r av 12 vuxna djur, som hanteras av Quarterh\u00e4star, vilka \u00e4r utbildade f\u00f6r att kunna hantera betesdjuren vid v\u00e4gningar, utskiljning f\u00f6r seminering och lastning av enskilt djur. Quarterh\u00e4starna \u00e4r vida \u00f6verl\u00e4gsna m\u00e4nniskan i denna hantering.<\/p>\n<p>Stefan och My har f\u00f6rdjupat sina kunskaper om betesv\u00e5rd, bland annat genom en kurs i Falk\u00f6ping, d\u00e4r de fick l\u00e4ra sig att d\u00e4mpa avdunstningen fr\u00e5n jorden, genom att l\u00e5ta gr\u00e4set \u00e5terh\u00e4mta sig mellan avbetningarna. Gr\u00e4set \u00e4r ganska h\u00f6gt d\u00e5 betesdjuren sl\u00e4pps dit, och de f\u00e5r bara beta en viss areal en viss tid f\u00f6r att vallen\/betesmarken skall \u00e5terh\u00e4mta sig och f\u00e5 en t\u00e4t gr\u00e4ssv\u00e5l som hindrar den fr\u00e5n att torka ut \u00e4ven en torr sommar\/betesperiod.<\/p>\n<p>My utbildar sig nu till landskapsvetare vid H\u00f6gskolan i Kristianstad. En bred utbildning om jordbrukets historia och kultur, om geologi, v\u00e4xtlighet, ekologi och planering av landskapet. Man ser p\u00e5 landskapet som helhet, till skillnad fr\u00e5n en biolog eller arkeolog som har en mer specialiserad inriktning.<\/p>\n<p>I augusti 2017 anordnade Stefan och My, tillsammans med LRF:s kommungrupp \u201d\u00d6ppen g\u00e5rd\u201d med olika aktiviteter f\u00f6r alla \u00e5ldrar uppdelat p\u00e5 olika \u201dstationer. Ett synnerligen uppskattat arrangemang d\u00e4r 400 personer kom.<\/p>\n<p>Stefan och My \u00e4r v\u00e4rdiga mottagare av Sk\u00e5nska Dagbladets hederspris.<\/p>\n","protected":false},"excerpt":{"rendered":"<p>Sk\u00e5nes Skogs- och Betesv\u00e5rdsf\u00f6renings hederspris 2018 tilldelas Svenne Hermodsson, J\u00e4rseke Svenne Hermodsson har tillsammans med sin\u00a0 hustru Gerd \u00e4gt och brukat g\u00e5rden Ekeberg, J\u00e4rseke 1:6 och 1:7 under snart \u00a0fem decennier. I b\u00f6rjan var b\u00e4gge yrkesverksamma \u00e4ven utanf\u00f6r g\u00e5rden, Svenne som laboratoriechef p\u00e5 M\u00e5rten Perssons Valskvarn i Kristianstad och Gerd som spr\u00e5kl\u00e4rare. Ganska snart l\u00e4mnade [&hellip;]<\/p>\n","protected":false},"author":6,"featured_media":0,"parent":55,"menu_order":0,"comment_status":"closed","ping_status":"closed","template":"","meta":[],"_links":{"self":[{"href":"https:\/\/skogobete.se\/index.php?rest_route=\/wp\/v2\/pages\/695"}],"collection":[{"href":"https:\/\/skogobete.se\/index.php?rest_route=\/wp\/v2\/pages"}],"about":[{"href":"https:\/\/skogobete.se\/index.php?rest_route=\/wp\/v2\/types\/page"}],"author":[{"embeddable":true,"href":"https:\/\/skogobete.se\/index.php?rest_route=\/wp\/v2\/users\/6"}],"replies":[{"embeddable":true,"href":"https:\/\/skogobete.se\/index.php?rest_route=%2Fwp%2Fv2%2Fcomments&post=695"}],"version-history":[{"count":3,"href":"https:\/\/skogobete.se\/index.php?rest_route=\/wp\/v2\/pages\/695\/revisions"}],"predecessor-version":[{"id":700,"href":"https:\/\/skogobete.se\/index.php?rest_route=\/wp\/v2\/pages\/695\/revisions\/700"}],"up":[{"embeddable":true,"href":"https:\/\/skogobete.se\/index.php?rest_route=\/wp\/v2\/pages\/55"}],"wp:attachment":[{"href":"https:\/\/skogobete.se\/index.php?rest_route=%2Fwp%2Fv2%2Fmedia&parent=695"}],"curies":[{"name":"wp","href":"https:\/\/api.w.org\/{rel}","templated":true}]}}