{"id":707,"date":"2019-05-20T08:24:00","date_gmt":"2019-05-20T06:24:00","guid":{"rendered":"http:\/\/skogobete.se\/?page_id=707"},"modified":"2021-05-24T07:58:44","modified_gmt":"2021-05-24T05:58:44","slug":"arsredovisning-2018","status":"publish","type":"page","link":"https:\/\/skogobete.se\/?page_id=707","title":{"rendered":"\u00c5rsredovisning 2018"},"content":{"rendered":"<p><a href=\"http:\/\/skogobete.se\/wp-content\/uploads\/2019\/05\/Skogobete-\u00c5rsber\u00e4ttelse-\u00c5R-2018.pdf\" rel=\"\">\u00c5rsber\u00e4ttelse 2018<\/a><\/p>\n<p>&nbsp;<\/p>\n","protected":false},"excerpt":{"rendered":"<p>\u00c5rsber\u00e4ttelse 2018 &nbsp;<\/p>\n","protected":false},"author":6,"featured_media":0,"parent":486,"menu_order":0,"comment_status":"closed","ping_status":"closed","template":"","meta":[],"_links":{"self":[{"href":"https:\/\/skogobete.se\/index.php?rest_route=\/wp\/v2\/pages\/707"}],"collection":[{"href":"https:\/\/skogobete.se\/index.php?rest_route=\/wp\/v2\/pages"}],"about":[{"href":"https:\/\/skogobete.se\/index.php?rest_route=\/wp\/v2\/types\/page"}],"author":[{"embeddable":true,"href":"https:\/\/skogobete.se\/index.php?rest_route=\/wp\/v2\/users\/6"}],"replies":[{"embeddable":true,"href":"https:\/\/skogobete.se\/index.php?rest_route=%2Fwp%2Fv2%2Fcomments&post=707"}],"version-history":[{"count":1,"href":"https:\/\/skogobete.se\/index.php?rest_route=\/wp\/v2\/pages\/707\/revisions"}],"predecessor-version":[{"id":710,"href":"https:\/\/skogobete.se\/index.php?rest_route=\/wp\/v2\/pages\/707\/revisions\/710"}],"up":[{"embeddable":true,"href":"https:\/\/skogobete.se\/index.php?rest_route=\/wp\/v2\/pages\/486"}],"wp:attachment":[{"href":"https:\/\/skogobete.se\/index.php?rest_route=%2Fwp%2Fv2%2Fmedia&parent=707"}],"curies":[{"name":"wp","href":"https:\/\/api.w.org\/{rel}","templated":true}]}}