{"id":71,"date":"2014-11-11T23:28:46","date_gmt":"2014-11-11T22:28:46","guid":{"rendered":"http:\/\/skogobete.se\/?page_id=71"},"modified":"2014-11-11T23:32:41","modified_gmt":"2014-11-11T22:32:41","slug":"hederspriser-2010","status":"publish","type":"page","link":"https:\/\/skogobete.se\/?page_id=71","title":{"rendered":"Hederspriser 2010"},"content":{"rendered":"<p><strong class=\"mellanrubrik\">Pristagare till Sk\u00e5nska Dagbladets Hederspris 2010<\/strong><\/p>\n<p class=\"table\"><strong class=\"table_fet\">Ulrika Stengard-Olsson, S\u00f6der\u00e5sens Forsg\u00e5rd 3470, Kvidinge<\/strong><br \/>\nS\u00f6der\u00e5sens Forsg\u00e5rd p\u00e5 fastigheten Forsg\u00e5rd 1:7 ligger h\u00f6gt uppe p\u00e5 S\u00f6der\u00e5sen. Fastigheten omfattar cirka 20 ha, varav 10 ha utg\u00f6rs av skogsmark och 9 ha av betesmark. P\u00e5 fastigheten finns ocks\u00e5 tv\u00e5 nyckelbiotoper som fastighets\u00e4garen vill skydda ytterligare genom att ing\u00e5 ett naturv\u00e5rdsavtal eller f\u00e5 nyckelbiotoperna skyddade genom ett biotopskydd.<\/p>\n<p class=\"table\">Hela g\u00e5rden \u00e4r omgiven av skog och ligger n\u00e4ra Sk\u00e5neleden. Det finns gott om stigar och skogsv\u00e4gar som slingrar sig genom bok- gran- och l\u00f6vskog, l\u00f6per l\u00e4ngs vattenfall och ut p\u00e5 \u00f6ppna f\u00e4lt med vacker utsikt.<\/p>\n<p class=\"table\">P\u00e5 sommaren betas \u00e4ngarna n\u00e4rmast g\u00e5rden av djuren och vid skogsbrynet ligger \u201dsj\u00f6arna\u201d \u2013 fyra dammar med cirkulerande k\u00e4llvatten. I ett par av dammarna finns kr\u00e4ftor och regnb\u00e5gslax.<\/p>\n<p class=\"table\">Verksamheten, som har byggts upp och bedrivs p\u00e5 den egna fastigheten, \u00e4r unik: sedan \u00e5r 2000 erbjuds behandling i form av ridsjukgymnastik f\u00f6r funktionshindrade barn, ungdomar och vuxna. Detta sker i l\u00e4gerform. S\u00e4rskilt har man inriktat sig p\u00e5 v\u00e4lutbildade h\u00e4star som \u00e4r vana vid funktionshindrade ryttare. Ur Forsg\u00e5rdens hemsida, <a href=\"http:\/\/www.soderasensforsgard.se\/\">www.soderasensforsgard.se<\/a>, framg\u00e5r bland annat att <span class=\"table_fet\">\u201d<em>H\u00e4sten \u00e4r en levande behandlingsbrits som kan f\u00f6ra dig ut i naturen dit ingen rullstol kan n\u00e5!<\/em>\u201d<\/span> Man har till och med skapat en ridstig som l\u00f6per i den meandrande b\u00e4cken f\u00f6r att m\u00f6jligg\u00f6ra kontakten med vattnet och dess ljud n\u00e4r h\u00e4starna skrittar igenom det.<\/p>\n<p class=\"table\">G\u00e5rden erbjuder helpension och \u00f6vernattningsm\u00f6jlighet f\u00f6r upp till 30 personer samt att kunna m\u00f6tas f\u00f6r konferenser, seminarier eller liknande i v\u00e4l utrustade allrum.<br \/>\nFastighets\u00e4garen <strong>Ulrika Stengard-Olsson<\/strong>, som \u00e4r leg. sjukgymnast och ridsjukgymnast, v\u00e4rnar och m\u00e5nar p\u00e5 alla sett och vis om b\u00e5de fastighetens naturv\u00e4rden och dess sociala v\u00e4rden och har som m\u00e5ls\u00e4ttning att:<br \/>\n<span class=\"table_fet\">\u201d<em>P\u00e5 S\u00f6der\u00e5sens Forsg\u00e5rd vill jag erbjuda g\u00e4sterna omtanke och personligt engagemang f\u00f6renat med familjek\u00e4nsla. Jag skr\u00e4ddarsyr arrangemangen efter g\u00e4sternas \u00f6nskem\u00e5l. Min ambition och f\u00f6rhoppning \u00e4r att g\u00e4sterna ska f\u00e5 m\u00f6jlighet att f\u00f6rena stillhet med aktiviteter, i en fantastisk milj\u00f6, och min vision \u00e4r att det p\u00e5 S\u00f6der\u00e5sens Forsg\u00e5rd ska finnas n\u00e5gonting f\u00f6r alla<\/em>.\u201d<\/span><\/p>\n<p class=\"table\">Alla aktiviteter \u00e4ger rum p\u00e5 den egna fastigheten med anpassningar f\u00f6r att h\u00e4star och vagnar skall kunna ta sig fram p\u00e5 ett f\u00f6r verksamheten l\u00e4mpligt s\u00e4tt.<\/p>\n<p class=\"table_fet\">Ulrika Stengard-Olsson <span class=\"table\">\u00e4r en v\u00e4rdig mottagare av Sk\u00e5nska Dagbladets Hederspris 2010.<\/span><\/p>\n<hr \/>\n<p><strong class=\"mellanrubrik\">Skogs och Betesv\u00e5rdsf\u00f6reningens hederspris 2010.<\/strong><\/p>\n<p><span class=\"table_fet\">Ulf Petersson, Olahus 2206, 281 44 Stoby<\/span><br \/>\n<span class=\"table\">Ulf Petersson, l\u00e4rare p\u00e5 \u00d6nnestadsgymnasiet, \u00e4r den som ansvarar f\u00f6r driften p\u00e5 Olahus g\u00e5rd och har hand om eleverna n\u00e4r dessa har sin utbildning f\u00f6rlagd till g\u00e5rden.<\/span><\/p>\n<p class=\"table\">Fastigheterna som ing\u00e5r \u00e4r Stoby 4:4 m\u00a0fl (intill H\u00e4ssleholms t\u00e4tort) och omfattar totalt 175 hektar varav 100 ha skogsmark och 75 hektar in\u00e4gomark. \u00c4gare \u00e4r Ola och Ored Olssons Stiftelse som donerat g\u00e5rden till \u00d6nnestadsgymnasiet inom Kristianstads kommun.<\/p>\n<p class=\"table\">G\u00e5rden drivs helt ekologiskt och har en egen k\u00f6ttdjursbes\u00e4ttning. M\u00e5let med skogen \u00e4r att f\u00f6rena en god produktion med h\u00f6ga milj\u00f6m\u00e5l och sociala v\u00e4rden. Ett led i detta har varit att \u00f6ka l\u00f6vandelen b\u00e5de genom att sj\u00e4lvf\u00f6ryngra bj\u00f6rk och plantera \u00e4dell\u00f6v.<\/p>\n<p class=\"table\">Olahus g\u00e5rd ger ett bra f\u00f6rsta intryck med prydliga byggnader och ett bra v\u00e4gn\u00e4t. \u00c5ker man runt p\u00e5 fastigheten konstaterar man att \u00e5ker, bete, st\u00e4ngsel och skog sk\u00f6ts med en h\u00f6g ambitionsniv\u00e5 och det \u00e4r l\u00e4tt f\u00f6r allm\u00e4nheten att vistas i markerna.<\/p>\n<p class=\"table\">Det \u00e4r inte ovanligt att utomst\u00e5ende som k\u00e4nner till Olahus g\u00e5rd s\u00e4ger att de tycker det sk\u00f6ts v\u00e4ldigt bra. En samst\u00e4mmig f\u00f6rklaring till detta \u00e4r att Ulf Petersson \u00e4r engagerad, lyh\u00f6rd och arbetar effektivt samtidigt som han har l\u00e5nga arbetsveckor. Den arbetsgl\u00e4dje och ordning som Ulf visar \u00e4r \u00e4ven viktig f\u00f6r eleverna som f\u00e5r ett gott f\u00f6red\u00f6me f\u00f6r hur kulturarvet kan f\u00f6rvaltas.<\/p>\n<p class=\"table\"><span class=\"table_fet\">Ulf Petersson<\/span> \u00e4r en v\u00e4rdig mottagare av Skogs- och Betesv\u00e5rdsf\u00f6reningens hederspris.<\/p>\n","protected":false},"excerpt":{"rendered":"<p>Pristagare till Sk\u00e5nska Dagbladets Hederspris 2010 Ulrika Stengard-Olsson, S\u00f6der\u00e5sens Forsg\u00e5rd 3470, Kvidinge S\u00f6der\u00e5sens Forsg\u00e5rd p\u00e5 fastigheten Forsg\u00e5rd 1:7 ligger h\u00f6gt uppe p\u00e5 S\u00f6der\u00e5sen. Fastigheten omfattar cirka 20 ha, varav 10 ha utg\u00f6rs av skogsmark och 9 ha av betesmark. P\u00e5 fastigheten finns ocks\u00e5 tv\u00e5 nyckelbiotoper som fastighets\u00e4garen vill skydda ytterligare genom att ing\u00e5 ett naturv\u00e5rdsavtal [&hellip;]<\/p>\n","protected":false},"author":1,"featured_media":0,"parent":55,"menu_order":0,"comment_status":"closed","ping_status":"closed","template":"","meta":[],"_links":{"self":[{"href":"https:\/\/skogobete.se\/index.php?rest_route=\/wp\/v2\/pages\/71"}],"collection":[{"href":"https:\/\/skogobete.se\/index.php?rest_route=\/wp\/v2\/pages"}],"about":[{"href":"https:\/\/skogobete.se\/index.php?rest_route=\/wp\/v2\/types\/page"}],"author":[{"embeddable":true,"href":"https:\/\/skogobete.se\/index.php?rest_route=\/wp\/v2\/users\/1"}],"replies":[{"embeddable":true,"href":"https:\/\/skogobete.se\/index.php?rest_route=%2Fwp%2Fv2%2Fcomments&post=71"}],"version-history":[{"count":1,"href":"https:\/\/skogobete.se\/index.php?rest_route=\/wp\/v2\/pages\/71\/revisions"}],"predecessor-version":[{"id":72,"href":"https:\/\/skogobete.se\/index.php?rest_route=\/wp\/v2\/pages\/71\/revisions\/72"}],"up":[{"embeddable":true,"href":"https:\/\/skogobete.se\/index.php?rest_route=\/wp\/v2\/pages\/55"}],"wp:attachment":[{"href":"https:\/\/skogobete.se\/index.php?rest_route=%2Fwp%2Fv2%2Fmedia&parent=71"}],"curies":[{"name":"wp","href":"https:\/\/api.w.org\/{rel}","templated":true}]}}