{"id":716,"date":"2019-10-01T19:37:24","date_gmt":"2019-10-01T17:37:24","guid":{"rendered":"http:\/\/skogobete.se\/?page_id=716"},"modified":"2025-05-16T07:58:22","modified_gmt":"2025-05-16T05:58:22","slug":"hederspriser-2019","status":"publish","type":"page","link":"https:\/\/skogobete.se\/?page_id=716","title":{"rendered":"Hederspriser 2019"},"content":{"rendered":"<h2>Sk\u00e5nes Skogs- och Betesv\u00e5rdsf\u00f6renings hederspris 2019<\/h2>\n<p>tilldelas<\/p>\n<p><strong>Carl von Frisendorff, Silv\u00e5kra, Veber\u00f6d<\/strong><\/p>\n<p>Carl \u00e4r civilekonom och&nbsp; jur. kand. och har under sin yrkesverksamma &nbsp;tid jobbat i SE-Banken. Parallellt med jobbet har han ansvarat f\u00f6r Silv\u00e5krag\u00e5rdens sk\u00f6tsel sedan 1980 n\u00e4r han \u00f6vertog g\u00e5rden. Carl och hans hustru Elisabeth flyttade till g\u00e5rden 1995.<\/p>\n<p>Carl \u00f6vertog g\u00e5rden efter sin far G\u00f6sta von Frisendorff, G\u00f6sta var en k\u00e4nd profil i skogs\u00e4garr\u00f6relsen i Sk\u00e5ne\/Sverige.<\/p>\n<p>Silv\u00e5krag\u00e5rden med sin imponerande bostadsbyggnad ink\u00f6ptes av G\u00f6sta von Frisendorff &nbsp;1958. Silv\u00e5kra &nbsp;har under historien flera g\u00e5nger delats och styckats, senast 1967 n\u00e4r milit\u00e4ren ut\u00f6kade Revingef\u00e4ltet &nbsp;med 65 ha fr\u00e5n g\u00e5rden.<\/p>\n<p>Fastighetens storlek \u00e4r idag 300 ha, d\u00e4r 90 ha best\u00e5r av vatten. Produktiva arealen skog \u00e4r 170 ha. Arealf\u00f6rdelningen \u00e4r 50\/50 l\u00f6v \/barr, men ser man till virkesf\u00f6rr\u00e5det s\u00e5 \u00e4r det 50 % gran, 20 % tall och 30 % l\u00f6v.<\/p>\n<p>Silv\u00e5kra har drabbats av storm vid flera tillf\u00e4llen. Stormen Carola 1999 f\u00e4llde 3&nbsp;500 kubikmeter d\u00e4r \u00e4ven bokskogen drabbades. P\u00e5 dessa omr\u00e5den finns idag ny ungskog av bokskog med inslag av Sykomorl\u00f6nn. L\u00e5ngsiktig strategi med skogssk\u00f6tseln \u00e4r att bibeh\u00e5lla en tr\u00e4dslagsf\u00f6rdelning p\u00e5 50 % l\u00f6v\/50 % barr f\u00f6r att f\u00e5 h\u00f6gsta m\u00f6jliga l\u00f6nsamhet p\u00e5 g\u00e5rden.<\/p>\n<p>Carl har under l\u00e5ng tid haft f\u00f6rtroendeuppdrag med anknytning till skogen. Under 10 \u00e5r var han ordf\u00f6rande i Sk\u00e5nes Skogs- och Betesv\u00e5rdf\u00f6rening.<\/p>\n<p>Inom skogs\u00e4garr\u00f6relsen har han varit engagerad i Sk\u00e5nes Skogs\u00e4gare och S\u00d6DRA med styrelseuppdrag p\u00e5 h\u00f6gsta niv\u00e5. I samband med fusionen mellan Sk\u00e5nes Skogs\u00e4gare och S\u00d6DRA drev Carl fr\u00e5gan om att det skulle finnas en l\u00f6vskogsexpert inom S\u00d6DRA.&nbsp; Idag, drygt 25 \u00e5r efter fusionen finns tj\u00e4nsten kvar och innehas just nu&nbsp; av Anders Ekstrand.<\/p>\n<p>Efter avslutade styrelseuppdrag har Carl fortsatt att driva l\u00f6vskogsfr\u00e5gor och varit aktiv som motionsskrivare och debatt\u00f6r inom l\u00f6vfr\u00e5gor p\u00e5 bland annat S\u00d6DRA:s st\u00e4mmor.<\/p>\n<p>Idag har Carl ett fortsatt engagemang som f\u00f6rtroendeman med koppling till skogen som&nbsp; ledamot i 3 st vattenr\u00e5d, han sitter ocks\u00e5 i en stiftelse med koppling till Ekfr\u00e4mjandet. Hemma p\u00e5 Silv\u00e5kra forts\u00e4tter&nbsp; Carl att ta del av det praktiska arbetet p\u00e5 fastigheten, hans huvuduppgift \u00e4r att ta hand om nyplanteringarna.<\/p>\n<p>Carl von Frisendorff \u00e4r en v\u00e4rdig mottagare av Skogs- och Betesv\u00e5rdsf\u00f6reningens hederspris 2019<\/p>\n<h2>Pristagare Sk\u00e5nska Dagbladets hederspris 2019<\/h2>\n<p>tilldelas<\/p>\n<p><strong>G\u00f6ran Garpinger, Tyringe<\/strong><\/p>\n<p>G\u00f6ran fick tidigt ett stort skogsintresse fr\u00e5n sina f\u00f6r\u00e4ldrar, vilka ocks\u00e5 k\u00f6pte en skogsfastighet med tillh\u00f6rande in\u00e4gomark utanf\u00f6r Perstorp. G\u00f6ran \u00e4r idag \u00e4gare till fastigheten och n\u00e4r han ber\u00e4ttar om sk\u00f6tseln f\u00f6rst\u00e5r man att han inte bara \u00e4r en engagerad skogsman utan \u00e4ven v\u00e4rnar om det \u00f6ppna landskapet.<\/p>\n<p>\u00c4ven yrkeskarri\u00e4ren inleddes med praktik i landskapets tj\u00e4nst, d\u00e4r bland annat arbete p\u00e5 G\u00f6ingeholms g\u00e5rd under en period p\u00e5 60-talet, gav stora praktiska erfarenheter om skog, jordbruk och landskapets helhet. D\u00e4refter f\u00f6ljde skoglig utbildning och i b\u00f6rjan av 70-talet fick han jobb p\u00e5 d\u00e5varande Skogsv\u00e5rdsstyrelsen.<\/p>\n<p>N\u00e4r man h\u00f6r G\u00f6ran ber\u00e4tta om sitt d\u00e5varande jobb m\u00e4rker man inte bara ett stort intresse, utan \u00e4ven en vilja om att l\u00e4ra sig mer. I samtalen m\u00e4rks tydligt att han har v\u00e4l v\u00e5rdat \u00e4ldre kollegers kunskap och erfarenheter, samtidigt som han \u00e4r v\u00e4l p\u00e5l\u00e4st om de nya r\u00f6nen och lyssnar p\u00e5 sina medm\u00e4nniskor.<\/p>\n<p>Alla de \u00e5r som G\u00f6ran arbetat inom skogsstyrelsen har det regelbundet f\u00f6rekommit olika former utav r\u00e5dgivning, d\u00e4r \u00e4dell\u00f6vsr\u00e5dgivningen varit dominerande. G\u00f6ran har uppenbart trivts i denna roll, samtidigt som den breda kunskap han f\u00f6rmedlat varit mycket uppskattad.<\/p>\n<p>Det \u00e4r ocks\u00e5 roligt att G\u00f6ran fortfarande \u00e4r v\u00e4l ih\u00e5gkommen, trots att det nu g\u00e5tt cirka tio \u00e5r sedan pensioneringen. En uppenbar orsak till detta \u00e4r mark\u00e4gare som s\u00e4ger att avkastningen fr\u00e5n bokskogssk\u00f6tseln har varit viktig f\u00f6r att utveckla mitt f\u00f6retag. F\u00f6rklaringen \u00e4r att n\u00e4r de lyckades att f\u00e5 upp en naturlig f\u00f6ryngring utav bok, s\u00e5 kan man avverka sk\u00e4rmtr\u00e4den som med sina dimensioner ger en god ekonomi.<\/p>\n<p>Men de p\u00e5talar ocks\u00e5 att f\u00f6ryngringen har varit en 20-\u00e5rig process och hade sin b\u00f6rjan med att G\u00f6ran p\u00e5 90-talet inh\u00e4mtade kunskap fr\u00e5n Trolle-Ljungby gods om aktiv bokskogssk\u00f6tsel och f\u00f6rmedlade den i en modifierad form anpassad till lite svagare marker i norra Sk\u00e5nes privatskogsbruk. D\u00e4refter fick mark\u00e4garna b\u00e5de m\u00f6jlighet att f\u00f6lja med en buss till Trolle Ljungby och eller r\u00e5dgivning p\u00e5 fastigheten.<\/p>\n<p>Utvecklingen av metod f\u00f6r bokskogsf\u00f6ryngring i norra Sk\u00e5ne belyser G\u00f6rans vilja att s\u00e4tta sig in i den skogliga problematiken, men lika viktigt \u00e4r \u00e4ven ambitionen att d\u00e4refter l\u00e4gga upp en plan och g\u00f6ra det arbete som beh\u00f6vs f\u00f6r att uppn\u00e5 en verklig effekt med r\u00e5dgivningen.<\/p>\n<p>G\u00f6ran Garpinger \u00e4r en v\u00e4rdig mottagare av Sk\u00e5nska Dagbladets hederspris<\/p>\n","protected":false},"excerpt":{"rendered":"<p>Sk\u00e5nes Skogs- och Betesv\u00e5rdsf\u00f6renings hederspris 2019 tilldelas Carl von Frisendorff, Silv\u00e5kra, Veber\u00f6d Carl \u00e4r civilekonom och&nbsp; jur. kand. och har under sin yrkesverksamma &nbsp;tid jobbat i SE-Banken. Parallellt med jobbet har han ansvarat f\u00f6r Silv\u00e5krag\u00e5rdens sk\u00f6tsel sedan 1980 n\u00e4r han \u00f6vertog g\u00e5rden. Carl och hans hustru Elisabeth flyttade till g\u00e5rden 1995. Carl \u00f6vertog g\u00e5rden efter [&hellip;]<\/p>\n","protected":false},"author":6,"featured_media":0,"parent":55,"menu_order":0,"comment_status":"closed","ping_status":"closed","template":"","meta":[],"_links":{"self":[{"href":"https:\/\/skogobete.se\/index.php?rest_route=\/wp\/v2\/pages\/716"}],"collection":[{"href":"https:\/\/skogobete.se\/index.php?rest_route=\/wp\/v2\/pages"}],"about":[{"href":"https:\/\/skogobete.se\/index.php?rest_route=\/wp\/v2\/types\/page"}],"author":[{"embeddable":true,"href":"https:\/\/skogobete.se\/index.php?rest_route=\/wp\/v2\/users\/6"}],"replies":[{"embeddable":true,"href":"https:\/\/skogobete.se\/index.php?rest_route=%2Fwp%2Fv2%2Fcomments&post=716"}],"version-history":[{"count":4,"href":"https:\/\/skogobete.se\/index.php?rest_route=\/wp\/v2\/pages\/716\/revisions"}],"predecessor-version":[{"id":946,"href":"https:\/\/skogobete.se\/index.php?rest_route=\/wp\/v2\/pages\/716\/revisions\/946"}],"up":[{"embeddable":true,"href":"https:\/\/skogobete.se\/index.php?rest_route=\/wp\/v2\/pages\/55"}],"wp:attachment":[{"href":"https:\/\/skogobete.se\/index.php?rest_route=%2Fwp%2Fv2%2Fmedia&parent=716"}],"curies":[{"name":"wp","href":"https:\/\/api.w.org\/{rel}","templated":true}]}}