{"id":73,"date":"2014-11-11T23:29:32","date_gmt":"2014-11-11T22:29:32","guid":{"rendered":"http:\/\/skogobete.se\/?page_id=73"},"modified":"2014-11-11T23:32:45","modified_gmt":"2014-11-11T22:32:45","slug":"hederspriser-2011","status":"publish","type":"page","link":"https:\/\/skogobete.se\/?page_id=73","title":{"rendered":"Hederspriser 2011"},"content":{"rendered":"<p><strong class=\"mellanrubrik\">Pristagare till Sk\u00e5nska Dagbladets Hederspris 2011<\/strong><\/p>\n<p class=\"table\"><span class=\"table_fet\">Skogs\u00e4gare:<\/span> Goldy Ramklint<br \/>\n<span class=\"table_fet\">Fastighet:<\/span> Funderset 3:3, H\u00f6rby kommun.<\/p>\n<p class=\"table\">Fastigheten omfattar totalt 35 ha, varav 19 ha skog, 4 ha betesmark, 8 ha \u00e5kermark och 2 ha impediment.<\/p>\n<p class=\"table\">Skogsdelen av fastigheten best\u00e5r huvudsakligen av \u00e4dell\u00f6vskog med bok och inslag av ek samt relativt rikligt med avenbok. Goldy arbetar aktivt med att gynna eken och frihugga \u00e4ldre grova ekar samt att ljushugga f\u00f6r att f\u00e5 upp nya ekar. Tidigare planterades gran in i luckor i \u00e4dell\u00f6vskogsbest\u00e5nden. Under senare \u00e5r har denna gran avverkats f\u00f6r att ge m\u00f6jlighet till f\u00f6ryngring av ek i st\u00e4llet.<\/p>\n<p><span class=\"table\">Bok finns i olika \u00e5ldersklasser s\u00e5som, gammal bok i sk\u00e4rmst\u00e4llning som h\u00e5ller p\u00e5 att sj\u00e4lvf\u00f6ryngras, bok i gallringsfas samt yngre best\u00e5nd i olika r\u00f6jningsfaser.<br \/>\nBetesmarken p\u00e5 fastigheten har en rik flora s\u00e5som jungfrulin, kattfot, sl\u00e5ttergubbe, och svinrot. Betesmarken \u00e4r varierad med torrare backar med hedvegetation och ek. Ek d\u00e4r virkeskvalitet \u00e4r en del av m\u00e5let. Fuktigare \u00e4ngsmarker med blandskogsbryn av bl.a. bok, avenbok, b\u00e4rande och blommande tr\u00e4d och buskar. Denna del utg\u00f6r ett fint bryn med stor variation med v\u00e4xter s\u00e5som; hassel, hagtorn, h\u00e4gg, sl\u00e5n, r\u00f6nn, och vildapel, vilket gynnar m\u00e5nga arter (insekter,f\u00e5glar m.fl.) och naturv\u00e4rden.<\/span><\/p>\n<p><span class=\"table\">Goldy tillsammans med sin man Lars har alltid varit flitigare bes\u00f6kare p\u00e5 skogsdagar, skogskv\u00e4llar och kurser av skilda slag. Goldy \u00e4r ocks\u00e5 medlem i det kvinnliga n\u00e4tverket Spillkr\u00e5kan samt i Sk\u00e5nes Skogs- och Betesv\u00e5rdsf\u00f6rening.\u00a0\u00a0\u00a0\u00a0\u00a0\u00a0\u00a0\u00a0<\/span><\/p>\n<p class=\"table\">\n<hr \/>\n<p><strong class=\"mellanrubrik\">Skogs och Betesv\u00e5rdsf\u00f6reningens hederspris 2011.<\/strong><\/p>\n<p class=\"table\"><strong class=\"table_fet\">Lantbrukare:<\/strong> Ulf Vingren.<br \/>\n<span class=\"table_fet\">Fastighet:<\/span> Vasabygget 1:17 med flera i Perstorps kommun.<\/p>\n<p class=\"table\">Ulf har p\u00e5 ett f\u00f6red\u00f6mligt s\u00e4tt v\u00e5rdat och h\u00e5llit betesmarkerna \u00f6ppna i ett omr\u00e5de som till stor del \u00e4r bevuxet med barrskog. Detta omr\u00e5de utg\u00f6r den norra delen av Perstorps kommun och gr\u00e4nstrakterna i H\u00e4ssleholms kommun.<\/p>\n<p class=\"table\">Fastigheten best\u00e5r av 148 ha varav 55 ha \u00e4r skogsmark. Ulf arrenderar betesmark till sina kor p\u00e5 m\u00e5nga platser i omr\u00e5det och h\u00e5ller p\u00e5 s\u00e5 s\u00e4tt landskapet \u00f6ppet. Ulf har \u00e4gt fastigheten sedan 1974 och \u00e4r en aktiv och intresserad mark\u00e4gare och entrepren\u00f6r. Han \u00e4r \u00e4ven aktiv i LRF.<\/p>\n<p class=\"table\">Ulf \u00e4r mycket intresserad av naturv\u00e5rd och har bland annat en hasseldunge i betesmarken som \u00e4r mycket gammal, med l\u00e5ng kontinuitet. De gamla odlingsr\u00f6sena vittnar om att betesmarkerna har varit brukade under l\u00e5ng tid. Hassellunden \u00e4r i dag registrerad nyckelbiotop. P\u00e5 platsen finns tv\u00e5 grunder fr\u00e5n ett gammalt torp som revs p\u00e5 1800-talet. Det g\u00e5r rykten om att Perstorps senaste varg blev skjuten d\u00e4r.<br \/>\nN\u00e4r Ulf v\u00e4xte upp p\u00e5 g\u00e5rden s\u00e5 pratades det om att tomtarna h\u00f6ll till h\u00e4r. Vem vet?<\/p>\n<p>&nbsp;<\/p>\n","protected":false},"excerpt":{"rendered":"<p>Pristagare till Sk\u00e5nska Dagbladets Hederspris 2011 Skogs\u00e4gare: Goldy Ramklint Fastighet: Funderset 3:3, H\u00f6rby kommun. Fastigheten omfattar totalt 35 ha, varav 19 ha skog, 4 ha betesmark, 8 ha \u00e5kermark och 2 ha impediment. Skogsdelen av fastigheten best\u00e5r huvudsakligen av \u00e4dell\u00f6vskog med bok och inslag av ek samt relativt rikligt med avenbok. Goldy arbetar aktivt med [&hellip;]<\/p>\n","protected":false},"author":1,"featured_media":0,"parent":55,"menu_order":0,"comment_status":"closed","ping_status":"closed","template":"","meta":[],"_links":{"self":[{"href":"https:\/\/skogobete.se\/index.php?rest_route=\/wp\/v2\/pages\/73"}],"collection":[{"href":"https:\/\/skogobete.se\/index.php?rest_route=\/wp\/v2\/pages"}],"about":[{"href":"https:\/\/skogobete.se\/index.php?rest_route=\/wp\/v2\/types\/page"}],"author":[{"embeddable":true,"href":"https:\/\/skogobete.se\/index.php?rest_route=\/wp\/v2\/users\/1"}],"replies":[{"embeddable":true,"href":"https:\/\/skogobete.se\/index.php?rest_route=%2Fwp%2Fv2%2Fcomments&post=73"}],"version-history":[{"count":1,"href":"https:\/\/skogobete.se\/index.php?rest_route=\/wp\/v2\/pages\/73\/revisions"}],"predecessor-version":[{"id":74,"href":"https:\/\/skogobete.se\/index.php?rest_route=\/wp\/v2\/pages\/73\/revisions\/74"}],"up":[{"embeddable":true,"href":"https:\/\/skogobete.se\/index.php?rest_route=\/wp\/v2\/pages\/55"}],"wp:attachment":[{"href":"https:\/\/skogobete.se\/index.php?rest_route=%2Fwp%2Fv2%2Fmedia&parent=73"}],"curies":[{"name":"wp","href":"https:\/\/api.w.org\/{rel}","templated":true}]}}