{"id":737,"date":"2020-12-03T17:22:29","date_gmt":"2020-12-03T16:22:29","guid":{"rendered":"http:\/\/skogobete.se\/?page_id=737"},"modified":"2023-05-23T08:54:31","modified_gmt":"2023-05-23T06:54:31","slug":"hederspriser-2020","status":"publish","type":"page","link":"https:\/\/skogobete.se\/?page_id=737","title":{"rendered":"Hederspriser 2020"},"content":{"rendered":"<h2>Sk\u00e5nes Skogs- och Betesv\u00e5rdsf\u00f6renings hederspris\u00a02020<\/h2>\n<p>tilldelas<\/p>\n<p><strong>Roland Olsson, Skogsstyrelsen<a href=\"http:\/\/skogobete.se\/wp-content\/uploads\/2020\/12\/Skogobete-Roland.jpg\" rel=\"attachment wp-att-740\"><img loading=\"lazy\" class=\"size-medium wp-image-740 alignright\" src=\"http:\/\/skogobete.se\/wp-content\/uploads\/2020\/12\/Skogobete-Roland-197x300.jpg\" alt=\"Skogobete-Roland\" width=\"197\" height=\"300\" srcset=\"https:\/\/skogobete.se\/wp-content\/uploads\/2020\/12\/Skogobete-Roland-197x300.jpg 197w, https:\/\/skogobete.se\/wp-content\/uploads\/2020\/12\/Skogobete-Roland-768x1170.jpg 768w, https:\/\/skogobete.se\/wp-content\/uploads\/2020\/12\/Skogobete-Roland-672x1024.jpg 672w, https:\/\/skogobete.se\/wp-content\/uploads\/2020\/12\/Skogobete-Roland-624x951.jpg 624w, https:\/\/skogobete.se\/wp-content\/uploads\/2020\/12\/Skogobete-Roland.jpg 1284w\" sizes=\"(max-width: 197px) 100vw, 197px\" \/><\/a><\/strong><\/p>\n<p>Roland har varit f\u00f6reningens st\u00e4ndige sekreterare under c:a 40 \u00e5r. Detta \u00e4r en g\u00e4rning v\u00e4rd att komma ih\u00e5g och att bel\u00f6na med f\u00f6reningens hederspris.<\/p>\n<p>Roland b\u00f6rjade sin bana inom Skogsv\u00e5rdsstyrelsen och slutade \u00e5r 2014 och d\u00e5 heter f\u00f6retaget Skogsstyrelsen. I v\u00e5r f\u00f6rening har ett antal l\u00e4nsj\u00e4gm\u00e4stare varit ordf\u00f6rande under Rolands sekreterartid.<\/p>\n<p>Roland som sekreterare var ansvarig f\u00f6r att inf\u00f6rskaffa Tennfaten vilka tidigare utgjorde heders-priserna. Numera \u00e4r det sk\u00e4rbr\u00e4dor av svensk bok som utdelas och tillverkare \u00e4r snickare Nils Olsson, S\u00e4lsh\u00f6g vid Tomelilla i Sk\u00e5ne.<\/p>\n<p>Roland bor i Malm\u00f6 men \u00e4ger \u00e4ven en skogsfastighet i S\u00e4tar\u00f6d p\u00e5 30 ha med blandskog d\u00e4r \u00e4ven en damm ing\u00e5r. Roland \u00e4r f\u00f6dd 1948.\u00a0Roland \u00e4r en lugn och saklig person som inger f\u00f6rtroende, och han var en perfekt sekreterare med full kontroll p\u00e5 Skogs- och Betesv\u00e5rdsf\u00f6reningens kallelser, protokoll och inte minst p\u00e5 alla pristagarna fr\u00e5n f\u00f6reningens b\u00f6rjan. Se hemsidan.<\/p>\n<p>40 \u00e5r \u00e4r en l\u00e5ng tid att axla ett uppdrag, d\u00e4rf\u00f6r \u00e4r Roland en v\u00e4rdig\u00a0mottagare av Sk\u00e5nes Skogs- och Betesv\u00e5rdsf\u00f6renings hederspris.<\/p>\n<h2>Pristagare Sk\u00e5nska Dagbladets hederspris 2020<\/h2>\n<p>tilldelas<\/p>\n<p><strong>Lina och David Lindegren, Sinarp<a href=\"http:\/\/skogobete.se\/wp-content\/uploads\/2020\/12\/Skogobete-Linden.jpg\" rel=\"attachment wp-att-741\"><img loading=\"lazy\" class=\"size-medium wp-image-741 alignright\" src=\"http:\/\/skogobete.se\/wp-content\/uploads\/2020\/12\/Skogobete-Linden-199x300.jpg\" alt=\"Skogobete-Linden\" width=\"199\" height=\"300\" srcset=\"https:\/\/skogobete.se\/wp-content\/uploads\/2020\/12\/Skogobete-Linden-199x300.jpg 199w, https:\/\/skogobete.se\/wp-content\/uploads\/2020\/12\/Skogobete-Linden-768x1159.jpg 768w, https:\/\/skogobete.se\/wp-content\/uploads\/2020\/12\/Skogobete-Linden-678x1024.jpg 678w, https:\/\/skogobete.se\/wp-content\/uploads\/2020\/12\/Skogobete-Linden-624x942.jpg 624w, https:\/\/skogobete.se\/wp-content\/uploads\/2020\/12\/Skogobete-Linden.jpg 942w\" sizes=\"(max-width: 199px) 100vw, 199px\" \/><\/a><\/strong><\/p>\n<p>2004 blev mil\u00f6m\u00e5lsstrategen David och landskapsarkitekten Lina lantbrukare. I den vackra Sinarpsdalen driver sedan dess paret Lindegren lantbruket. Landsbygdsf\u00f6retaget, som drivs ekologiskt, brukar idag ca 110 ha d\u00e4r 40 ha utg\u00f6r bete. Bete, ofta med h\u00f6g naturv\u00e4rden, sk\u00f6ts av ett trettiotal dikor av rasen r\u00f6dkulla och fj\u00e4llko med en vakande och st\u00f6djande hand fr\u00e5n lantbrukarparet. Lindegrens n\u00f6tkreatur f\u00f6ds upp p\u00e5 gr\u00e4s och \u00e4r inte bara k\u00e4nda f\u00f6r sitt lantbruk utan \u00e4ven f\u00f6r sin vidaref\u00f6r\u00e4dling. Lindegrens driver eget slakteri d\u00e4r b\u00e5de g\u00e5rdens djur och samarbetspartners djurh\u00e5llning tas om hand. Inte nog med detta, k\u00f6ttet f\u00f6r\u00e4dlas sedan vidare i Lindegrens chark. G\u00e5rdens produkter, som s\u00e4ljs i deras g\u00e5rdsbutik, har f\u00e5tt flera h\u00f6ggastronomiska priser. F\u00f6retaget \u00e4r i st\u00e4ndig utveckling och st\u00e5r i startgroparna, rent faktiskt \u00e4r det just nu m\u00e5nga gropar runt g\u00e5rdsbyggnaderna, f\u00f6r n\u00e4sta steg. \u00d6ka djurh\u00e5llningen och \u00f6ka f\u00f6r\u00e4dlingsgraden att \u00e4ven i st\u00f6rre omfattning kunna erbjuda upplevelser.<\/p>\n<p>Paret Lindegren visar tydligt att en \u00e4rvd g\u00e5rd inte \u00e4r en n\u00f6dv\u00e4ndig f\u00f6ruts\u00e4ttning f\u00f6r att idag starta ett betesjordbruk. Och de visar inte bara att det \u00e4r m\u00f6jligt utan \u00e4r ocks\u00e5 en annonspelare f\u00f6r sk\u00e5nsk landskapsf\u00f6rvaltning och lokal matproduktion p\u00e5 h\u00f6g niv\u00e5. N\u00e4r man bes\u00f6ker g\u00e5rden f\u00f6rst\u00e5r man den h\u00f6ga ambitionen och att inget l\u00e4mnas \u00e5t slumpen. Fr\u00e5n kalvens bete och livsmilj\u00f6 till den eminenta bj\u00e4riska bresolan lyser ett tydligt engagemang. Ett engagemang f\u00f6r en l\u00e5ngsiktigt h\u00e5llbar f\u00f6rvaltning av g\u00e5rdens naturresurser OCH f\u00f6r att ta fram h\u00f6gkvalitativ sk\u00e5nska k\u00f6ttprodukter.<\/p>\n<p>Lina och David Lindegren \u00e4r v\u00e4rdiga mottagare av Sk\u00e5nska Dagbladets hederspris!<\/p>\n","protected":false},"excerpt":{"rendered":"<p>Sk\u00e5nes Skogs- och Betesv\u00e5rdsf\u00f6renings hederspris\u00a02020 tilldelas Roland Olsson, Skogsstyrelsen Roland har varit f\u00f6reningens st\u00e4ndige sekreterare under c:a 40 \u00e5r. Detta \u00e4r en g\u00e4rning v\u00e4rd att komma ih\u00e5g och att bel\u00f6na med f\u00f6reningens hederspris. Roland b\u00f6rjade sin bana inom Skogsv\u00e5rdsstyrelsen och slutade \u00e5r 2014 och d\u00e5 heter f\u00f6retaget Skogsstyrelsen. I v\u00e5r f\u00f6rening har ett antal l\u00e4nsj\u00e4gm\u00e4stare [&hellip;]<\/p>\n","protected":false},"author":6,"featured_media":0,"parent":55,"menu_order":0,"comment_status":"closed","ping_status":"closed","template":"","meta":[],"_links":{"self":[{"href":"https:\/\/skogobete.se\/index.php?rest_route=\/wp\/v2\/pages\/737"}],"collection":[{"href":"https:\/\/skogobete.se\/index.php?rest_route=\/wp\/v2\/pages"}],"about":[{"href":"https:\/\/skogobete.se\/index.php?rest_route=\/wp\/v2\/types\/page"}],"author":[{"embeddable":true,"href":"https:\/\/skogobete.se\/index.php?rest_route=\/wp\/v2\/users\/6"}],"replies":[{"embeddable":true,"href":"https:\/\/skogobete.se\/index.php?rest_route=%2Fwp%2Fv2%2Fcomments&post=737"}],"version-history":[{"count":5,"href":"https:\/\/skogobete.se\/index.php?rest_route=\/wp\/v2\/pages\/737\/revisions"}],"predecessor-version":[{"id":826,"href":"https:\/\/skogobete.se\/index.php?rest_route=\/wp\/v2\/pages\/737\/revisions\/826"}],"up":[{"embeddable":true,"href":"https:\/\/skogobete.se\/index.php?rest_route=\/wp\/v2\/pages\/55"}],"wp:attachment":[{"href":"https:\/\/skogobete.se\/index.php?rest_route=%2Fwp%2Fv2%2Fmedia&parent=737"}],"curies":[{"name":"wp","href":"https:\/\/api.w.org\/{rel}","templated":true}]}}