{"id":91,"date":"2014-11-11T23:41:23","date_gmt":"2014-11-11T22:41:23","guid":{"rendered":"http:\/\/skogobete.se\/?page_id=91"},"modified":"2014-11-11T23:41:36","modified_gmt":"2014-11-11T22:41:36","slug":"hederspriser-2013","status":"publish","type":"page","link":"https:\/\/skogobete.se\/?page_id=91","title":{"rendered":"Hederspriser 2013"},"content":{"rendered":"<p class=\"mellanrubrik\"><strong>Pristagare Sk\u00e5nes Skogs- och Betesv\u00e5rdsf\u00f6reningen hederspris 2013.<\/strong><\/p>\n<p class=\"table\">Namn: Susanna och Sten Gyllenstierna<\/p>\n<p class=\"table\">Adress: Bj\u00e4rsg\u00e5rd 1114, 264 91 Klippan.<\/p>\n<p class=\"table\">\u00c4gare till fastigheten Bj\u00e4rsg\u00e5rd 3:29 i Klippans kommun.<\/p>\n<p class=\"table\">Areal p\u00e5 innehavet enligt taxeringsuppgifter: Skogsmark: 1361 ha, \u00e5ker 341 ha samt 368 ha betesmark.<\/p>\n<p class=\"table\">\n<span class=\"table_fet\">Motivering:<\/span><\/p>\n<p class=\"table\">Sten Gyllenstierna som \u00e4r \u00e4gare till fastigheten Bj\u00e4rsg\u00e5rd 3:29 i Klippans kommun har p\u00e5 ett f\u00f6red\u00f6mligt s\u00e4tt f\u00f6rvaltat och bevarat b\u00e5de natur och kulturv\u00e4rdena strax utanf\u00f6r Klippan. Fastigheten ligger n\u00e4ra Klippans centrum och skogsmarkerna brukas flitigt av allm\u00e4nheten f\u00f6r promenader, joggning och svampplockning. Det \u00f6ppna vackra landskapet med betande kor och stora gamla ekar syns fr\u00e5n stora delar Klippan. Sten har de senaste 10 \u00e5ren byggt ut stallarna och satsat stort p\u00e5 mj\u00f6lkkor. Betesdriften gynnar \u00e4ven den biologiska m\u00e5ngfalden. Sten har haft \u00f6ppet f\u00f6r allm\u00e4nheten vid det s\u00e5 kallade kosl\u00e4ppet p\u00e5 v\u00e5ren n\u00e4r de glada kossorna f\u00e5r komma ut p\u00e5 gr\u00f6nbetet. Detta har m\u00e5nga barn fr\u00e5n trakten uppskattat.<\/p>\n<p class=\"table\">Sten har ocks\u00e5 skyddat v\u00e4rdefulla ekhagmarker med m\u00e5nghundra\u00e5riga ekar f\u00f6r framtiden.<\/p>\n<p class=\"table\">Stens engagemang f\u00f6r b\u00e5de djur och natur \u00e4r v\u00e4l v\u00e4rt att premiera.<\/p>\n<p class=\"table\">F\u00f6rslagsst\u00e4llare: Fredrik Broberg<\/p>\n<hr \/>\n<p class=\"mellanrubrik\"><strong>Pristagare Sk\u00e5nska Dagbladets hederspris 2013.<\/strong><\/p>\n<p class=\"table\">Bengt J\u00f6nsson, Harphult 1:2 och 3:2, H\u00f6rby kommun.<\/p>\n<p class=\"table\">Fastighetsarealen utg\u00f6r 110,5 ha varav 53 ha utg\u00f6rs av skog. Fastigheten omfattar jordbruk, djurh\u00e5llning och skogsbruk.<\/p>\n<p class=\"table_fet\">Motivering:<\/p>\n<p class=\"table\">Den egna verksamheten i skogen omfattar fr\u00e4mst gallring, r\u00f6jning och vedhuggning. I viss omfattning tas extern hj\u00e4lp vid gallring och slutavverkning i gran.<\/p>\n<p class=\"table\">Skogen \u00e4r varierad och best\u00e5r av gran, bok, ek, al och bj\u00f6rk. Skogen \u00e4r varierad och best\u00e5r av best\u00e5nd med skilda tr\u00e4dslag i olika \u00e5ldrar. Vi hittar r\u00f6jningsbest\u00e5nd av gran, \u00e4ldre bok med nyligen initierad f\u00f6ryngring. H\u00e4r finns ocks\u00e5 tr\u00e4dkl\u00e4dda betesmarker med h\u00f6ga v\u00e4rden. P\u00e5 fastigheten finns avsatt 3 biotopskydd med total areal 2,8 ha. Biotopskydden utg\u00f6rs av alk\u00e4rr med fina sockelbildningar Aktuella omr\u00e5den har rikligt med d\u00f6d ved och tr\u00e4d med h\u00e5ligheter som gynnar f\u00e5gel- och insektsliv. Ett av k\u00e4rren ing\u00e5r i en betesmark d\u00e4r det p\u00e5 de torrare delarna finns enbuskar och stora vidkroniga bokar. Ett skogsbruk d\u00e4r virkesproduktion f\u00f6r eget bruk och f\u00f6rs\u00e4ljning finns samtidigt som naturv\u00e4rden f\u00e5r ta plats och bevaras.<\/p>\n<p class=\"table\">F\u00f6rslagsst\u00e4llare: Elisabeth Arvidsson.<\/p>\n<p class=\"table\">&#8212;&#8212;&#8212;&#8212;&#8212;&#8212;&#8212;&#8212;&#8212;&#8212;&#8212;&#8212;&#8212;&#8212;&#8212;&#8211;<\/p>\n<p class=\"table\"><span class=\"table_fet\">Susanna<\/span> och <span class=\"table_fet\">Sten Gyllenstierna<\/span> samt <span class=\"table_fet\">Bengt J\u00f6nsson<\/span> \u00e4r b\u00e5da v\u00e4rdiga mottagare av Sk\u00e5nes Skogs- och Betesv\u00e5rdsf\u00f6renings hederspris samt Sk\u00e5nska Dagbladets.<\/p>\n<p class=\"table\">Carl von Friesendorff<br \/>\nF\u00f6reningens ordf\u00f6rande:<\/p>\n<p>&nbsp;<\/p>\n","protected":false},"excerpt":{"rendered":"<p>Pristagare Sk\u00e5nes Skogs- och Betesv\u00e5rdsf\u00f6reningen hederspris 2013. Namn: Susanna och Sten Gyllenstierna Adress: Bj\u00e4rsg\u00e5rd 1114, 264 91 Klippan. \u00c4gare till fastigheten Bj\u00e4rsg\u00e5rd 3:29 i Klippans kommun. Areal p\u00e5 innehavet enligt taxeringsuppgifter: Skogsmark: 1361 ha, \u00e5ker 341 ha samt 368 ha betesmark. Motivering: Sten Gyllenstierna som \u00e4r \u00e4gare till fastigheten Bj\u00e4rsg\u00e5rd 3:29 i Klippans kommun har [&hellip;]<\/p>\n","protected":false},"author":1,"featured_media":0,"parent":55,"menu_order":0,"comment_status":"closed","ping_status":"closed","template":"","meta":[],"_links":{"self":[{"href":"https:\/\/skogobete.se\/index.php?rest_route=\/wp\/v2\/pages\/91"}],"collection":[{"href":"https:\/\/skogobete.se\/index.php?rest_route=\/wp\/v2\/pages"}],"about":[{"href":"https:\/\/skogobete.se\/index.php?rest_route=\/wp\/v2\/types\/page"}],"author":[{"embeddable":true,"href":"https:\/\/skogobete.se\/index.php?rest_route=\/wp\/v2\/users\/1"}],"replies":[{"embeddable":true,"href":"https:\/\/skogobete.se\/index.php?rest_route=%2Fwp%2Fv2%2Fcomments&post=91"}],"version-history":[{"count":1,"href":"https:\/\/skogobete.se\/index.php?rest_route=\/wp\/v2\/pages\/91\/revisions"}],"predecessor-version":[{"id":92,"href":"https:\/\/skogobete.se\/index.php?rest_route=\/wp\/v2\/pages\/91\/revisions\/92"}],"up":[{"embeddable":true,"href":"https:\/\/skogobete.se\/index.php?rest_route=\/wp\/v2\/pages\/55"}],"wp:attachment":[{"href":"https:\/\/skogobete.se\/index.php?rest_route=%2Fwp%2Fv2%2Fmedia&parent=91"}],"curies":[{"name":"wp","href":"https:\/\/api.w.org\/{rel}","templated":true}]}}