{"id":953,"date":"2025-06-24T08:48:21","date_gmt":"2025-06-24T06:48:21","guid":{"rendered":"https:\/\/skogobete.se\/?page_id=953"},"modified":"2025-06-24T08:48:21","modified_gmt":"2025-06-24T06:48:21","slug":"2025-2","status":"publish","type":"page","link":"https:\/\/skogobete.se\/?page_id=953","title":{"rendered":"2025"},"content":{"rendered":"\n<h2>\u00c5rsm\u00f6tet den 21 maj 2025 p\u00e5 Jeppsons loge, Brunkelstorp Osby<\/h2>\n\n\n<p><a href=\"http:\/\/skogobete.se\/wp-content\/uploads\/2025\/06\/Protokoll-arsmote-2025-05-21.pdf\">Protokoll \u00e5rsm\u00f6te<\/a><\/p>","protected":false},"excerpt":{"rendered":"<p>\u00c5rsm\u00f6tet den 21 maj 2025 p\u00e5 Jeppsons loge, Brunkelstorp Osby Protokoll \u00e5rsm\u00f6te<\/p>\n","protected":false},"author":6,"featured_media":0,"parent":161,"menu_order":0,"comment_status":"closed","ping_status":"closed","template":"","meta":[],"_links":{"self":[{"href":"https:\/\/skogobete.se\/index.php?rest_route=\/wp\/v2\/pages\/953"}],"collection":[{"href":"https:\/\/skogobete.se\/index.php?rest_route=\/wp\/v2\/pages"}],"about":[{"href":"https:\/\/skogobete.se\/index.php?rest_route=\/wp\/v2\/types\/page"}],"author":[{"embeddable":true,"href":"https:\/\/skogobete.se\/index.php?rest_route=\/wp\/v2\/users\/6"}],"replies":[{"embeddable":true,"href":"https:\/\/skogobete.se\/index.php?rest_route=%2Fwp%2Fv2%2Fcomments&post=953"}],"version-history":[{"count":1,"href":"https:\/\/skogobete.se\/index.php?rest_route=\/wp\/v2\/pages\/953\/revisions"}],"predecessor-version":[{"id":958,"href":"https:\/\/skogobete.se\/index.php?rest_route=\/wp\/v2\/pages\/953\/revisions\/958"}],"up":[{"embeddable":true,"href":"https:\/\/skogobete.se\/index.php?rest_route=\/wp\/v2\/pages\/161"}],"wp:attachment":[{"href":"https:\/\/skogobete.se\/index.php?rest_route=%2Fwp%2Fv2%2Fmedia&parent=953"}],"curies":[{"name":"wp","href":"https:\/\/api.w.org\/{rel}","templated":true}]}}